{"id":3696,"date":"2020-09-22T18:42:11","date_gmt":"2020-09-22T16:42:11","guid":{"rendered":"https:\/\/dev.octa.ee\/huntloc\/toode\/koera-jalgimisseade-hlt-4-5\/"},"modified":"2026-01-28T12:33:38","modified_gmt":"2026-01-28T10:33:38","slug":"sunu-izsekosanas-ierice-hlt-4-5","status":"publish","type":"product","link":"https:\/\/huntloc.com\/lv\/produktu\/sunu-izsekosanas-ierice-hlt-4-5\/","title":{"rendered":"Izsekot\u0101js HLT-4.5 maziem su\u0146iem"},"content":{"rendered":"<h5>Izseko\u0161anas ier\u012bce HLT-4.5 ir paredz\u0113ta mazo \u0161\u0137ir\u0146u med\u012bbu su\u0146iem, piem\u0113ram, taksim, terjeram. T\u0101 ir maza un viegla.<\/h5>\n<hr \/>\n<p><span style=\"color: #000000;\"><span style=\"font-family: Montserrat;\"><span style=\"font-size: medium;\">Huntloc ir su\u0146u izseko\u0161anas ier\u012bce re\u0101llaik\u0101, kas izmanto mobilo datu (GSM) un GPS savienojumus. L\u012bdz ar to, vienm\u0113r tiek nor\u0101d\u012bta prec\u012bza su\u0146a atra\u0161an\u0101s vieta dab\u0101. Papildus t\u0101 sniedz lielisku p\u0101rskatu par su\u0146a aktivit\u0101t\u0113m, veikto ce\u013cu un atra\u0161an\u0101s vietu ne tikai pa\u0161am saimniekam, bet gan ar\u012b p\u0101r\u0113jiem medniekiem med\u012bbu laik\u0101. <\/span><\/span><\/span><\/p>\n<p><span style=\"color: #000000;\"><span style=\"font-family: Montserrat;\"><span style=\"font-size: medium;\"><span lang=\"lv-LV\">Izseko\u0161anas ier\u012bc\u0113 ir ieb\u016bv\u0113ta Igaunijas mobilo sakaru operatora <\/span><\/span><\/span><\/span><em><span style=\"color: #000000;\"><span style=\"font-family: Montserrat;\"><span style=\"font-size: medium;\"><span lang=\"lv-LV\">Telia<\/span><\/span><\/span><\/span><\/em><span style=\"color: #000000;\"><span style=\"font-family: Montserrat;\"><span style=\"font-size: medium;\"><span lang=\"lv-LV\"> SIM karte, kas nodro\u0161ina p\u0101rkl\u0101jumu vis\u0101 Eirop\u0101. Ier\u012bcei nav att\u0101luma ierobe\u017eojuma un to var iesl\u0113gt no lielas distances, t\u016bksto\u0161iem kilometru liela att\u0101luma, un sekot l\u012bdzi su\u0146a aktivit\u0101t\u0113m. Viss, kas nepiecie\u0161ams su\u0146a uzraudz\u012bbai un ier\u012bces p\u0101rvald\u012b\u0161anai, ir viedt\u0101lrunis! Huntloc su\u0146<\/span><\/span><\/span><\/span><span style=\"color: #000000;\"><span style=\"font-family: Montserrat;\"><span style=\"font-size: medium;\"><span lang=\"lv-LV\">u<\/span><\/span><\/span><\/span><span style=\"color: #000000;\"><span style=\"font-family: Montserrat;\"><span style=\"font-size: medium;\"><span lang=\"lv-LV\"> izseko<\/span><\/span><\/span><\/span><span style=\"color: #000000;\"><span style=\"font-family: Montserrat;\"><span style=\"font-size: medium;\"><span lang=\"lv-LV\">\u0161anas ier\u012bce<\/span><\/span><\/span><\/span><span style=\"color: #000000;\"><span style=\"font-family: Montserrat;\"><span style=\"font-size: medium;\"><span lang=\"lv-LV\"> sniegs jums dro\u0161\u012bbas saj\u016btu, ka suns med\u012bbu laik\u0101 nepazud\u012bs. <\/span><\/span><\/span><\/span><\/p>\n<p><span style=\"color: #000000;\"><span style=\"font-family: Montserrat;\"><span style=\"font-size: medium;\">Papildus su\u0146a uzraudz\u012bbai, j\u016bs varat veikt zvanus uz ier\u012bci un klaus\u012bties su\u0146a darb\u012bbas vai ar\u012b dot balss komandas, jo t\u0101 ir apr\u012bkota ar ska\u013cruni un mikrofonu. Efekt\u012bv\u0101kai su\u0146a uzraudz\u012bbai ikdien\u0101, Huntloc aplik\u0101cij\u0101 j\u016bs varat uzst\u0101d\u012bt virtu\u0101lo \u017eogu sev v\u0113lam\u0101 r\u0101dius\u0101 un teritorij\u0101. Uzst\u0101dot virtu\u0101lo \u017eogu, j\u016bs sa\u0146emiet pazi\u0146ojumus, kad suns \u0161\u0137\u0113rsos dro\u0161o zonu un atgriez\u012bsies taj\u0101.\u00a0\u00a0<\/span><\/span><\/span><\/p>\n<p><span style=\"color: #000000;\"><span style=\"font-family: Montserrat;\"><span style=\"font-size: medium;\">Ier\u012bces korpuss ir izgatavots no iztur\u012bga materi\u0101la. Tam nav atveru vai pogu, l\u012bdz ar to nodro\u0161inot, ka t\u0101 ir \u016bdensiztur\u012bga un putek\u013cu dro\u0161a. <a href=\"https:\/\/huntloc.com\/lv\/suna-izsekosanas-ierice\/\">Par t\u0101s darb\u012bbu v\u0113sta 3 sign\u0101llampi\u0146as<\/a>. <\/span><\/span><\/span><\/p>\n<p><span style=\"color: #000000;\"><span style=\"font-family: Montserrat;\"><span style=\"font-size: medium;\">Su\u0146u izseko\u0161anas ier\u012bce akt\u012bv\u0101 izseko\u0161anas re\u017e\u012bm\u0101 darbojas 24h, bet gaid\u012b\u0161anas re\u017e\u012bm\u0101 ier\u012bce darbojas l\u012bdz tr\u012bs ned\u0113\u013c\u0101m.<\/span><\/span><\/span><\/p>\n<p><strong>Cen\u0101 ietilpst<\/strong>: izsekot\u0101js, su\u0146u kakla siksna (S izm\u0113rs), bezvadu l\u0101d\u0113t\u0101js, interneta piesl\u0113gums izsekot\u0101jam uz vienu gadu, Huntloc lietotnes licence uz vienu gadu.<\/p>\n<div class=\"video-responsive\"> <iframe loading=\"lazy\"  id=\"_ytid_32653\"  width=\"800\" height=\"450\"  data-origwidth=\"800\" data-origheight=\"450\" src=\"https:\/\/www.youtube.com\/embed\/hmYMUYzDnrw?enablejsapi=1&autoplay=0&cc_load_policy=0&cc_lang_pref=&iv_load_policy=1&loop=0&rel=1&fs=1&playsinline=0&autohide=2&theme=dark&color=red&controls=1&disablekb=0&\" class=\"__youtube_prefs__  no-lazyload\" title=\"YouTube player\"  allow=\"fullscreen; accelerometer; autoplay; clipboard-write; encrypted-media; gyroscope; picture-in-picture; web-share\" referrerpolicy=\"strict-origin-when-cross-origin\" allowfullscreen data-no-lazy=\"1\" data-skipgform_ajax_framebjll=\"\"><\/iframe> <\/div>\n<hr \/>\n<p><strong>Izmaksas no n\u0101kam\u0101 gada<\/strong>:<\/p>\n<p>Interneta piesl\u0113gums izsekot\u0101jam 36 EUR (gad\u0101)<\/p>\n<p>Huntloc lietotnes licence 25.00 EUR (gad\u0101)<\/p>\n<hr \/>\n<div class=\"video-responsive\"> <iframe loading=\"lazy\"  id=\"_ytid_77177\"  width=\"800\" height=\"450\"  data-origwidth=\"800\" data-origheight=\"450\" src=\"https:\/\/www.youtube.com\/embed\/Ew6jPZlL4wE?enablejsapi=1&autoplay=0&cc_load_policy=0&cc_lang_pref=&iv_load_policy=1&loop=0&rel=1&fs=1&playsinline=0&autohide=2&theme=dark&color=red&controls=1&disablekb=0&\" class=\"__youtube_prefs__  no-lazyload\" title=\"YouTube player\"  allow=\"fullscreen; accelerometer; autoplay; clipboard-write; encrypted-media; gyroscope; picture-in-picture; web-share\" referrerpolicy=\"strict-origin-when-cross-origin\" allowfullscreen data-no-lazy=\"1\" data-skipgform_ajax_framebjll=\"\"><\/iframe> <\/div>\n<p>Ja v\u0113laties uzraudz\u012bt savu suni tikai m\u0101j\u0101s, tad apl\u016bkojiet m\u016bsu <a href=\"https:\/\/doglo.eu\/lv\/\">Doglo uzraudz\u012bbas risin\u0101jumu m\u0101jas su\u0146iem!<\/a><\/p>\n<hr \/>\n<p><strong><span style=\"color: #ff6600;\"><b>PAPILDU INFORM\u0100CIJA<\/b><\/span><\/strong><strong><span style=\"color: #ff6600;\">:<\/span><\/strong><\/p>\n<ul>\n<li>GSM: Ieb\u016bv\u0113ta SIM karte (Telia), 2G, viesabon\u0113\u0161ana vis\u0101 ES<\/li>\n<li><em>Satel\u012bti: GPS, GLONASS, GALILEO, SBAS, BeiDou, IMES, QZSS\u00a0<\/em><\/li>\n<li><em><i>Ieb\u016bv\u0113ts<\/i><\/em><em> mikrofons un ska\u013crunis<\/em><\/li>\n<li><em>Sign\u0101llampi\u0146as ier\u012bces darba st\u0101vok\u013ca noteik\u0161anai: 3 LED Sarkana (uzl\u0101de), zila (GPS), za\u013ca (GSM)\u00a0<\/em><\/li>\n<li><em>\u016adens un putek\u013cu iztur\u012bgs (IP68)<\/em><\/li>\n<li><em>Qi bezvadu uzl\u0101de<\/em><\/li>\n<li><em>Baterija: 1500 mAh<\/em><\/li>\n<li><em>Darb\u012bbas laiks akt\u012bv\u0101 izseko\u0161an\u0101: 24h<\/em><\/li>\n<li><em>Izm\u0113rs: 86 x 43 x 24 mm<\/em><\/li>\n<li><em>Svars: 76g<\/em><\/li>\n<li><em>Kakla siksnas garums:\u00a0 45 cm, Svars 44 g<\/em><\/li>\n<\/ul>\n<p><strong>Garantija izsekot\u0101jam 2 gadi.<\/strong><\/p>\n<p><strong><span style=\"color: #ff6600;\">Huntloc izseko\u0161anas ier\u012bce ir izstr\u0101d\u0101ta un ra\u017eota Igaunij\u0101.<\/span><\/strong><\/p>\n<hr \/>\n<p>+371 22313258<\/p>\n","protected":false},"excerpt":{"rendered":"<p>Med\u012bbu su\u0146u izseko\u0161anas ier\u012bce mazo su\u0146u \u0161\u0137irn\u0113m, piem\u0113ram, tak\u0161iem un terjeriem. T\u0101 ir maza un viegla. Ier\u012bce izmanto mobilo p\u0101rkl\u0101jumu, un tai nav att\u0101luma ierobe\u017eojumu. Lai izsekotu savu suni, jums ir nepiecie\u0161ams tikai viedt\u0101lrunis.<\/p>\n","protected":false},"featured_media":10044,"template":"","meta":{"om_disable_all_campaigns":false,"_monsterinsights_skip_tracking":false,"_monsterinsights_sitenote_active":false,"_monsterinsights_sitenote_note":"","_monsterinsights_sitenote_category":0,"_uf_show_specific_survey":0,"_uf_disable_surveys":false},"product_cat":[104],"product_tag":[],"acf":[],"aioseo_notices":[],"yoast_head":"<!-- This site is optimized with the Yoast SEO plugin v22.7 - https:\/\/yoast.com\/wordpress\/plugins\/seo\/ -->\n<title>Su\u0146u izseko\u0161anas ier\u012bce HLT-4.5 &#8212; Med\u012bbu lietotne &quot;Huntloc&quot;<\/title>\n<meta name=\"description\" content=\"Su\u0146u GPS izseko\u0161anas ier\u012bce HLT-4.5 ir piem\u0113rota mazo med\u012bbu \u0161\u0137irnes su\u0146iem (taksis). Izsekot\u0101js nor\u0101da prec\u012bzu su\u0146a atra\u0161an\u0101s vietu dab\u0101.\" \/>\n<meta name=\"robots\" content=\"index, follow, max-snippet:-1, max-image-preview:large, max-video-preview:-1\" \/>\n<link rel=\"canonical\" href=\"https:\/\/huntloc.com\/lv\/produktu\/sunu-izsekosanas-ierice-hlt-4-5\/\" \/>\n<meta property=\"og:locale\" content=\"lv_LV\" \/>\n<meta property=\"og:type\" content=\"article\" \/>\n<meta property=\"og:title\" content=\"Su\u0146u izseko\u0161anas ier\u012bce HLT-4.5 &#8212; Med\u012bbu lietotne &quot;Huntloc&quot;\" \/>\n<meta property=\"og:description\" content=\"Su\u0146u GPS izseko\u0161anas ier\u012bce HLT-4.5 ir piem\u0113rota mazo med\u012bbu \u0161\u0137irnes su\u0146iem (taksis). Izsekot\u0101js nor\u0101da prec\u012bzu su\u0146a atra\u0161an\u0101s vietu dab\u0101.\" \/>\n<meta property=\"og:url\" content=\"https:\/\/huntloc.com\/lv\/produktu\/sunu-izsekosanas-ierice-hlt-4-5\/\" \/>\n<meta property=\"og:site_name\" content=\"Med\u012bbu lietotne &quot;Huntloc&quot;\" \/>\n<meta property=\"article:publisher\" content=\"https:\/\/www.facebook.com\/huntloc.et\/\" \/>\n<meta property=\"article:modified_time\" content=\"2026-01-28T10:33:38+00:00\" \/>\n<meta property=\"og:image\" content=\"https:\/\/huntloc.com\/wp-content\/uploads\/2020\/09\/1631603204851-scaled.jpg\" \/>\n\t<meta property=\"og:image:width\" content=\"2560\" \/>\n\t<meta property=\"og:image:height\" content=\"1607\" \/>\n\t<meta property=\"og:image:type\" content=\"image\/jpeg\" \/>\n<meta name=\"twitter:card\" content=\"summary_large_image\" \/>\n<meta name=\"twitter:site\" content=\"@HuntlocApp\" \/>\n<meta name=\"twitter:label1\" content=\"Est. reading time\" \/>\n\t<meta name=\"twitter:data1\" content=\"2 minutes\" \/>\n<script type=\"application\/ld+json\" class=\"yoast-schema-graph\">{\"@context\":\"https:\/\/schema.org\",\"@graph\":[{\"@type\":\"WebPage\",\"@id\":\"https:\/\/huntloc.com\/lv\/produktu\/sunu-izsekosanas-ierice-hlt-4-5\/\",\"url\":\"https:\/\/huntloc.com\/lv\/produktu\/sunu-izsekosanas-ierice-hlt-4-5\/\",\"name\":\"Su\u0146u izseko\u0161anas ier\u012bce HLT-4.5 &#8212; Med\u012bbu lietotne &quot;Huntloc&quot;\",\"isPartOf\":{\"@id\":\"https:\/\/huntloc.com\/et\/#website\"},\"primaryImageOfPage\":{\"@id\":\"https:\/\/huntloc.com\/lv\/produktu\/sunu-izsekosanas-ierice-hlt-4-5\/#primaryimage\"},\"image\":{\"@id\":\"https:\/\/huntloc.com\/lv\/produktu\/sunu-izsekosanas-ierice-hlt-4-5\/#primaryimage\"},\"thumbnailUrl\":\"https:\/\/huntloc.com\/wp-content\/uploads\/2020\/09\/1631603204851-scaled.jpg\",\"datePublished\":\"2020-09-22T16:42:11+00:00\",\"dateModified\":\"2026-01-28T10:33:38+00:00\",\"description\":\"Su\u0146u GPS izseko\u0161anas ier\u012bce HLT-4.5 ir piem\u0113rota mazo med\u012bbu \u0161\u0137irnes su\u0146iem (taksis). Izsekot\u0101js nor\u0101da prec\u012bzu su\u0146a atra\u0161an\u0101s vietu dab\u0101.\",\"breadcrumb\":{\"@id\":\"https:\/\/huntloc.com\/lv\/produktu\/sunu-izsekosanas-ierice-hlt-4-5\/#breadcrumb\"},\"inLanguage\":\"lv-LV\",\"potentialAction\":[{\"@type\":\"ReadAction\",\"target\":[\"https:\/\/huntloc.com\/lv\/produktu\/sunu-izsekosanas-ierice-hlt-4-5\/\"]}]},{\"@type\":\"ImageObject\",\"inLanguage\":\"lv-LV\",\"@id\":\"https:\/\/huntloc.com\/lv\/produktu\/sunu-izsekosanas-ierice-hlt-4-5\/#primaryimage\",\"url\":\"https:\/\/huntloc.com\/wp-content\/uploads\/2020\/09\/1631603204851-scaled.jpg\",\"contentUrl\":\"https:\/\/huntloc.com\/wp-content\/uploads\/2020\/09\/1631603204851-scaled.jpg\",\"width\":2560,\"height\":1607},{\"@type\":\"BreadcrumbList\",\"@id\":\"https:\/\/huntloc.com\/lv\/produktu\/sunu-izsekosanas-ierice-hlt-4-5\/#breadcrumb\",\"itemListElement\":[{\"@type\":\"ListItem\",\"position\":1,\"name\":\"Home\",\"item\":\"https:\/\/huntloc.com\/lv\/\"},{\"@type\":\"ListItem\",\"position\":2,\"name\":\"Veikals\",\"item\":\"https:\/\/huntloc.com\/lv\/veikals\/\"},{\"@type\":\"ListItem\",\"position\":3,\"name\":\"Izsekot\u0101js HLT-4.5 maziem su\u0146iem\"}]},{\"@type\":\"WebSite\",\"@id\":\"https:\/\/huntloc.com\/et\/#website\",\"url\":\"https:\/\/huntloc.com\/et\/\",\"name\":\"Jahi \u00e4pp Huntloc\",\"description\":\"Reaalajas jahi j&auml;lgimise &auml;pp ning jahikoerte j&auml;lgimislahendus\",\"publisher\":{\"@id\":\"https:\/\/huntloc.com\/et\/#organization\"},\"potentialAction\":[{\"@type\":\"SearchAction\",\"target\":{\"@type\":\"EntryPoint\",\"urlTemplate\":\"https:\/\/huntloc.com\/et\/?s={search_term_string}\"},\"query-input\":\"required name=search_term_string\"}],\"inLanguage\":\"lv-LV\"},{\"@type\":\"Organization\",\"@id\":\"https:\/\/huntloc.com\/et\/#organization\",\"name\":\"Jahi \u00e4pp Huntloc\",\"url\":\"https:\/\/huntloc.com\/et\/\",\"logo\":{\"@type\":\"ImageObject\",\"inLanguage\":\"lv-LV\",\"@id\":\"https:\/\/huntloc.com\/et\/#\/schema\/logo\/image\/\",\"url\":\"https:\/\/huntloc.com\/wp-content\/uploads\/2020\/09\/huntloc_logo_positive.png\",\"contentUrl\":\"https:\/\/huntloc.com\/wp-content\/uploads\/2020\/09\/huntloc_logo_positive.png\",\"width\":1150,\"height\":500,\"caption\":\"Jahi \u00e4pp Huntloc\"},\"image\":{\"@id\":\"https:\/\/huntloc.com\/et\/#\/schema\/logo\/image\/\"},\"sameAs\":[\"https:\/\/www.facebook.com\/huntloc.et\/\",\"https:\/\/x.com\/HuntlocApp\",\"https:\/\/www.instagram.com\/huntloc\/\",\"https:\/\/www.youtube.com\/huntloc\",\"https:\/\/www.linkedin.com\/company\/huntloc\/\"]}]}<\/script>\n<!-- \/ Yoast SEO plugin. -->","yoast_head_json":{"title":"Su\u0146u izseko\u0161anas ier\u012bce HLT-4.5 &#8212; Med\u012bbu lietotne &quot;Huntloc&quot;","description":"Su\u0146u GPS izseko\u0161anas ier\u012bce HLT-4.5 ir piem\u0113rota mazo med\u012bbu \u0161\u0137irnes su\u0146iem (taksis). Izsekot\u0101js nor\u0101da prec\u012bzu su\u0146a atra\u0161an\u0101s vietu dab\u0101.","robots":{"index":"index","follow":"follow","max-snippet":"max-snippet:-1","max-image-preview":"max-image-preview:large","max-video-preview":"max-video-preview:-1"},"canonical":"https:\/\/huntloc.com\/lv\/produktu\/sunu-izsekosanas-ierice-hlt-4-5\/","og_locale":"lv_LV","og_type":"article","og_title":"Su\u0146u izseko\u0161anas ier\u012bce HLT-4.5 &#8212; Med\u012bbu lietotne &quot;Huntloc&quot;","og_description":"Su\u0146u GPS izseko\u0161anas ier\u012bce HLT-4.5 ir piem\u0113rota mazo med\u012bbu \u0161\u0137irnes su\u0146iem (taksis). Izsekot\u0101js nor\u0101da prec\u012bzu su\u0146a atra\u0161an\u0101s vietu dab\u0101.","og_url":"https:\/\/huntloc.com\/lv\/produktu\/sunu-izsekosanas-ierice-hlt-4-5\/","og_site_name":"Med\u012bbu lietotne &quot;Huntloc&quot;","article_publisher":"https:\/\/www.facebook.com\/huntloc.et\/","article_modified_time":"2026-01-28T10:33:38+00:00","og_image":[{"width":2560,"height":1607,"url":"https:\/\/huntloc.com\/wp-content\/uploads\/2020\/09\/1631603204851-scaled.jpg","type":"image\/jpeg"}],"twitter_card":"summary_large_image","twitter_site":"@HuntlocApp","twitter_misc":{"Est. reading time":"2 minutes"},"schema":{"@context":"https:\/\/schema.org","@graph":[{"@type":"WebPage","@id":"https:\/\/huntloc.com\/lv\/produktu\/sunu-izsekosanas-ierice-hlt-4-5\/","url":"https:\/\/huntloc.com\/lv\/produktu\/sunu-izsekosanas-ierice-hlt-4-5\/","name":"Su\u0146u izseko\u0161anas ier\u012bce HLT-4.5 &#8212; Med\u012bbu lietotne &quot;Huntloc&quot;","isPartOf":{"@id":"https:\/\/huntloc.com\/et\/#website"},"primaryImageOfPage":{"@id":"https:\/\/huntloc.com\/lv\/produktu\/sunu-izsekosanas-ierice-hlt-4-5\/#primaryimage"},"image":{"@id":"https:\/\/huntloc.com\/lv\/produktu\/sunu-izsekosanas-ierice-hlt-4-5\/#primaryimage"},"thumbnailUrl":"https:\/\/huntloc.com\/wp-content\/uploads\/2020\/09\/1631603204851-scaled.jpg","datePublished":"2020-09-22T16:42:11+00:00","dateModified":"2026-01-28T10:33:38+00:00","description":"Su\u0146u GPS izseko\u0161anas ier\u012bce HLT-4.5 ir piem\u0113rota mazo med\u012bbu \u0161\u0137irnes su\u0146iem (taksis). Izsekot\u0101js nor\u0101da prec\u012bzu su\u0146a atra\u0161an\u0101s vietu dab\u0101.","breadcrumb":{"@id":"https:\/\/huntloc.com\/lv\/produktu\/sunu-izsekosanas-ierice-hlt-4-5\/#breadcrumb"},"inLanguage":"lv-LV","potentialAction":[{"@type":"ReadAction","target":["https:\/\/huntloc.com\/lv\/produktu\/sunu-izsekosanas-ierice-hlt-4-5\/"]}]},{"@type":"ImageObject","inLanguage":"lv-LV","@id":"https:\/\/huntloc.com\/lv\/produktu\/sunu-izsekosanas-ierice-hlt-4-5\/#primaryimage","url":"https:\/\/huntloc.com\/wp-content\/uploads\/2020\/09\/1631603204851-scaled.jpg","contentUrl":"https:\/\/huntloc.com\/wp-content\/uploads\/2020\/09\/1631603204851-scaled.jpg","width":2560,"height":1607},{"@type":"BreadcrumbList","@id":"https:\/\/huntloc.com\/lv\/produktu\/sunu-izsekosanas-ierice-hlt-4-5\/#breadcrumb","itemListElement":[{"@type":"ListItem","position":1,"name":"Home","item":"https:\/\/huntloc.com\/lv\/"},{"@type":"ListItem","position":2,"name":"Veikals","item":"https:\/\/huntloc.com\/lv\/veikals\/"},{"@type":"ListItem","position":3,"name":"Izsekot\u0101js HLT-4.5 maziem su\u0146iem"}]},{"@type":"WebSite","@id":"https:\/\/huntloc.com\/et\/#website","url":"https:\/\/huntloc.com\/et\/","name":"Jahi \u00e4pp Huntloc","description":"Reaalajas jahi j&auml;lgimise &auml;pp ning jahikoerte j&auml;lgimislahendus","publisher":{"@id":"https:\/\/huntloc.com\/et\/#organization"},"potentialAction":[{"@type":"SearchAction","target":{"@type":"EntryPoint","urlTemplate":"https:\/\/huntloc.com\/et\/?s={search_term_string}"},"query-input":"required name=search_term_string"}],"inLanguage":"lv-LV"},{"@type":"Organization","@id":"https:\/\/huntloc.com\/et\/#organization","name":"Jahi \u00e4pp Huntloc","url":"https:\/\/huntloc.com\/et\/","logo":{"@type":"ImageObject","inLanguage":"lv-LV","@id":"https:\/\/huntloc.com\/et\/#\/schema\/logo\/image\/","url":"https:\/\/huntloc.com\/wp-content\/uploads\/2020\/09\/huntloc_logo_positive.png","contentUrl":"https:\/\/huntloc.com\/wp-content\/uploads\/2020\/09\/huntloc_logo_positive.png","width":1150,"height":500,"caption":"Jahi \u00e4pp Huntloc"},"image":{"@id":"https:\/\/huntloc.com\/et\/#\/schema\/logo\/image\/"},"sameAs":["https:\/\/www.facebook.com\/huntloc.et\/","https:\/\/x.com\/HuntlocApp","https:\/\/www.instagram.com\/huntloc\/","https:\/\/www.youtube.com\/huntloc","https:\/\/www.linkedin.com\/company\/huntloc\/"]}]}},"_links":{"self":[{"href":"https:\/\/huntloc.com\/lv\/wp-json\/wp\/v2\/product\/3696"}],"collection":[{"href":"https:\/\/huntloc.com\/lv\/wp-json\/wp\/v2\/product"}],"about":[{"href":"https:\/\/huntloc.com\/lv\/wp-json\/wp\/v2\/types\/product"}],"wp:featuredmedia":[{"embeddable":true,"href":"https:\/\/huntloc.com\/lv\/wp-json\/wp\/v2\/media\/10044"}],"wp:attachment":[{"href":"https:\/\/huntloc.com\/lv\/wp-json\/wp\/v2\/media?parent=3696"}],"wp:term":[{"taxonomy":"product_cat","embeddable":true,"href":"https:\/\/huntloc.com\/lv\/wp-json\/wp\/v2\/product_cat?post=3696"},{"taxonomy":"product_tag","embeddable":true,"href":"https:\/\/huntloc.com\/lv\/wp-json\/wp\/v2\/product_tag?post=3696"}],"curies":[{"name":"wp","href":"https:\/\/api.w.org\/{rel}","templated":true}]}}