{"id":9701,"date":"2021-05-20T13:20:51","date_gmt":"2021-05-20T11:20:51","guid":{"rendered":"https:\/\/huntloc.com\/huntloc-eelised\/"},"modified":"2024-03-22T11:20:27","modified_gmt":"2024-03-22T09:20:27","slug":"huntloc-prieksrocibas","status":"publish","type":"page","link":"https:\/\/huntloc.com\/lv\/huntloc-prieksrocibas\/","title":{"rendered":"Huntloc &#8211; daudzpus\u012bg\u0101k\u0101 med\u012bbu platforma"},"content":{"rendered":"","protected":false},"excerpt":{"rendered":"","protected":false},"author":1,"featured_media":0,"parent":0,"menu_order":0,"comment_status":"closed","ping_status":"closed","template":"templates\/advantages.php","meta":{"om_disable_all_campaigns":false,"_monsterinsights_skip_tracking":false,"_monsterinsights_sitenote_active":false,"_monsterinsights_sitenote_note":"","_monsterinsights_sitenote_category":0,"_uf_show_specific_survey":0,"_uf_disable_surveys":false,"footnotes":""},"acf":[],"aioseo_notices":[],"yoast_head":"<!-- This site is optimized with the Yoast SEO plugin v22.7 - https:\/\/yoast.com\/wordpress\/plugins\/seo\/ -->\n<title>Daudzpus\u012bg\u0101k\u0101 med\u012bbu platforma un su\u0146a GPS izsekot\u0101js -Huntloc<\/title>\n<meta name=\"description\" content=\"Aplik\u0101cijas risin\u0101jums ar mednieku un med\u012bbu su\u0146u izseko\u0161anu re\u0101llaik\u0101, med\u012bbu teritorijas izveido\u0161anu un \u0101tru savstarp\u0113jo sazi\u0146u.\" \/>\n<meta name=\"robots\" content=\"index, follow, max-snippet:-1, max-image-preview:large, max-video-preview:-1\" \/>\n<link rel=\"canonical\" href=\"https:\/\/huntloc.com\/lv\/huntloc-prieksrocibas\/\" \/>\n<meta property=\"og:locale\" content=\"lv_LV\" \/>\n<meta property=\"og:type\" content=\"article\" \/>\n<meta property=\"og:title\" content=\"Daudzpus\u012bg\u0101k\u0101 med\u012bbu platforma un su\u0146a GPS izsekot\u0101js -Huntloc\" \/>\n<meta property=\"og:description\" content=\"Aplik\u0101cijas risin\u0101jums ar mednieku un med\u012bbu su\u0146u izseko\u0161anu re\u0101llaik\u0101, med\u012bbu teritorijas izveido\u0161anu un \u0101tru savstarp\u0113jo sazi\u0146u.\" \/>\n<meta property=\"og:url\" content=\"https:\/\/huntloc.com\/lv\/huntloc-prieksrocibas\/\" \/>\n<meta property=\"og:site_name\" content=\"Med\u012bbu lietotne &quot;Huntloc&quot;\" \/>\n<meta property=\"article:publisher\" content=\"https:\/\/www.facebook.com\/huntloc.et\/\" \/>\n<meta property=\"article:modified_time\" content=\"2024-03-22T09:20:27+00:00\" \/>\n<meta property=\"og:image\" content=\"https:\/\/huntloc.com\/wp-content\/uploads\/2020\/09\/DSC_0405-2000x640jpg.jpg\" \/>\n\t<meta property=\"og:image:width\" content=\"2000\" \/>\n\t<meta property=\"og:image:height\" content=\"640\" \/>\n\t<meta property=\"og:image:type\" content=\"image\/jpeg\" \/>\n<meta name=\"twitter:card\" content=\"summary_large_image\" \/>\n<meta name=\"twitter:site\" content=\"@HuntlocApp\" \/>\n<script type=\"application\/ld+json\" class=\"yoast-schema-graph\">{\"@context\":\"https:\/\/schema.org\",\"@graph\":[{\"@type\":\"WebPage\",\"@id\":\"https:\/\/huntloc.com\/lv\/huntloc-prieksrocibas\/\",\"url\":\"https:\/\/huntloc.com\/lv\/huntloc-prieksrocibas\/\",\"name\":\"Daudzpus\u012bg\u0101k\u0101 med\u012bbu platforma un su\u0146a GPS izsekot\u0101js -Huntloc\",\"isPartOf\":{\"@id\":\"https:\/\/huntloc.com\/et\/#website\"},\"datePublished\":\"2021-05-20T11:20:51+00:00\",\"dateModified\":\"2024-03-22T09:20:27+00:00\",\"description\":\"Aplik\u0101cijas risin\u0101jums ar mednieku un med\u012bbu su\u0146u izseko\u0161anu re\u0101llaik\u0101, med\u012bbu teritorijas izveido\u0161anu un \u0101tru savstarp\u0113jo sazi\u0146u.\",\"breadcrumb\":{\"@id\":\"https:\/\/huntloc.com\/lv\/huntloc-prieksrocibas\/#breadcrumb\"},\"inLanguage\":\"lv-LV\",\"potentialAction\":[{\"@type\":\"ReadAction\",\"target\":[\"https:\/\/huntloc.com\/lv\/huntloc-prieksrocibas\/\"]}]},{\"@type\":\"BreadcrumbList\",\"@id\":\"https:\/\/huntloc.com\/lv\/huntloc-prieksrocibas\/#breadcrumb\",\"itemListElement\":[{\"@type\":\"ListItem\",\"position\":1,\"name\":\"Home\",\"item\":\"https:\/\/huntloc.com\/lv\/\"},{\"@type\":\"ListItem\",\"position\":2,\"name\":\"Huntloc &#8211; daudzpus\u012bg\u0101k\u0101 med\u012bbu platforma\"}]},{\"@type\":\"WebSite\",\"@id\":\"https:\/\/huntloc.com\/et\/#website\",\"url\":\"https:\/\/huntloc.com\/et\/\",\"name\":\"Jahi \u00e4pp Huntloc\",\"description\":\"Reaalajas jahi j&auml;lgimise &auml;pp ning jahikoerte j&auml;lgimislahendus\",\"publisher\":{\"@id\":\"https:\/\/huntloc.com\/et\/#organization\"},\"potentialAction\":[{\"@type\":\"SearchAction\",\"target\":{\"@type\":\"EntryPoint\",\"urlTemplate\":\"https:\/\/huntloc.com\/et\/?s={search_term_string}\"},\"query-input\":\"required name=search_term_string\"}],\"inLanguage\":\"lv-LV\"},{\"@type\":\"Organization\",\"@id\":\"https:\/\/huntloc.com\/et\/#organization\",\"name\":\"Jahi \u00e4pp Huntloc\",\"url\":\"https:\/\/huntloc.com\/et\/\",\"logo\":{\"@type\":\"ImageObject\",\"inLanguage\":\"lv-LV\",\"@id\":\"https:\/\/huntloc.com\/et\/#\/schema\/logo\/image\/\",\"url\":\"https:\/\/huntloc.com\/wp-content\/uploads\/2020\/09\/huntloc_logo_positive.png\",\"contentUrl\":\"https:\/\/huntloc.com\/wp-content\/uploads\/2020\/09\/huntloc_logo_positive.png\",\"width\":1150,\"height\":500,\"caption\":\"Jahi \u00e4pp Huntloc\"},\"image\":{\"@id\":\"https:\/\/huntloc.com\/et\/#\/schema\/logo\/image\/\"},\"sameAs\":[\"https:\/\/www.facebook.com\/huntloc.et\/\",\"https:\/\/x.com\/HuntlocApp\",\"https:\/\/www.instagram.com\/huntloc\/\",\"https:\/\/www.youtube.com\/huntloc\",\"https:\/\/www.linkedin.com\/company\/huntloc\/\"]}]}<\/script>\n<!-- \/ Yoast SEO plugin. -->","yoast_head_json":{"title":"Daudzpus\u012bg\u0101k\u0101 med\u012bbu platforma un su\u0146a GPS izsekot\u0101js -Huntloc","description":"Aplik\u0101cijas risin\u0101jums ar mednieku un med\u012bbu su\u0146u izseko\u0161anu re\u0101llaik\u0101, med\u012bbu teritorijas izveido\u0161anu un \u0101tru savstarp\u0113jo sazi\u0146u.","robots":{"index":"index","follow":"follow","max-snippet":"max-snippet:-1","max-image-preview":"max-image-preview:large","max-video-preview":"max-video-preview:-1"},"canonical":"https:\/\/huntloc.com\/lv\/huntloc-prieksrocibas\/","og_locale":"lv_LV","og_type":"article","og_title":"Daudzpus\u012bg\u0101k\u0101 med\u012bbu platforma un su\u0146a GPS izsekot\u0101js -Huntloc","og_description":"Aplik\u0101cijas risin\u0101jums ar mednieku un med\u012bbu su\u0146u izseko\u0161anu re\u0101llaik\u0101, med\u012bbu teritorijas izveido\u0161anu un \u0101tru savstarp\u0113jo sazi\u0146u.","og_url":"https:\/\/huntloc.com\/lv\/huntloc-prieksrocibas\/","og_site_name":"Med\u012bbu lietotne &quot;Huntloc&quot;","article_publisher":"https:\/\/www.facebook.com\/huntloc.et\/","article_modified_time":"2024-03-22T09:20:27+00:00","og_image":[{"width":2000,"height":640,"url":"https:\/\/huntloc.com\/wp-content\/uploads\/2020\/09\/DSC_0405-2000x640jpg.jpg","type":"image\/jpeg"}],"twitter_card":"summary_large_image","twitter_site":"@HuntlocApp","schema":{"@context":"https:\/\/schema.org","@graph":[{"@type":"WebPage","@id":"https:\/\/huntloc.com\/lv\/huntloc-prieksrocibas\/","url":"https:\/\/huntloc.com\/lv\/huntloc-prieksrocibas\/","name":"Daudzpus\u012bg\u0101k\u0101 med\u012bbu platforma un su\u0146a GPS izsekot\u0101js -Huntloc","isPartOf":{"@id":"https:\/\/huntloc.com\/et\/#website"},"datePublished":"2021-05-20T11:20:51+00:00","dateModified":"2024-03-22T09:20:27+00:00","description":"Aplik\u0101cijas risin\u0101jums ar mednieku un med\u012bbu su\u0146u izseko\u0161anu re\u0101llaik\u0101, med\u012bbu teritorijas izveido\u0161anu un \u0101tru savstarp\u0113jo sazi\u0146u.","breadcrumb":{"@id":"https:\/\/huntloc.com\/lv\/huntloc-prieksrocibas\/#breadcrumb"},"inLanguage":"lv-LV","potentialAction":[{"@type":"ReadAction","target":["https:\/\/huntloc.com\/lv\/huntloc-prieksrocibas\/"]}]},{"@type":"BreadcrumbList","@id":"https:\/\/huntloc.com\/lv\/huntloc-prieksrocibas\/#breadcrumb","itemListElement":[{"@type":"ListItem","position":1,"name":"Home","item":"https:\/\/huntloc.com\/lv\/"},{"@type":"ListItem","position":2,"name":"Huntloc &#8211; daudzpus\u012bg\u0101k\u0101 med\u012bbu platforma"}]},{"@type":"WebSite","@id":"https:\/\/huntloc.com\/et\/#website","url":"https:\/\/huntloc.com\/et\/","name":"Jahi \u00e4pp Huntloc","description":"Reaalajas jahi j&auml;lgimise &auml;pp ning jahikoerte j&auml;lgimislahendus","publisher":{"@id":"https:\/\/huntloc.com\/et\/#organization"},"potentialAction":[{"@type":"SearchAction","target":{"@type":"EntryPoint","urlTemplate":"https:\/\/huntloc.com\/et\/?s={search_term_string}"},"query-input":"required name=search_term_string"}],"inLanguage":"lv-LV"},{"@type":"Organization","@id":"https:\/\/huntloc.com\/et\/#organization","name":"Jahi \u00e4pp Huntloc","url":"https:\/\/huntloc.com\/et\/","logo":{"@type":"ImageObject","inLanguage":"lv-LV","@id":"https:\/\/huntloc.com\/et\/#\/schema\/logo\/image\/","url":"https:\/\/huntloc.com\/wp-content\/uploads\/2020\/09\/huntloc_logo_positive.png","contentUrl":"https:\/\/huntloc.com\/wp-content\/uploads\/2020\/09\/huntloc_logo_positive.png","width":1150,"height":500,"caption":"Jahi \u00e4pp Huntloc"},"image":{"@id":"https:\/\/huntloc.com\/et\/#\/schema\/logo\/image\/"},"sameAs":["https:\/\/www.facebook.com\/huntloc.et\/","https:\/\/x.com\/HuntlocApp","https:\/\/www.instagram.com\/huntloc\/","https:\/\/www.youtube.com\/huntloc","https:\/\/www.linkedin.com\/company\/huntloc\/"]}]}},"amp_enabled":false,"_links":{"self":[{"href":"https:\/\/huntloc.com\/lv\/wp-json\/wp\/v2\/pages\/9701"}],"collection":[{"href":"https:\/\/huntloc.com\/lv\/wp-json\/wp\/v2\/pages"}],"about":[{"href":"https:\/\/huntloc.com\/lv\/wp-json\/wp\/v2\/types\/page"}],"author":[{"embeddable":true,"href":"https:\/\/huntloc.com\/lv\/wp-json\/wp\/v2\/users\/1"}],"replies":[{"embeddable":true,"href":"https:\/\/huntloc.com\/lv\/wp-json\/wp\/v2\/comments?post=9701"}],"version-history":[{"count":42,"href":"https:\/\/huntloc.com\/lv\/wp-json\/wp\/v2\/pages\/9701\/revisions"}],"predecessor-version":[{"id":12861,"href":"https:\/\/huntloc.com\/lv\/wp-json\/wp\/v2\/pages\/9701\/revisions\/12861"}],"wp:attachment":[{"href":"https:\/\/huntloc.com\/lv\/wp-json\/wp\/v2\/media?parent=9701"}],"curies":[{"name":"wp","href":"https:\/\/api.w.org\/{rel}","templated":true}]}}