{"id":14353,"date":"2026-01-14T14:07:38","date_gmt":"2026-01-14T12:07:38","guid":{"rendered":"https:\/\/huntloc.com\/medibu-karte\/"},"modified":"2026-01-14T14:07:38","modified_gmt":"2026-01-14T12:07:38","slug":"medibu-karte","status":"publish","type":"page","link":"https:\/\/huntloc.com\/lv\/medibu-karte\/","title":{"rendered":"Med\u012bbu karte"},"content":{"rendered":"<p>Med\u012bbu kart\u0113 var atz\u012bm\u0113t da\u017e\u0101das teritorijas, ce\u013cus un objektus. Visi elementi ir redzami Huntloc mobilaj\u0101 lietotn\u0113.<\/p>\n<p>Vis\u0113rt\u0101k karti z\u012bm\u0113t un p\u0101rvald\u012bt Huntloc port\u0101l\u0101<br \/>\n(<a href=\"http:\/\/portal.huntloc.com\/\" target=\"_blank\" rel=\"noopener noreferrer\">portal.huntloc.com<\/a>).<br \/>\nLai pieteiktos, nepiecie\u0161ams der\u012bgs lietot\u0101ja licences konts.<\/p>\n<p>Lai pievienotu objektu kartei, kreisaj\u0101 izv\u0113ln\u0113 izv\u0113lies l\u012bnijas pievieno\u0161anu (\u201cZ\u012bm\u0113t saliktu l\u012bniju\u201d), teritorijas pievieno\u0161anu (\u201cZ\u012bm\u0113t daudzst\u016bri\u201d) vai objekta pievieno\u0161anu (\u201cZ\u012bm\u0113t mar\u0137ieri\u201d).<br \/>\nP\u0113c objekta pievieno\u0161anas kart\u0113 kreisaj\u0101 pus\u0113 atv\u0113rsies med\u012bbu objekta izv\u0113lne, kur vari nor\u0101d\u012bt objekta nosaukumu un aprakstu, k\u0101 ar\u012b preciz\u0113t objekta parametrus.<\/p>\n<p>Med\u012bbu objektam vari izv\u0113l\u0113ties mar\u0137iera tipu (\u0161au\u0161anas vietas, baro\u0161anas vieta, med\u012bbu tornis, s\u0101ls laiz\u012btava, bebru lamatas u.c.), k\u0101 ar\u012b tiek par\u0101d\u012btas objekta koordin\u0101tas.<br \/>\nMar\u0137ieri var p\u0101rvietot uz citu vietu, to velkot.<\/p>\n<p>Teritorij\u0101m vari izv\u0113l\u0113ties kr\u0101su, robe\u017el\u012bnijas biezumu un l\u012bnijas veidu. Tiek par\u0101d\u012bts teritorijas perimetra garums un plat\u012bba.<\/p>\n<p>L\u012bnij\u0101m vari izv\u0113l\u0113ties kr\u0101su, biezumu un l\u012bnijas veidu. Tiek par\u0101d\u012bts l\u012bnijas kop\u0113jais garums.<\/p>\n<p>Visus datus var redi\u0123\u0113t, t.i., z\u012bm\u0113t\u0101s teritorijas un ce\u013cus var labot jebkur\u0101 laik\u0101.<\/p>\n<p>M\u0101c\u012bbu video par kartes z\u012bm\u0113\u0161anu<br \/>\n<a href=\"https:\/\/www.youtube.com\/watch?v=gLtrtTVpCUA\" target=\"_blank\" rel=\"noopener\"> Skat\u012bt m\u0101c\u012bbu video par kartes z\u012bm\u0113\u0161anu <\/a><\/p>\n","protected":false},"excerpt":{"rendered":"<p>Med\u012bbu kart\u0113 var atz\u012bm\u0113t da\u017e\u0101das teritorijas, ce\u013cus un objektus. Visi elementi ir redzami Huntloc mobilaj\u0101 lietotn\u0113. Vis\u0113rt\u0101k karti z\u012bm\u0113t un p\u0101rvald\u012bt Huntloc port\u0101l\u0101 (portal.huntloc.com). Lai pieteiktos, nepiecie\u0161ams der\u012bgs lietot\u0101ja licences konts. Lai pievienotu objektu kartei, kreisaj\u0101 izv\u0113ln\u0113 izv\u0113lies l\u012bnijas pievieno\u0161anu (\u201cZ\u012bm\u0113t saliktu l\u012bniju\u201d), teritorijas pievieno\u0161anu (\u201cZ\u012bm\u0113t daudzst\u016bri\u201d) vai objekta pievieno\u0161anu (\u201cZ\u012bm\u0113t mar\u0137ieri\u201d). P\u0113c objekta pievieno\u0161anas [&hellip;]<\/p>\n","protected":false},"author":2,"featured_media":14333,"parent":0,"menu_order":0,"comment_status":"closed","ping_status":"closed","template":"","meta":{"om_disable_all_campaigns":false,"_monsterinsights_skip_tracking":false,"_monsterinsights_sitenote_active":false,"_monsterinsights_sitenote_note":"","_monsterinsights_sitenote_category":0,"_uf_show_specific_survey":0,"_uf_disable_surveys":false,"footnotes":""},"acf":[],"aioseo_notices":[],"yoast_head":"<!-- This site is optimized with the Yoast SEO plugin v22.7 - https:\/\/yoast.com\/wordpress\/plugins\/seo\/ -->\n<title>Med\u012bbu karte &#8212; Med\u012bbu lietotne &quot;Huntloc&quot;<\/title>\n<meta name=\"robots\" content=\"index, follow, max-snippet:-1, max-image-preview:large, max-video-preview:-1\" \/>\n<link rel=\"canonical\" href=\"https:\/\/huntloc.com\/medibu-karte\/\" \/>\n<meta property=\"og:locale\" content=\"lv_LV\" \/>\n<meta property=\"og:type\" content=\"article\" \/>\n<meta property=\"og:title\" content=\"Med\u012bbu karte &#8212; Med\u012bbu lietotne &quot;Huntloc&quot;\" \/>\n<meta property=\"og:description\" content=\"Med\u012bbu kart\u0113 var atz\u012bm\u0113t da\u017e\u0101das teritorijas, ce\u013cus un objektus. Visi elementi ir redzami Huntloc mobilaj\u0101 lietotn\u0113. Vis\u0113rt\u0101k karti z\u012bm\u0113t un p\u0101rvald\u012bt Huntloc port\u0101l\u0101 (portal.huntloc.com). Lai pieteiktos, nepiecie\u0161ams der\u012bgs lietot\u0101ja licences konts. Lai pievienotu objektu kartei, kreisaj\u0101 izv\u0113ln\u0113 izv\u0113lies l\u012bnijas pievieno\u0161anu (\u201cZ\u012bm\u0113t saliktu l\u012bniju\u201d), teritorijas pievieno\u0161anu (\u201cZ\u012bm\u0113t daudzst\u016bri\u201d) vai objekta pievieno\u0161anu (\u201cZ\u012bm\u0113t mar\u0137ieri\u201d). P\u0113c objekta pievieno\u0161anas [&hellip;]\" \/>\n<meta property=\"og:url\" content=\"https:\/\/huntloc.com\/medibu-karte\/\" \/>\n<meta property=\"og:site_name\" content=\"Med\u012bbu lietotne &quot;Huntloc&quot;\" \/>\n<meta property=\"article:publisher\" content=\"https:\/\/www.facebook.com\/huntloc.et\/\" \/>\n<meta property=\"og:image\" content=\"https:\/\/huntloc.com\/wp-content\/uploads\/2020\/09\/DSC_0405-2000x640jpg.jpg\" \/>\n\t<meta property=\"og:image:width\" content=\"2000\" \/>\n\t<meta property=\"og:image:height\" content=\"640\" \/>\n\t<meta property=\"og:image:type\" content=\"image\/jpeg\" \/>\n<meta name=\"twitter:card\" content=\"summary_large_image\" \/>\n<meta name=\"twitter:site\" content=\"@HuntlocApp\" \/>\n<meta name=\"twitter:label1\" content=\"Est. reading time\" \/>\n\t<meta name=\"twitter:data1\" content=\"1 minute\" \/>\n<script type=\"application\/ld+json\" class=\"yoast-schema-graph\">{\"@context\":\"https:\/\/schema.org\",\"@graph\":[{\"@type\":\"WebPage\",\"@id\":\"https:\/\/huntloc.com\/medibu-karte\/\",\"url\":\"https:\/\/huntloc.com\/medibu-karte\/\",\"name\":\"Med\u012bbu karte &#8212; Med\u012bbu lietotne &quot;Huntloc&quot;\",\"isPartOf\":{\"@id\":\"https:\/\/huntloc.com\/et\/#website\"},\"primaryImageOfPage\":{\"@id\":\"https:\/\/huntloc.com\/medibu-karte\/#primaryimage\"},\"image\":{\"@id\":\"https:\/\/huntloc.com\/medibu-karte\/#primaryimage\"},\"thumbnailUrl\":\"https:\/\/huntloc.com\/wp-content\/uploads\/2026\/01\/Huntloc_Hunting-map.png\",\"datePublished\":\"2026-01-14T12:07:38+00:00\",\"dateModified\":\"2026-01-14T12:07:38+00:00\",\"breadcrumb\":{\"@id\":\"https:\/\/huntloc.com\/medibu-karte\/#breadcrumb\"},\"inLanguage\":\"lv-LV\",\"potentialAction\":[{\"@type\":\"ReadAction\",\"target\":[\"https:\/\/huntloc.com\/medibu-karte\/\"]}]},{\"@type\":\"ImageObject\",\"inLanguage\":\"lv-LV\",\"@id\":\"https:\/\/huntloc.com\/medibu-karte\/#primaryimage\",\"url\":\"https:\/\/huntloc.com\/wp-content\/uploads\/2026\/01\/Huntloc_Hunting-map.png\",\"contentUrl\":\"https:\/\/huntloc.com\/wp-content\/uploads\/2026\/01\/Huntloc_Hunting-map.png\",\"width\":400,\"height\":400,\"caption\":\"Manage own hunting area\"},{\"@type\":\"BreadcrumbList\",\"@id\":\"https:\/\/huntloc.com\/medibu-karte\/#breadcrumb\",\"itemListElement\":[{\"@type\":\"ListItem\",\"position\":1,\"name\":\"Home\",\"item\":\"https:\/\/huntloc.com\/lv\/\"},{\"@type\":\"ListItem\",\"position\":2,\"name\":\"Med\u012bbu karte\"}]},{\"@type\":\"WebSite\",\"@id\":\"https:\/\/huntloc.com\/et\/#website\",\"url\":\"https:\/\/huntloc.com\/et\/\",\"name\":\"Jahi \u00e4pp Huntloc\",\"description\":\"Reaalajas jahi j&auml;lgimise &auml;pp ning jahikoerte j&auml;lgimislahendus\",\"publisher\":{\"@id\":\"https:\/\/huntloc.com\/et\/#organization\"},\"potentialAction\":[{\"@type\":\"SearchAction\",\"target\":{\"@type\":\"EntryPoint\",\"urlTemplate\":\"https:\/\/huntloc.com\/et\/?s={search_term_string}\"},\"query-input\":\"required name=search_term_string\"}],\"inLanguage\":\"lv-LV\"},{\"@type\":\"Organization\",\"@id\":\"https:\/\/huntloc.com\/et\/#organization\",\"name\":\"Jahi \u00e4pp Huntloc\",\"url\":\"https:\/\/huntloc.com\/et\/\",\"logo\":{\"@type\":\"ImageObject\",\"inLanguage\":\"lv-LV\",\"@id\":\"https:\/\/huntloc.com\/et\/#\/schema\/logo\/image\/\",\"url\":\"https:\/\/huntloc.com\/wp-content\/uploads\/2020\/09\/huntloc_logo_positive.png\",\"contentUrl\":\"https:\/\/huntloc.com\/wp-content\/uploads\/2020\/09\/huntloc_logo_positive.png\",\"width\":1150,\"height\":500,\"caption\":\"Jahi \u00e4pp Huntloc\"},\"image\":{\"@id\":\"https:\/\/huntloc.com\/et\/#\/schema\/logo\/image\/\"},\"sameAs\":[\"https:\/\/www.facebook.com\/huntloc.et\/\",\"https:\/\/x.com\/HuntlocApp\",\"https:\/\/www.instagram.com\/huntloc\/\",\"https:\/\/www.youtube.com\/huntloc\",\"https:\/\/www.linkedin.com\/company\/huntloc\/\"]}]}<\/script>\n<!-- \/ Yoast SEO plugin. -->","yoast_head_json":{"title":"Med\u012bbu karte &#8212; Med\u012bbu lietotne &quot;Huntloc&quot;","robots":{"index":"index","follow":"follow","max-snippet":"max-snippet:-1","max-image-preview":"max-image-preview:large","max-video-preview":"max-video-preview:-1"},"canonical":"https:\/\/huntloc.com\/medibu-karte\/","og_locale":"lv_LV","og_type":"article","og_title":"Med\u012bbu karte &#8212; Med\u012bbu lietotne &quot;Huntloc&quot;","og_description":"Med\u012bbu kart\u0113 var atz\u012bm\u0113t da\u017e\u0101das teritorijas, ce\u013cus un objektus. Visi elementi ir redzami Huntloc mobilaj\u0101 lietotn\u0113. Vis\u0113rt\u0101k karti z\u012bm\u0113t un p\u0101rvald\u012bt Huntloc port\u0101l\u0101 (portal.huntloc.com). Lai pieteiktos, nepiecie\u0161ams der\u012bgs lietot\u0101ja licences konts. Lai pievienotu objektu kartei, kreisaj\u0101 izv\u0113ln\u0113 izv\u0113lies l\u012bnijas pievieno\u0161anu (\u201cZ\u012bm\u0113t saliktu l\u012bniju\u201d), teritorijas pievieno\u0161anu (\u201cZ\u012bm\u0113t daudzst\u016bri\u201d) vai objekta pievieno\u0161anu (\u201cZ\u012bm\u0113t mar\u0137ieri\u201d). P\u0113c objekta pievieno\u0161anas [&hellip;]","og_url":"https:\/\/huntloc.com\/medibu-karte\/","og_site_name":"Med\u012bbu lietotne &quot;Huntloc&quot;","article_publisher":"https:\/\/www.facebook.com\/huntloc.et\/","og_image":[{"width":2000,"height":640,"url":"https:\/\/huntloc.com\/wp-content\/uploads\/2020\/09\/DSC_0405-2000x640jpg.jpg","type":"image\/jpeg"}],"twitter_card":"summary_large_image","twitter_site":"@HuntlocApp","twitter_misc":{"Est. reading time":"1 minute"},"schema":{"@context":"https:\/\/schema.org","@graph":[{"@type":"WebPage","@id":"https:\/\/huntloc.com\/medibu-karte\/","url":"https:\/\/huntloc.com\/medibu-karte\/","name":"Med\u012bbu karte &#8212; Med\u012bbu lietotne &quot;Huntloc&quot;","isPartOf":{"@id":"https:\/\/huntloc.com\/et\/#website"},"primaryImageOfPage":{"@id":"https:\/\/huntloc.com\/medibu-karte\/#primaryimage"},"image":{"@id":"https:\/\/huntloc.com\/medibu-karte\/#primaryimage"},"thumbnailUrl":"https:\/\/huntloc.com\/wp-content\/uploads\/2026\/01\/Huntloc_Hunting-map.png","datePublished":"2026-01-14T12:07:38+00:00","dateModified":"2026-01-14T12:07:38+00:00","breadcrumb":{"@id":"https:\/\/huntloc.com\/medibu-karte\/#breadcrumb"},"inLanguage":"lv-LV","potentialAction":[{"@type":"ReadAction","target":["https:\/\/huntloc.com\/medibu-karte\/"]}]},{"@type":"ImageObject","inLanguage":"lv-LV","@id":"https:\/\/huntloc.com\/medibu-karte\/#primaryimage","url":"https:\/\/huntloc.com\/wp-content\/uploads\/2026\/01\/Huntloc_Hunting-map.png","contentUrl":"https:\/\/huntloc.com\/wp-content\/uploads\/2026\/01\/Huntloc_Hunting-map.png","width":400,"height":400,"caption":"Manage own hunting area"},{"@type":"BreadcrumbList","@id":"https:\/\/huntloc.com\/medibu-karte\/#breadcrumb","itemListElement":[{"@type":"ListItem","position":1,"name":"Home","item":"https:\/\/huntloc.com\/lv\/"},{"@type":"ListItem","position":2,"name":"Med\u012bbu karte"}]},{"@type":"WebSite","@id":"https:\/\/huntloc.com\/et\/#website","url":"https:\/\/huntloc.com\/et\/","name":"Jahi \u00e4pp Huntloc","description":"Reaalajas jahi j&auml;lgimise &auml;pp ning jahikoerte j&auml;lgimislahendus","publisher":{"@id":"https:\/\/huntloc.com\/et\/#organization"},"potentialAction":[{"@type":"SearchAction","target":{"@type":"EntryPoint","urlTemplate":"https:\/\/huntloc.com\/et\/?s={search_term_string}"},"query-input":"required name=search_term_string"}],"inLanguage":"lv-LV"},{"@type":"Organization","@id":"https:\/\/huntloc.com\/et\/#organization","name":"Jahi \u00e4pp Huntloc","url":"https:\/\/huntloc.com\/et\/","logo":{"@type":"ImageObject","inLanguage":"lv-LV","@id":"https:\/\/huntloc.com\/et\/#\/schema\/logo\/image\/","url":"https:\/\/huntloc.com\/wp-content\/uploads\/2020\/09\/huntloc_logo_positive.png","contentUrl":"https:\/\/huntloc.com\/wp-content\/uploads\/2020\/09\/huntloc_logo_positive.png","width":1150,"height":500,"caption":"Jahi \u00e4pp Huntloc"},"image":{"@id":"https:\/\/huntloc.com\/et\/#\/schema\/logo\/image\/"},"sameAs":["https:\/\/www.facebook.com\/huntloc.et\/","https:\/\/x.com\/HuntlocApp","https:\/\/www.instagram.com\/huntloc\/","https:\/\/www.youtube.com\/huntloc","https:\/\/www.linkedin.com\/company\/huntloc\/"]}]}},"amp_enabled":true,"_links":{"self":[{"href":"https:\/\/huntloc.com\/lv\/wp-json\/wp\/v2\/pages\/14353"}],"collection":[{"href":"https:\/\/huntloc.com\/lv\/wp-json\/wp\/v2\/pages"}],"about":[{"href":"https:\/\/huntloc.com\/lv\/wp-json\/wp\/v2\/types\/page"}],"author":[{"embeddable":true,"href":"https:\/\/huntloc.com\/lv\/wp-json\/wp\/v2\/users\/2"}],"replies":[{"embeddable":true,"href":"https:\/\/huntloc.com\/lv\/wp-json\/wp\/v2\/comments?post=14353"}],"version-history":[{"count":0,"href":"https:\/\/huntloc.com\/lv\/wp-json\/wp\/v2\/pages\/14353\/revisions"}],"wp:featuredmedia":[{"embeddable":true,"href":"https:\/\/huntloc.com\/lv\/wp-json\/wp\/v2\/media\/14333"}],"wp:attachment":[{"href":"https:\/\/huntloc.com\/lv\/wp-json\/wp\/v2\/media?parent=14353"}],"curies":[{"name":"wp","href":"https:\/\/api.w.org\/{rel}","templated":true}]}}