{"id":12343,"date":"2023-05-09T14:04:01","date_gmt":"2023-05-09T12:04:01","guid":{"rendered":"https:\/\/huntloc.com\/jauns-komandas-piedavajums\/"},"modified":"2024-10-11T10:48:25","modified_gmt":"2024-10-11T08:48:25","slug":"jauns-komandas-piedavajums","status":"publish","type":"page","link":"https:\/\/huntloc.com\/lv\/jauns-komandas-piedavajums\/","title":{"rendered":"Jauns komandas pied\u0101v\u0101jums"},"content":{"rendered":"","protected":false},"excerpt":{"rendered":"","protected":false},"author":2,"featured_media":9591,"parent":0,"menu_order":0,"comment_status":"closed","ping_status":"closed","template":"templates\/association-offers.php","meta":{"om_disable_all_campaigns":false,"_monsterinsights_skip_tracking":false,"_monsterinsights_sitenote_active":false,"_monsterinsights_sitenote_note":"","_monsterinsights_sitenote_category":0,"_uf_show_specific_survey":0,"_uf_disable_surveys":false,"footnotes":""},"acf":[],"aioseo_notices":[],"yoast_head":"<!-- This site is optimized with the Yoast SEO plugin v22.7 - https:\/\/yoast.com\/wordpress\/plugins\/seo\/ -->\n<title>M\u0113s mekl\u0113jam jaunus mednieku kolekt\u012bvus<\/title>\n<meta name=\"description\" content=\"Jauns mednieku kolekt\u012bvs, kas pievienojas Huntloc l\u012bdz 30.06.2023, 1 gadu var izmantot su\u0146u izseko\u0161anas ier\u012bci bez maksas\" \/>\n<meta name=\"robots\" content=\"index, follow, max-snippet:-1, max-image-preview:large, max-video-preview:-1\" \/>\n<link rel=\"canonical\" href=\"https:\/\/huntloc.com\/lv\/jauns-komandas-piedavajums\/\" \/>\n<meta property=\"og:locale\" content=\"lv_LV\" \/>\n<meta property=\"og:type\" content=\"article\" \/>\n<meta property=\"og:title\" content=\"M\u0113s mekl\u0113jam jaunus mednieku kolekt\u012bvus\" \/>\n<meta property=\"og:description\" content=\"Jauns mednieku kolekt\u012bvs, kas pievienojas Huntloc l\u012bdz 30.06.2023, 1 gadu var izmantot su\u0146u izseko\u0161anas ier\u012bci bez maksas\" \/>\n<meta property=\"og:url\" content=\"https:\/\/huntloc.com\/lv\/jauns-komandas-piedavajums\/\" \/>\n<meta property=\"og:site_name\" content=\"Med\u012bbu lietotne &quot;Huntloc&quot;\" \/>\n<meta property=\"article:publisher\" content=\"https:\/\/www.facebook.com\/huntloc.et\/\" \/>\n<meta property=\"article:modified_time\" content=\"2024-10-11T08:48:25+00:00\" \/>\n<meta property=\"og:image\" content=\"https:\/\/huntloc.com\/wp-content\/uploads\/2021\/05\/DSC_2423d2-1024x410.png\" \/>\n\t<meta property=\"og:image:width\" content=\"1024\" \/>\n\t<meta property=\"og:image:height\" content=\"410\" \/>\n\t<meta property=\"og:image:type\" content=\"image\/png\" \/>\n<meta name=\"twitter:card\" content=\"summary_large_image\" \/>\n<meta name=\"twitter:site\" content=\"@HuntlocApp\" \/>\n<meta name=\"twitter:label1\" content=\"Est. reading time\" \/>\n\t<meta name=\"twitter:data1\" content=\"1 minute\" \/>\n<script type=\"application\/ld+json\" class=\"yoast-schema-graph\">{\"@context\":\"https:\/\/schema.org\",\"@graph\":[{\"@type\":\"WebPage\",\"@id\":\"https:\/\/huntloc.com\/lv\/jauns-komandas-piedavajums\/\",\"url\":\"https:\/\/huntloc.com\/lv\/jauns-komandas-piedavajums\/\",\"name\":\"M\u0113s mekl\u0113jam jaunus mednieku kolekt\u012bvus\",\"isPartOf\":{\"@id\":\"https:\/\/huntloc.com\/et\/#website\"},\"primaryImageOfPage\":{\"@id\":\"https:\/\/huntloc.com\/lv\/jauns-komandas-piedavajums\/#primaryimage\"},\"image\":{\"@id\":\"https:\/\/huntloc.com\/lv\/jauns-komandas-piedavajums\/#primaryimage\"},\"thumbnailUrl\":\"https:\/\/huntloc.com\/wp-content\/uploads\/2021\/05\/DSC_2423d2.png\",\"datePublished\":\"2023-05-09T12:04:01+00:00\",\"dateModified\":\"2024-10-11T08:48:25+00:00\",\"description\":\"Jauns mednieku kolekt\u012bvs, kas pievienojas Huntloc l\u012bdz 30.06.2023, 1 gadu var izmantot su\u0146u izseko\u0161anas ier\u012bci bez maksas\",\"breadcrumb\":{\"@id\":\"https:\/\/huntloc.com\/lv\/jauns-komandas-piedavajums\/#breadcrumb\"},\"inLanguage\":\"lv-LV\",\"potentialAction\":[{\"@type\":\"ReadAction\",\"target\":[\"https:\/\/huntloc.com\/lv\/jauns-komandas-piedavajums\/\"]}]},{\"@type\":\"ImageObject\",\"inLanguage\":\"lv-LV\",\"@id\":\"https:\/\/huntloc.com\/lv\/jauns-komandas-piedavajums\/#primaryimage\",\"url\":\"https:\/\/huntloc.com\/wp-content\/uploads\/2021\/05\/DSC_2423d2.png\",\"contentUrl\":\"https:\/\/huntloc.com\/wp-content\/uploads\/2021\/05\/DSC_2423d2.png\",\"width\":2000,\"height\":800},{\"@type\":\"BreadcrumbList\",\"@id\":\"https:\/\/huntloc.com\/lv\/jauns-komandas-piedavajums\/#breadcrumb\",\"itemListElement\":[{\"@type\":\"ListItem\",\"position\":1,\"name\":\"Home\",\"item\":\"https:\/\/huntloc.com\/lv\/\"},{\"@type\":\"ListItem\",\"position\":2,\"name\":\"Jauns komandas pied\u0101v\u0101jums\"}]},{\"@type\":\"WebSite\",\"@id\":\"https:\/\/huntloc.com\/et\/#website\",\"url\":\"https:\/\/huntloc.com\/et\/\",\"name\":\"Jahi \u00e4pp Huntloc\",\"description\":\"Reaalajas jahi j&auml;lgimise &auml;pp ning jahikoerte j&auml;lgimislahendus\",\"publisher\":{\"@id\":\"https:\/\/huntloc.com\/et\/#organization\"},\"potentialAction\":[{\"@type\":\"SearchAction\",\"target\":{\"@type\":\"EntryPoint\",\"urlTemplate\":\"https:\/\/huntloc.com\/et\/?s={search_term_string}\"},\"query-input\":\"required name=search_term_string\"}],\"inLanguage\":\"lv-LV\"},{\"@type\":\"Organization\",\"@id\":\"https:\/\/huntloc.com\/et\/#organization\",\"name\":\"Jahi \u00e4pp Huntloc\",\"url\":\"https:\/\/huntloc.com\/et\/\",\"logo\":{\"@type\":\"ImageObject\",\"inLanguage\":\"lv-LV\",\"@id\":\"https:\/\/huntloc.com\/et\/#\/schema\/logo\/image\/\",\"url\":\"https:\/\/huntloc.com\/wp-content\/uploads\/2020\/09\/huntloc_logo_positive.png\",\"contentUrl\":\"https:\/\/huntloc.com\/wp-content\/uploads\/2020\/09\/huntloc_logo_positive.png\",\"width\":1150,\"height\":500,\"caption\":\"Jahi \u00e4pp Huntloc\"},\"image\":{\"@id\":\"https:\/\/huntloc.com\/et\/#\/schema\/logo\/image\/\"},\"sameAs\":[\"https:\/\/www.facebook.com\/huntloc.et\/\",\"https:\/\/x.com\/HuntlocApp\",\"https:\/\/www.instagram.com\/huntloc\/\",\"https:\/\/www.youtube.com\/huntloc\",\"https:\/\/www.linkedin.com\/company\/huntloc\/\"]}]}<\/script>\n<!-- \/ Yoast SEO plugin. -->","yoast_head_json":{"title":"M\u0113s mekl\u0113jam jaunus mednieku kolekt\u012bvus","description":"Jauns mednieku kolekt\u012bvs, kas pievienojas Huntloc l\u012bdz 30.06.2023, 1 gadu var izmantot su\u0146u izseko\u0161anas ier\u012bci bez maksas","robots":{"index":"index","follow":"follow","max-snippet":"max-snippet:-1","max-image-preview":"max-image-preview:large","max-video-preview":"max-video-preview:-1"},"canonical":"https:\/\/huntloc.com\/lv\/jauns-komandas-piedavajums\/","og_locale":"lv_LV","og_type":"article","og_title":"M\u0113s mekl\u0113jam jaunus mednieku kolekt\u012bvus","og_description":"Jauns mednieku kolekt\u012bvs, kas pievienojas Huntloc l\u012bdz 30.06.2023, 1 gadu var izmantot su\u0146u izseko\u0161anas ier\u012bci bez maksas","og_url":"https:\/\/huntloc.com\/lv\/jauns-komandas-piedavajums\/","og_site_name":"Med\u012bbu lietotne &quot;Huntloc&quot;","article_publisher":"https:\/\/www.facebook.com\/huntloc.et\/","article_modified_time":"2024-10-11T08:48:25+00:00","og_image":[{"width":1024,"height":410,"url":"https:\/\/huntloc.com\/wp-content\/uploads\/2021\/05\/DSC_2423d2-1024x410.png","type":"image\/png"}],"twitter_card":"summary_large_image","twitter_site":"@HuntlocApp","twitter_misc":{"Est. reading time":"1 minute"},"schema":{"@context":"https:\/\/schema.org","@graph":[{"@type":"WebPage","@id":"https:\/\/huntloc.com\/lv\/jauns-komandas-piedavajums\/","url":"https:\/\/huntloc.com\/lv\/jauns-komandas-piedavajums\/","name":"M\u0113s mekl\u0113jam jaunus mednieku kolekt\u012bvus","isPartOf":{"@id":"https:\/\/huntloc.com\/et\/#website"},"primaryImageOfPage":{"@id":"https:\/\/huntloc.com\/lv\/jauns-komandas-piedavajums\/#primaryimage"},"image":{"@id":"https:\/\/huntloc.com\/lv\/jauns-komandas-piedavajums\/#primaryimage"},"thumbnailUrl":"https:\/\/huntloc.com\/wp-content\/uploads\/2021\/05\/DSC_2423d2.png","datePublished":"2023-05-09T12:04:01+00:00","dateModified":"2024-10-11T08:48:25+00:00","description":"Jauns mednieku kolekt\u012bvs, kas pievienojas Huntloc l\u012bdz 30.06.2023, 1 gadu var izmantot su\u0146u izseko\u0161anas ier\u012bci bez maksas","breadcrumb":{"@id":"https:\/\/huntloc.com\/lv\/jauns-komandas-piedavajums\/#breadcrumb"},"inLanguage":"lv-LV","potentialAction":[{"@type":"ReadAction","target":["https:\/\/huntloc.com\/lv\/jauns-komandas-piedavajums\/"]}]},{"@type":"ImageObject","inLanguage":"lv-LV","@id":"https:\/\/huntloc.com\/lv\/jauns-komandas-piedavajums\/#primaryimage","url":"https:\/\/huntloc.com\/wp-content\/uploads\/2021\/05\/DSC_2423d2.png","contentUrl":"https:\/\/huntloc.com\/wp-content\/uploads\/2021\/05\/DSC_2423d2.png","width":2000,"height":800},{"@type":"BreadcrumbList","@id":"https:\/\/huntloc.com\/lv\/jauns-komandas-piedavajums\/#breadcrumb","itemListElement":[{"@type":"ListItem","position":1,"name":"Home","item":"https:\/\/huntloc.com\/lv\/"},{"@type":"ListItem","position":2,"name":"Jauns komandas pied\u0101v\u0101jums"}]},{"@type":"WebSite","@id":"https:\/\/huntloc.com\/et\/#website","url":"https:\/\/huntloc.com\/et\/","name":"Jahi \u00e4pp Huntloc","description":"Reaalajas jahi j&auml;lgimise &auml;pp ning jahikoerte j&auml;lgimislahendus","publisher":{"@id":"https:\/\/huntloc.com\/et\/#organization"},"potentialAction":[{"@type":"SearchAction","target":{"@type":"EntryPoint","urlTemplate":"https:\/\/huntloc.com\/et\/?s={search_term_string}"},"query-input":"required name=search_term_string"}],"inLanguage":"lv-LV"},{"@type":"Organization","@id":"https:\/\/huntloc.com\/et\/#organization","name":"Jahi \u00e4pp Huntloc","url":"https:\/\/huntloc.com\/et\/","logo":{"@type":"ImageObject","inLanguage":"lv-LV","@id":"https:\/\/huntloc.com\/et\/#\/schema\/logo\/image\/","url":"https:\/\/huntloc.com\/wp-content\/uploads\/2020\/09\/huntloc_logo_positive.png","contentUrl":"https:\/\/huntloc.com\/wp-content\/uploads\/2020\/09\/huntloc_logo_positive.png","width":1150,"height":500,"caption":"Jahi \u00e4pp Huntloc"},"image":{"@id":"https:\/\/huntloc.com\/et\/#\/schema\/logo\/image\/"},"sameAs":["https:\/\/www.facebook.com\/huntloc.et\/","https:\/\/x.com\/HuntlocApp","https:\/\/www.instagram.com\/huntloc\/","https:\/\/www.youtube.com\/huntloc","https:\/\/www.linkedin.com\/company\/huntloc\/"]}]}},"amp_enabled":false,"_links":{"self":[{"href":"https:\/\/huntloc.com\/lv\/wp-json\/wp\/v2\/pages\/12343"}],"collection":[{"href":"https:\/\/huntloc.com\/lv\/wp-json\/wp\/v2\/pages"}],"about":[{"href":"https:\/\/huntloc.com\/lv\/wp-json\/wp\/v2\/types\/page"}],"author":[{"embeddable":true,"href":"https:\/\/huntloc.com\/lv\/wp-json\/wp\/v2\/users\/2"}],"replies":[{"embeddable":true,"href":"https:\/\/huntloc.com\/lv\/wp-json\/wp\/v2\/comments?post=12343"}],"version-history":[{"count":6,"href":"https:\/\/huntloc.com\/lv\/wp-json\/wp\/v2\/pages\/12343\/revisions"}],"predecessor-version":[{"id":13173,"href":"https:\/\/huntloc.com\/lv\/wp-json\/wp\/v2\/pages\/12343\/revisions\/13173"}],"wp:featuredmedia":[{"embeddable":true,"href":"https:\/\/huntloc.com\/lv\/wp-json\/wp\/v2\/media\/9591"}],"wp:attachment":[{"href":"https:\/\/huntloc.com\/lv\/wp-json\/wp\/v2\/media?parent=12343"}],"curies":[{"name":"wp","href":"https:\/\/api.w.org\/{rel}","templated":true}]}}