{"id":4829,"date":"2020-10-19T19:44:17","date_gmt":"2020-10-19T17:44:17","guid":{"rendered":"https:\/\/huntloc.com\/toode\/huntloci-koera-kaelarihm-s-suurus\/"},"modified":"2024-05-27T09:47:30","modified_gmt":"2024-05-27T07:47:30","slug":"huntloci-koera-kaelarihm-s-suurus","status":"publish","type":"product","link":"https:\/\/huntloc.com\/lt\/toode\/huntloci-koera-kaelarihm-s-suurus\/","title":{"rendered":"\u0160uns antkaklis, S dyd\u017eio"},"content":{"rendered":"<p>Pagaminta i\u0161 nailono, padengto poliuretanu (TPU)<\/p>\n<p><strong>Produkto apra\u0161ymas:<\/strong><\/p>\n<ul>\n<li>Skyli\u0173 skai\u010dius: 9<\/li>\n<li>Plotis: 20 mm<\/li>\n<li>Storis: 2,2 mm<\/li>\n<li>Ilgis: 45 cm<\/li>\n<li>D \u017eiedas pavad\u017eiui<\/li>\n<li>Lengva valyti<\/li>\n<li>Stipri sagtis<\/li>\n<li>Svoris 44g<\/li>\n<\/ul>\n","protected":false},"excerpt":{"rendered":"<p>Labai atspari antkakl\u0117 ma\u017eesniems \u0161unims (taksams, terjerams). Oran\u017ein\u0117 spalva<\/p>\n","protected":false},"featured_media":4721,"template":"","meta":{"om_disable_all_campaigns":false,"_monsterinsights_skip_tracking":false,"_monsterinsights_sitenote_active":false,"_monsterinsights_sitenote_note":"","_monsterinsights_sitenote_category":0,"_uf_show_specific_survey":0,"_uf_disable_surveys":false},"product_cat":[181],"product_tag":[],"acf":[],"aioseo_notices":[],"yoast_head":"<!-- This site is optimized with the Yoast SEO plugin v22.7 - https:\/\/yoast.com\/wordpress\/plugins\/seo\/ -->\n<title>\u0160uns antkaklis, S dyd\u017eio &#8212; Med\u017eiokl\u0117s program\u0117l\u0117 Huntloc<\/title>\n<meta name=\"robots\" content=\"index, follow, max-snippet:-1, max-image-preview:large, max-video-preview:-1\" \/>\n<link rel=\"canonical\" href=\"https:\/\/huntloc.com\/lt\/toode\/huntloci-koera-kaelarihm-s-suurus\/\" \/>\n<meta property=\"og:locale\" content=\"lt_LT\" \/>\n<meta property=\"og:type\" content=\"article\" \/>\n<meta property=\"og:title\" content=\"\u0160uns antkaklis, S dyd\u017eio &#8212; Med\u017eiokl\u0117s program\u0117l\u0117 Huntloc\" \/>\n<meta property=\"og:description\" content=\"Labai atspari antkakl\u0117 ma\u017eesniems \u0161unims (taksams, terjerams). Oran\u017ein\u0117 spalva\" \/>\n<meta property=\"og:url\" content=\"https:\/\/huntloc.com\/lt\/toode\/huntloci-koera-kaelarihm-s-suurus\/\" \/>\n<meta property=\"og:site_name\" content=\"Med\u017eiokl\u0117s program\u0117l\u0117 Huntloc\" \/>\n<meta property=\"article:publisher\" content=\"https:\/\/www.facebook.com\/huntloc.et\/\" \/>\n<meta property=\"article:modified_time\" content=\"2024-05-27T07:47:30+00:00\" \/>\n<meta property=\"og:image\" content=\"https:\/\/huntloc.com\/wp-content\/uploads\/2020\/10\/doglo_e-pood-6.1-scaled.jpg\" \/>\n\t<meta property=\"og:image:width\" content=\"2560\" \/>\n\t<meta property=\"og:image:height\" content=\"1828\" \/>\n\t<meta property=\"og:image:type\" content=\"image\/jpeg\" \/>\n<meta name=\"twitter:card\" content=\"summary_large_image\" \/>\n<meta name=\"twitter:site\" content=\"@HuntlocApp\" \/>\n<meta name=\"twitter:label1\" content=\"Est. reading time\" \/>\n\t<meta name=\"twitter:data1\" content=\"1 minut\u0117\" \/>\n<script type=\"application\/ld+json\" class=\"yoast-schema-graph\">{\"@context\":\"https:\/\/schema.org\",\"@graph\":[{\"@type\":\"WebPage\",\"@id\":\"https:\/\/huntloc.com\/lt\/toode\/huntloci-koera-kaelarihm-s-suurus\/\",\"url\":\"https:\/\/huntloc.com\/lt\/toode\/huntloci-koera-kaelarihm-s-suurus\/\",\"name\":\"\u0160uns antkaklis, S dyd\u017eio &#8212; Med\u017eiokl\u0117s program\u0117l\u0117 Huntloc\",\"isPartOf\":{\"@id\":\"https:\/\/huntloc.com\/et\/#website\"},\"primaryImageOfPage\":{\"@id\":\"https:\/\/huntloc.com\/lt\/toode\/huntloci-koera-kaelarihm-s-suurus\/#primaryimage\"},\"image\":{\"@id\":\"https:\/\/huntloc.com\/lt\/toode\/huntloci-koera-kaelarihm-s-suurus\/#primaryimage\"},\"thumbnailUrl\":\"https:\/\/huntloc.com\/wp-content\/uploads\/2020\/10\/doglo_e-pood-6.1-scaled.jpg\",\"datePublished\":\"2020-10-19T17:44:17+00:00\",\"dateModified\":\"2024-05-27T07:47:30+00:00\",\"breadcrumb\":{\"@id\":\"https:\/\/huntloc.com\/lt\/toode\/huntloci-koera-kaelarihm-s-suurus\/#breadcrumb\"},\"inLanguage\":\"lt-LT\",\"potentialAction\":[{\"@type\":\"ReadAction\",\"target\":[\"https:\/\/huntloc.com\/lt\/toode\/huntloci-koera-kaelarihm-s-suurus\/\"]}]},{\"@type\":\"ImageObject\",\"inLanguage\":\"lt-LT\",\"@id\":\"https:\/\/huntloc.com\/lt\/toode\/huntloci-koera-kaelarihm-s-suurus\/#primaryimage\",\"url\":\"https:\/\/huntloc.com\/wp-content\/uploads\/2020\/10\/doglo_e-pood-6.1-scaled.jpg\",\"contentUrl\":\"https:\/\/huntloc.com\/wp-content\/uploads\/2020\/10\/doglo_e-pood-6.1-scaled.jpg\",\"width\":2560,\"height\":1828},{\"@type\":\"BreadcrumbList\",\"@id\":\"https:\/\/huntloc.com\/lt\/toode\/huntloci-koera-kaelarihm-s-suurus\/#breadcrumb\",\"itemListElement\":[{\"@type\":\"ListItem\",\"position\":1,\"name\":\"Home\",\"item\":\"https:\/\/huntloc.com\/lt\/\"},{\"@type\":\"ListItem\",\"position\":2,\"name\":\"Parduotuv\u0117\",\"item\":\"https:\/\/huntloc.com\/lt\/parduotuve\/\"},{\"@type\":\"ListItem\",\"position\":3,\"name\":\"\u0160uns antkaklis, S dyd\u017eio\"}]},{\"@type\":\"WebSite\",\"@id\":\"https:\/\/huntloc.com\/et\/#website\",\"url\":\"https:\/\/huntloc.com\/et\/\",\"name\":\"Jahi \u00e4pp Huntloc\",\"description\":\"Reaalajas jahi j&auml;lgimise &auml;pp ning jahikoerte j&auml;lgimislahendus\",\"publisher\":{\"@id\":\"https:\/\/huntloc.com\/et\/#organization\"},\"potentialAction\":[{\"@type\":\"SearchAction\",\"target\":{\"@type\":\"EntryPoint\",\"urlTemplate\":\"https:\/\/huntloc.com\/et\/?s={search_term_string}\"},\"query-input\":\"required name=search_term_string\"}],\"inLanguage\":\"lt-LT\"},{\"@type\":\"Organization\",\"@id\":\"https:\/\/huntloc.com\/et\/#organization\",\"name\":\"Jahi \u00e4pp Huntloc\",\"url\":\"https:\/\/huntloc.com\/et\/\",\"logo\":{\"@type\":\"ImageObject\",\"inLanguage\":\"lt-LT\",\"@id\":\"https:\/\/huntloc.com\/et\/#\/schema\/logo\/image\/\",\"url\":\"https:\/\/huntloc.com\/wp-content\/uploads\/2020\/09\/huntloc_logo_positive.png\",\"contentUrl\":\"https:\/\/huntloc.com\/wp-content\/uploads\/2020\/09\/huntloc_logo_positive.png\",\"width\":1150,\"height\":500,\"caption\":\"Jahi \u00e4pp Huntloc\"},\"image\":{\"@id\":\"https:\/\/huntloc.com\/et\/#\/schema\/logo\/image\/\"},\"sameAs\":[\"https:\/\/www.facebook.com\/huntloc.et\/\",\"https:\/\/x.com\/HuntlocApp\",\"https:\/\/www.instagram.com\/huntloc\/\",\"https:\/\/www.youtube.com\/huntloc\",\"https:\/\/www.linkedin.com\/company\/huntloc\/\"]}]}<\/script>\n<!-- \/ Yoast SEO plugin. -->","yoast_head_json":{"title":"\u0160uns antkaklis, S dyd\u017eio &#8212; Med\u017eiokl\u0117s program\u0117l\u0117 Huntloc","robots":{"index":"index","follow":"follow","max-snippet":"max-snippet:-1","max-image-preview":"max-image-preview:large","max-video-preview":"max-video-preview:-1"},"canonical":"https:\/\/huntloc.com\/lt\/toode\/huntloci-koera-kaelarihm-s-suurus\/","og_locale":"lt_LT","og_type":"article","og_title":"\u0160uns antkaklis, S dyd\u017eio &#8212; Med\u017eiokl\u0117s program\u0117l\u0117 Huntloc","og_description":"Labai atspari antkakl\u0117 ma\u017eesniems \u0161unims (taksams, terjerams). Oran\u017ein\u0117 spalva","og_url":"https:\/\/huntloc.com\/lt\/toode\/huntloci-koera-kaelarihm-s-suurus\/","og_site_name":"Med\u017eiokl\u0117s program\u0117l\u0117 Huntloc","article_publisher":"https:\/\/www.facebook.com\/huntloc.et\/","article_modified_time":"2024-05-27T07:47:30+00:00","og_image":[{"width":2560,"height":1828,"url":"https:\/\/huntloc.com\/wp-content\/uploads\/2020\/10\/doglo_e-pood-6.1-scaled.jpg","type":"image\/jpeg"}],"twitter_card":"summary_large_image","twitter_site":"@HuntlocApp","twitter_misc":{"Est. reading time":"1 minut\u0117"},"schema":{"@context":"https:\/\/schema.org","@graph":[{"@type":"WebPage","@id":"https:\/\/huntloc.com\/lt\/toode\/huntloci-koera-kaelarihm-s-suurus\/","url":"https:\/\/huntloc.com\/lt\/toode\/huntloci-koera-kaelarihm-s-suurus\/","name":"\u0160uns antkaklis, S dyd\u017eio &#8212; Med\u017eiokl\u0117s program\u0117l\u0117 Huntloc","isPartOf":{"@id":"https:\/\/huntloc.com\/et\/#website"},"primaryImageOfPage":{"@id":"https:\/\/huntloc.com\/lt\/toode\/huntloci-koera-kaelarihm-s-suurus\/#primaryimage"},"image":{"@id":"https:\/\/huntloc.com\/lt\/toode\/huntloci-koera-kaelarihm-s-suurus\/#primaryimage"},"thumbnailUrl":"https:\/\/huntloc.com\/wp-content\/uploads\/2020\/10\/doglo_e-pood-6.1-scaled.jpg","datePublished":"2020-10-19T17:44:17+00:00","dateModified":"2024-05-27T07:47:30+00:00","breadcrumb":{"@id":"https:\/\/huntloc.com\/lt\/toode\/huntloci-koera-kaelarihm-s-suurus\/#breadcrumb"},"inLanguage":"lt-LT","potentialAction":[{"@type":"ReadAction","target":["https:\/\/huntloc.com\/lt\/toode\/huntloci-koera-kaelarihm-s-suurus\/"]}]},{"@type":"ImageObject","inLanguage":"lt-LT","@id":"https:\/\/huntloc.com\/lt\/toode\/huntloci-koera-kaelarihm-s-suurus\/#primaryimage","url":"https:\/\/huntloc.com\/wp-content\/uploads\/2020\/10\/doglo_e-pood-6.1-scaled.jpg","contentUrl":"https:\/\/huntloc.com\/wp-content\/uploads\/2020\/10\/doglo_e-pood-6.1-scaled.jpg","width":2560,"height":1828},{"@type":"BreadcrumbList","@id":"https:\/\/huntloc.com\/lt\/toode\/huntloci-koera-kaelarihm-s-suurus\/#breadcrumb","itemListElement":[{"@type":"ListItem","position":1,"name":"Home","item":"https:\/\/huntloc.com\/lt\/"},{"@type":"ListItem","position":2,"name":"Parduotuv\u0117","item":"https:\/\/huntloc.com\/lt\/parduotuve\/"},{"@type":"ListItem","position":3,"name":"\u0160uns antkaklis, S dyd\u017eio"}]},{"@type":"WebSite","@id":"https:\/\/huntloc.com\/et\/#website","url":"https:\/\/huntloc.com\/et\/","name":"Jahi \u00e4pp Huntloc","description":"Reaalajas jahi j&auml;lgimise &auml;pp ning jahikoerte j&auml;lgimislahendus","publisher":{"@id":"https:\/\/huntloc.com\/et\/#organization"},"potentialAction":[{"@type":"SearchAction","target":{"@type":"EntryPoint","urlTemplate":"https:\/\/huntloc.com\/et\/?s={search_term_string}"},"query-input":"required name=search_term_string"}],"inLanguage":"lt-LT"},{"@type":"Organization","@id":"https:\/\/huntloc.com\/et\/#organization","name":"Jahi \u00e4pp Huntloc","url":"https:\/\/huntloc.com\/et\/","logo":{"@type":"ImageObject","inLanguage":"lt-LT","@id":"https:\/\/huntloc.com\/et\/#\/schema\/logo\/image\/","url":"https:\/\/huntloc.com\/wp-content\/uploads\/2020\/09\/huntloc_logo_positive.png","contentUrl":"https:\/\/huntloc.com\/wp-content\/uploads\/2020\/09\/huntloc_logo_positive.png","width":1150,"height":500,"caption":"Jahi \u00e4pp Huntloc"},"image":{"@id":"https:\/\/huntloc.com\/et\/#\/schema\/logo\/image\/"},"sameAs":["https:\/\/www.facebook.com\/huntloc.et\/","https:\/\/x.com\/HuntlocApp","https:\/\/www.instagram.com\/huntloc\/","https:\/\/www.youtube.com\/huntloc","https:\/\/www.linkedin.com\/company\/huntloc\/"]}]}},"_links":{"self":[{"href":"https:\/\/huntloc.com\/lt\/wp-json\/wp\/v2\/product\/4829"}],"collection":[{"href":"https:\/\/huntloc.com\/lt\/wp-json\/wp\/v2\/product"}],"about":[{"href":"https:\/\/huntloc.com\/lt\/wp-json\/wp\/v2\/types\/product"}],"wp:featuredmedia":[{"embeddable":true,"href":"https:\/\/huntloc.com\/lt\/wp-json\/wp\/v2\/media\/4721"}],"wp:attachment":[{"href":"https:\/\/huntloc.com\/lt\/wp-json\/wp\/v2\/media?parent=4829"}],"wp:term":[{"taxonomy":"product_cat","embeddable":true,"href":"https:\/\/huntloc.com\/lt\/wp-json\/wp\/v2\/product_cat?post=4829"},{"taxonomy":"product_tag","embeddable":true,"href":"https:\/\/huntloc.com\/lt\/wp-json\/wp\/v2\/product_tag?post=4829"}],"curies":[{"name":"wp","href":"https:\/\/api.w.org\/{rel}","templated":true}]}}