{"id":10096,"date":"2020-09-22T18:36:01","date_gmt":"2020-09-22T16:36:01","guid":{"rendered":"https:\/\/huntloc.com\/toode\/kap-huntloc\/"},"modified":"2024-05-27T09:45:39","modified_gmt":"2024-05-27T07:45:39","slug":"kap-huntloc","status":"publish","type":"product","link":"https:\/\/huntloc.com\/lt\/toode\/kap-huntloc\/","title":{"rendered":"Kap &#8222;Huntloc&#8221;"},"content":{"rendered":"<p>Universalus dydis. Spalva oran\u017ein\u0117<\/p>\n","protected":false},"excerpt":{"rendered":"<p>Oran\u017ein\u0117 kepur\u0117 su Huntloc logotipu.<\/p>\n","protected":false},"featured_media":4723,"template":"","meta":{"om_disable_all_campaigns":false,"_monsterinsights_skip_tracking":false,"_monsterinsights_sitenote_active":false,"_monsterinsights_sitenote_note":"","_monsterinsights_sitenote_category":0,"_uf_show_specific_survey":0,"_uf_disable_surveys":false},"product_cat":[182],"product_tag":[],"acf":[],"aioseo_notices":[],"yoast_head":"<!-- This site is optimized with the Yoast SEO plugin v22.7 - https:\/\/yoast.com\/wordpress\/plugins\/seo\/ -->\n<title>Kap &quot;Huntloc&quot; &#8212; Med\u017eiokl\u0117s program\u0117l\u0117 Huntloc<\/title>\n<meta name=\"robots\" content=\"index, follow, max-snippet:-1, max-image-preview:large, max-video-preview:-1\" \/>\n<link rel=\"canonical\" href=\"https:\/\/huntloc.com\/de\/produkt\/huntloc-nokamuts\/\" \/>\n<meta property=\"og:locale\" content=\"lt_LT\" \/>\n<meta property=\"og:type\" content=\"article\" \/>\n<meta property=\"og:title\" content=\"Kap &quot;Huntloc&quot; &#8212; Med\u017eiokl\u0117s program\u0117l\u0117 Huntloc\" \/>\n<meta property=\"og:description\" content=\"Oran\u017ein\u0117 kepur\u0117 su Huntloc logotipu.\" \/>\n<meta property=\"og:url\" content=\"https:\/\/huntloc.com\/de\/produkt\/huntloc-nokamuts\/\" \/>\n<meta property=\"og:site_name\" content=\"Med\u017eiokl\u0117s program\u0117l\u0117 Huntloc\" \/>\n<meta property=\"article:publisher\" content=\"https:\/\/www.facebook.com\/huntloc.et\/\" \/>\n<meta property=\"article:modified_time\" content=\"2024-05-27T07:45:39+00:00\" \/>\n<meta property=\"og:image\" content=\"https:\/\/huntloc.com\/wp-content\/uploads\/2020\/10\/doglo_e-pood-8.1jpg-scaled.jpg\" \/>\n\t<meta property=\"og:image:width\" content=\"2560\" \/>\n\t<meta property=\"og:image:height\" content=\"1828\" \/>\n\t<meta property=\"og:image:type\" content=\"image\/jpeg\" \/>\n<meta name=\"twitter:card\" content=\"summary_large_image\" \/>\n<meta name=\"twitter:site\" content=\"@HuntlocApp\" \/>\n<meta name=\"twitter:label1\" content=\"Est. reading time\" \/>\n\t<meta name=\"twitter:data1\" content=\"1 minut\u0117\" \/>\n<script type=\"application\/ld+json\" class=\"yoast-schema-graph\">{\"@context\":\"https:\/\/schema.org\",\"@graph\":[{\"@type\":\"WebPage\",\"@id\":\"https:\/\/huntloc.com\/de\/produkt\/huntloc-nokamuts\/\",\"url\":\"https:\/\/huntloc.com\/de\/produkt\/huntloc-nokamuts\/\",\"name\":\"Kap \\\"Huntloc\\\" &#8212; Med\u017eiokl\u0117s program\u0117l\u0117 Huntloc\",\"isPartOf\":{\"@id\":\"https:\/\/huntloc.com\/et\/#website\"},\"primaryImageOfPage\":{\"@id\":\"https:\/\/huntloc.com\/de\/produkt\/huntloc-nokamuts\/#primaryimage\"},\"image\":{\"@id\":\"https:\/\/huntloc.com\/de\/produkt\/huntloc-nokamuts\/#primaryimage\"},\"thumbnailUrl\":\"https:\/\/huntloc.com\/wp-content\/uploads\/2020\/10\/doglo_e-pood-8.1jpg-scaled.jpg\",\"datePublished\":\"2020-09-22T16:36:01+00:00\",\"dateModified\":\"2024-05-27T07:45:39+00:00\",\"breadcrumb\":{\"@id\":\"https:\/\/huntloc.com\/de\/produkt\/huntloc-nokamuts\/#breadcrumb\"},\"inLanguage\":\"lt-LT\",\"potentialAction\":[{\"@type\":\"ReadAction\",\"target\":[\"https:\/\/huntloc.com\/de\/produkt\/huntloc-nokamuts\/\"]}]},{\"@type\":\"ImageObject\",\"inLanguage\":\"lt-LT\",\"@id\":\"https:\/\/huntloc.com\/de\/produkt\/huntloc-nokamuts\/#primaryimage\",\"url\":\"https:\/\/huntloc.com\/wp-content\/uploads\/2020\/10\/doglo_e-pood-8.1jpg-scaled.jpg\",\"contentUrl\":\"https:\/\/huntloc.com\/wp-content\/uploads\/2020\/10\/doglo_e-pood-8.1jpg-scaled.jpg\",\"width\":2560,\"height\":1828},{\"@type\":\"BreadcrumbList\",\"@id\":\"https:\/\/huntloc.com\/de\/produkt\/huntloc-nokamuts\/#breadcrumb\",\"itemListElement\":[{\"@type\":\"ListItem\",\"position\":1,\"name\":\"Home\",\"item\":\"https:\/\/huntloc.com\/lt\/\"},{\"@type\":\"ListItem\",\"position\":2,\"name\":\"Parduotuv\u0117\",\"item\":\"https:\/\/huntloc.com\/lt\/parduotuve\/\"},{\"@type\":\"ListItem\",\"position\":3,\"name\":\"Kap &#8220;Huntloc&#8221;\"}]},{\"@type\":\"WebSite\",\"@id\":\"https:\/\/huntloc.com\/et\/#website\",\"url\":\"https:\/\/huntloc.com\/et\/\",\"name\":\"Jahi \u00e4pp Huntloc\",\"description\":\"Reaalajas jahi j&auml;lgimise &auml;pp ning jahikoerte j&auml;lgimislahendus\",\"publisher\":{\"@id\":\"https:\/\/huntloc.com\/et\/#organization\"},\"potentialAction\":[{\"@type\":\"SearchAction\",\"target\":{\"@type\":\"EntryPoint\",\"urlTemplate\":\"https:\/\/huntloc.com\/et\/?s={search_term_string}\"},\"query-input\":\"required name=search_term_string\"}],\"inLanguage\":\"lt-LT\"},{\"@type\":\"Organization\",\"@id\":\"https:\/\/huntloc.com\/et\/#organization\",\"name\":\"Jahi \u00e4pp Huntloc\",\"url\":\"https:\/\/huntloc.com\/et\/\",\"logo\":{\"@type\":\"ImageObject\",\"inLanguage\":\"lt-LT\",\"@id\":\"https:\/\/huntloc.com\/et\/#\/schema\/logo\/image\/\",\"url\":\"https:\/\/huntloc.com\/wp-content\/uploads\/2020\/09\/huntloc_logo_positive.png\",\"contentUrl\":\"https:\/\/huntloc.com\/wp-content\/uploads\/2020\/09\/huntloc_logo_positive.png\",\"width\":1150,\"height\":500,\"caption\":\"Jahi \u00e4pp Huntloc\"},\"image\":{\"@id\":\"https:\/\/huntloc.com\/et\/#\/schema\/logo\/image\/\"},\"sameAs\":[\"https:\/\/www.facebook.com\/huntloc.et\/\",\"https:\/\/x.com\/HuntlocApp\",\"https:\/\/www.instagram.com\/huntloc\/\",\"https:\/\/www.youtube.com\/huntloc\",\"https:\/\/www.linkedin.com\/company\/huntloc\/\"]}]}<\/script>\n<!-- \/ Yoast SEO plugin. -->","yoast_head_json":{"title":"Kap \"Huntloc\" &#8212; Med\u017eiokl\u0117s program\u0117l\u0117 Huntloc","robots":{"index":"index","follow":"follow","max-snippet":"max-snippet:-1","max-image-preview":"max-image-preview:large","max-video-preview":"max-video-preview:-1"},"canonical":"https:\/\/huntloc.com\/de\/produkt\/huntloc-nokamuts\/","og_locale":"lt_LT","og_type":"article","og_title":"Kap \"Huntloc\" &#8212; Med\u017eiokl\u0117s program\u0117l\u0117 Huntloc","og_description":"Oran\u017ein\u0117 kepur\u0117 su Huntloc logotipu.","og_url":"https:\/\/huntloc.com\/de\/produkt\/huntloc-nokamuts\/","og_site_name":"Med\u017eiokl\u0117s program\u0117l\u0117 Huntloc","article_publisher":"https:\/\/www.facebook.com\/huntloc.et\/","article_modified_time":"2024-05-27T07:45:39+00:00","og_image":[{"width":2560,"height":1828,"url":"https:\/\/huntloc.com\/wp-content\/uploads\/2020\/10\/doglo_e-pood-8.1jpg-scaled.jpg","type":"image\/jpeg"}],"twitter_card":"summary_large_image","twitter_site":"@HuntlocApp","twitter_misc":{"Est. reading time":"1 minut\u0117"},"schema":{"@context":"https:\/\/schema.org","@graph":[{"@type":"WebPage","@id":"https:\/\/huntloc.com\/de\/produkt\/huntloc-nokamuts\/","url":"https:\/\/huntloc.com\/de\/produkt\/huntloc-nokamuts\/","name":"Kap \"Huntloc\" &#8212; Med\u017eiokl\u0117s program\u0117l\u0117 Huntloc","isPartOf":{"@id":"https:\/\/huntloc.com\/et\/#website"},"primaryImageOfPage":{"@id":"https:\/\/huntloc.com\/de\/produkt\/huntloc-nokamuts\/#primaryimage"},"image":{"@id":"https:\/\/huntloc.com\/de\/produkt\/huntloc-nokamuts\/#primaryimage"},"thumbnailUrl":"https:\/\/huntloc.com\/wp-content\/uploads\/2020\/10\/doglo_e-pood-8.1jpg-scaled.jpg","datePublished":"2020-09-22T16:36:01+00:00","dateModified":"2024-05-27T07:45:39+00:00","breadcrumb":{"@id":"https:\/\/huntloc.com\/de\/produkt\/huntloc-nokamuts\/#breadcrumb"},"inLanguage":"lt-LT","potentialAction":[{"@type":"ReadAction","target":["https:\/\/huntloc.com\/de\/produkt\/huntloc-nokamuts\/"]}]},{"@type":"ImageObject","inLanguage":"lt-LT","@id":"https:\/\/huntloc.com\/de\/produkt\/huntloc-nokamuts\/#primaryimage","url":"https:\/\/huntloc.com\/wp-content\/uploads\/2020\/10\/doglo_e-pood-8.1jpg-scaled.jpg","contentUrl":"https:\/\/huntloc.com\/wp-content\/uploads\/2020\/10\/doglo_e-pood-8.1jpg-scaled.jpg","width":2560,"height":1828},{"@type":"BreadcrumbList","@id":"https:\/\/huntloc.com\/de\/produkt\/huntloc-nokamuts\/#breadcrumb","itemListElement":[{"@type":"ListItem","position":1,"name":"Home","item":"https:\/\/huntloc.com\/lt\/"},{"@type":"ListItem","position":2,"name":"Parduotuv\u0117","item":"https:\/\/huntloc.com\/lt\/parduotuve\/"},{"@type":"ListItem","position":3,"name":"Kap &#8220;Huntloc&#8221;"}]},{"@type":"WebSite","@id":"https:\/\/huntloc.com\/et\/#website","url":"https:\/\/huntloc.com\/et\/","name":"Jahi \u00e4pp Huntloc","description":"Reaalajas jahi j&auml;lgimise &auml;pp ning jahikoerte j&auml;lgimislahendus","publisher":{"@id":"https:\/\/huntloc.com\/et\/#organization"},"potentialAction":[{"@type":"SearchAction","target":{"@type":"EntryPoint","urlTemplate":"https:\/\/huntloc.com\/et\/?s={search_term_string}"},"query-input":"required name=search_term_string"}],"inLanguage":"lt-LT"},{"@type":"Organization","@id":"https:\/\/huntloc.com\/et\/#organization","name":"Jahi \u00e4pp Huntloc","url":"https:\/\/huntloc.com\/et\/","logo":{"@type":"ImageObject","inLanguage":"lt-LT","@id":"https:\/\/huntloc.com\/et\/#\/schema\/logo\/image\/","url":"https:\/\/huntloc.com\/wp-content\/uploads\/2020\/09\/huntloc_logo_positive.png","contentUrl":"https:\/\/huntloc.com\/wp-content\/uploads\/2020\/09\/huntloc_logo_positive.png","width":1150,"height":500,"caption":"Jahi \u00e4pp Huntloc"},"image":{"@id":"https:\/\/huntloc.com\/et\/#\/schema\/logo\/image\/"},"sameAs":["https:\/\/www.facebook.com\/huntloc.et\/","https:\/\/x.com\/HuntlocApp","https:\/\/www.instagram.com\/huntloc\/","https:\/\/www.youtube.com\/huntloc","https:\/\/www.linkedin.com\/company\/huntloc\/"]}]}},"_links":{"self":[{"href":"https:\/\/huntloc.com\/lt\/wp-json\/wp\/v2\/product\/10096"}],"collection":[{"href":"https:\/\/huntloc.com\/lt\/wp-json\/wp\/v2\/product"}],"about":[{"href":"https:\/\/huntloc.com\/lt\/wp-json\/wp\/v2\/types\/product"}],"wp:featuredmedia":[{"embeddable":true,"href":"https:\/\/huntloc.com\/lt\/wp-json\/wp\/v2\/media\/4723"}],"wp:attachment":[{"href":"https:\/\/huntloc.com\/lt\/wp-json\/wp\/v2\/media?parent=10096"}],"wp:term":[{"taxonomy":"product_cat","embeddable":true,"href":"https:\/\/huntloc.com\/lt\/wp-json\/wp\/v2\/product_cat?post=10096"},{"taxonomy":"product_tag","embeddable":true,"href":"https:\/\/huntloc.com\/lt\/wp-json\/wp\/v2\/product_tag?post=10096"}],"curies":[{"name":"wp","href":"https:\/\/api.w.org\/{rel}","templated":true}]}}