{"id":4788,"date":"2020-08-31T12:34:53","date_gmt":"2020-08-31T12:34:53","guid":{"rendered":"https:\/\/huntloc.com\/koer\/"},"modified":"2025-07-09T15:38:37","modified_gmt":"2025-07-09T13:38:37","slug":"sunu-sekimo-gps","status":"publish","type":"page","link":"https:\/\/huntloc.com\/lt\/sunu-sekimo-gps\/","title":{"rendered":"\u0160un\u0173 sekimo GPS"},"content":{"rendered":"","protected":false},"excerpt":{"rendered":"","protected":false},"author":2,"featured_media":9485,"parent":0,"menu_order":0,"comment_status":"closed","ping_status":"closed","template":"templates\/dog.php","meta":{"om_disable_all_campaigns":false,"_monsterinsights_skip_tracking":false,"_monsterinsights_sitenote_active":false,"_monsterinsights_sitenote_note":"","_monsterinsights_sitenote_category":0,"_uf_show_specific_survey":0,"_uf_disable_surveys":false,"footnotes":""},"acf":[],"aioseo_notices":[],"yoast_head":"<!-- This site is optimized with the Yoast SEO plugin v22.7 - https:\/\/yoast.com\/wordpress\/plugins\/seo\/ -->\n<title>\u0160un\u0173 sekimo GPS &#8212; Med\u017eiokl\u0117s program\u0117l\u0117 Huntloc<\/title>\n<meta name=\"description\" content=\"Steb\u0117kite savo \u0161uns buvimo viet\u0105 realiuoju laiku. Greitas ir paprastas b\u016bdas steb\u0117ti \u0161un\u012f med\u017eiokl\u0117s metu.\" \/>\n<meta name=\"robots\" content=\"index, follow, max-snippet:-1, max-image-preview:large, max-video-preview:-1\" \/>\n<link rel=\"canonical\" href=\"https:\/\/huntloc.com\/lt\/sunu-sekimo-gps\/\" \/>\n<meta property=\"og:locale\" content=\"lt_LT\" \/>\n<meta property=\"og:type\" content=\"article\" \/>\n<meta property=\"og:title\" content=\"\u0160un\u0173 sekimo GPS &#8212; Med\u017eiokl\u0117s program\u0117l\u0117 Huntloc\" \/>\n<meta property=\"og:description\" content=\"Steb\u0117kite savo \u0161uns buvimo viet\u0105 realiuoju laiku. Greitas ir paprastas b\u016bdas steb\u0117ti \u0161un\u012f med\u017eiokl\u0117s metu.\" \/>\n<meta property=\"og:url\" content=\"https:\/\/huntloc.com\/lt\/sunu-sekimo-gps\/\" \/>\n<meta property=\"og:site_name\" content=\"Med\u017eiokl\u0117s program\u0117l\u0117 Huntloc\" \/>\n<meta property=\"article:publisher\" content=\"https:\/\/www.facebook.com\/huntloc.et\/\" \/>\n<meta property=\"article:modified_time\" content=\"2025-07-09T13:38:37+00:00\" \/>\n<meta property=\"og:image\" content=\"https:\/\/huntloc.com\/wp-content\/uploads\/2020\/09\/Hagijas-1.jpg\" \/>\n\t<meta property=\"og:image:width\" content=\"1152\" \/>\n\t<meta property=\"og:image:height\" content=\"768\" \/>\n\t<meta property=\"og:image:type\" content=\"image\/jpeg\" \/>\n<meta name=\"twitter:card\" content=\"summary_large_image\" \/>\n<meta name=\"twitter:site\" content=\"@HuntlocApp\" \/>\n<meta name=\"twitter:label1\" content=\"Est. reading time\" \/>\n\t<meta name=\"twitter:data1\" content=\"1 minut\u0117\" \/>\n<script type=\"application\/ld+json\" class=\"yoast-schema-graph\">{\"@context\":\"https:\/\/schema.org\",\"@graph\":[{\"@type\":\"WebPage\",\"@id\":\"https:\/\/huntloc.com\/lt\/sunu-sekimo-gps\/\",\"url\":\"https:\/\/huntloc.com\/lt\/sunu-sekimo-gps\/\",\"name\":\"\u0160un\u0173 sekimo GPS &#8212; Med\u017eiokl\u0117s program\u0117l\u0117 Huntloc\",\"isPartOf\":{\"@id\":\"https:\/\/huntloc.com\/et\/#website\"},\"primaryImageOfPage\":{\"@id\":\"https:\/\/huntloc.com\/lt\/sunu-sekimo-gps\/#primaryimage\"},\"image\":{\"@id\":\"https:\/\/huntloc.com\/lt\/sunu-sekimo-gps\/#primaryimage\"},\"thumbnailUrl\":\"https:\/\/huntloc.com\/wp-content\/uploads\/2020\/09\/Hagijas-1.jpg\",\"datePublished\":\"2020-08-31T12:34:53+00:00\",\"dateModified\":\"2025-07-09T13:38:37+00:00\",\"description\":\"Steb\u0117kite savo \u0161uns buvimo viet\u0105 realiuoju laiku. Greitas ir paprastas b\u016bdas steb\u0117ti \u0161un\u012f med\u017eiokl\u0117s metu.\",\"breadcrumb\":{\"@id\":\"https:\/\/huntloc.com\/lt\/sunu-sekimo-gps\/#breadcrumb\"},\"inLanguage\":\"lt-LT\",\"potentialAction\":[{\"@type\":\"ReadAction\",\"target\":[\"https:\/\/huntloc.com\/lt\/sunu-sekimo-gps\/\"]}]},{\"@type\":\"ImageObject\",\"inLanguage\":\"lt-LT\",\"@id\":\"https:\/\/huntloc.com\/lt\/sunu-sekimo-gps\/#primaryimage\",\"url\":\"https:\/\/huntloc.com\/wp-content\/uploads\/2020\/09\/Hagijas-1.jpg\",\"contentUrl\":\"https:\/\/huntloc.com\/wp-content\/uploads\/2020\/09\/Hagijas-1.jpg\",\"width\":1152,\"height\":768},{\"@type\":\"BreadcrumbList\",\"@id\":\"https:\/\/huntloc.com\/lt\/sunu-sekimo-gps\/#breadcrumb\",\"itemListElement\":[{\"@type\":\"ListItem\",\"position\":1,\"name\":\"Home\",\"item\":\"https:\/\/huntloc.com\/lt\/\"},{\"@type\":\"ListItem\",\"position\":2,\"name\":\"\u0160un\u0173 sekimo GPS\"}]},{\"@type\":\"WebSite\",\"@id\":\"https:\/\/huntloc.com\/et\/#website\",\"url\":\"https:\/\/huntloc.com\/et\/\",\"name\":\"Jahi \u00e4pp Huntloc\",\"description\":\"Reaalajas jahi j&auml;lgimise &auml;pp ning jahikoerte j&auml;lgimislahendus\",\"publisher\":{\"@id\":\"https:\/\/huntloc.com\/et\/#organization\"},\"potentialAction\":[{\"@type\":\"SearchAction\",\"target\":{\"@type\":\"EntryPoint\",\"urlTemplate\":\"https:\/\/huntloc.com\/et\/?s={search_term_string}\"},\"query-input\":\"required name=search_term_string\"}],\"inLanguage\":\"lt-LT\"},{\"@type\":\"Organization\",\"@id\":\"https:\/\/huntloc.com\/et\/#organization\",\"name\":\"Jahi \u00e4pp Huntloc\",\"url\":\"https:\/\/huntloc.com\/et\/\",\"logo\":{\"@type\":\"ImageObject\",\"inLanguage\":\"lt-LT\",\"@id\":\"https:\/\/huntloc.com\/et\/#\/schema\/logo\/image\/\",\"url\":\"https:\/\/huntloc.com\/wp-content\/uploads\/2020\/09\/huntloc_logo_positive.png\",\"contentUrl\":\"https:\/\/huntloc.com\/wp-content\/uploads\/2020\/09\/huntloc_logo_positive.png\",\"width\":1150,\"height\":500,\"caption\":\"Jahi \u00e4pp Huntloc\"},\"image\":{\"@id\":\"https:\/\/huntloc.com\/et\/#\/schema\/logo\/image\/\"},\"sameAs\":[\"https:\/\/www.facebook.com\/huntloc.et\/\",\"https:\/\/x.com\/HuntlocApp\",\"https:\/\/www.instagram.com\/huntloc\/\",\"https:\/\/www.youtube.com\/huntloc\",\"https:\/\/www.linkedin.com\/company\/huntloc\/\"]}]}<\/script>\n<!-- \/ Yoast SEO plugin. -->","yoast_head_json":{"title":"\u0160un\u0173 sekimo GPS &#8212; Med\u017eiokl\u0117s program\u0117l\u0117 Huntloc","description":"Steb\u0117kite savo \u0161uns buvimo viet\u0105 realiuoju laiku. Greitas ir paprastas b\u016bdas steb\u0117ti \u0161un\u012f med\u017eiokl\u0117s metu.","robots":{"index":"index","follow":"follow","max-snippet":"max-snippet:-1","max-image-preview":"max-image-preview:large","max-video-preview":"max-video-preview:-1"},"canonical":"https:\/\/huntloc.com\/lt\/sunu-sekimo-gps\/","og_locale":"lt_LT","og_type":"article","og_title":"\u0160un\u0173 sekimo GPS &#8212; Med\u017eiokl\u0117s program\u0117l\u0117 Huntloc","og_description":"Steb\u0117kite savo \u0161uns buvimo viet\u0105 realiuoju laiku. Greitas ir paprastas b\u016bdas steb\u0117ti \u0161un\u012f med\u017eiokl\u0117s metu.","og_url":"https:\/\/huntloc.com\/lt\/sunu-sekimo-gps\/","og_site_name":"Med\u017eiokl\u0117s program\u0117l\u0117 Huntloc","article_publisher":"https:\/\/www.facebook.com\/huntloc.et\/","article_modified_time":"2025-07-09T13:38:37+00:00","og_image":[{"width":1152,"height":768,"url":"https:\/\/huntloc.com\/wp-content\/uploads\/2020\/09\/Hagijas-1.jpg","type":"image\/jpeg"}],"twitter_card":"summary_large_image","twitter_site":"@HuntlocApp","twitter_misc":{"Est. reading time":"1 minut\u0117"},"schema":{"@context":"https:\/\/schema.org","@graph":[{"@type":"WebPage","@id":"https:\/\/huntloc.com\/lt\/sunu-sekimo-gps\/","url":"https:\/\/huntloc.com\/lt\/sunu-sekimo-gps\/","name":"\u0160un\u0173 sekimo GPS &#8212; Med\u017eiokl\u0117s program\u0117l\u0117 Huntloc","isPartOf":{"@id":"https:\/\/huntloc.com\/et\/#website"},"primaryImageOfPage":{"@id":"https:\/\/huntloc.com\/lt\/sunu-sekimo-gps\/#primaryimage"},"image":{"@id":"https:\/\/huntloc.com\/lt\/sunu-sekimo-gps\/#primaryimage"},"thumbnailUrl":"https:\/\/huntloc.com\/wp-content\/uploads\/2020\/09\/Hagijas-1.jpg","datePublished":"2020-08-31T12:34:53+00:00","dateModified":"2025-07-09T13:38:37+00:00","description":"Steb\u0117kite savo \u0161uns buvimo viet\u0105 realiuoju laiku. Greitas ir paprastas b\u016bdas steb\u0117ti \u0161un\u012f med\u017eiokl\u0117s metu.","breadcrumb":{"@id":"https:\/\/huntloc.com\/lt\/sunu-sekimo-gps\/#breadcrumb"},"inLanguage":"lt-LT","potentialAction":[{"@type":"ReadAction","target":["https:\/\/huntloc.com\/lt\/sunu-sekimo-gps\/"]}]},{"@type":"ImageObject","inLanguage":"lt-LT","@id":"https:\/\/huntloc.com\/lt\/sunu-sekimo-gps\/#primaryimage","url":"https:\/\/huntloc.com\/wp-content\/uploads\/2020\/09\/Hagijas-1.jpg","contentUrl":"https:\/\/huntloc.com\/wp-content\/uploads\/2020\/09\/Hagijas-1.jpg","width":1152,"height":768},{"@type":"BreadcrumbList","@id":"https:\/\/huntloc.com\/lt\/sunu-sekimo-gps\/#breadcrumb","itemListElement":[{"@type":"ListItem","position":1,"name":"Home","item":"https:\/\/huntloc.com\/lt\/"},{"@type":"ListItem","position":2,"name":"\u0160un\u0173 sekimo GPS"}]},{"@type":"WebSite","@id":"https:\/\/huntloc.com\/et\/#website","url":"https:\/\/huntloc.com\/et\/","name":"Jahi \u00e4pp Huntloc","description":"Reaalajas jahi j&auml;lgimise &auml;pp ning jahikoerte j&auml;lgimislahendus","publisher":{"@id":"https:\/\/huntloc.com\/et\/#organization"},"potentialAction":[{"@type":"SearchAction","target":{"@type":"EntryPoint","urlTemplate":"https:\/\/huntloc.com\/et\/?s={search_term_string}"},"query-input":"required name=search_term_string"}],"inLanguage":"lt-LT"},{"@type":"Organization","@id":"https:\/\/huntloc.com\/et\/#organization","name":"Jahi \u00e4pp Huntloc","url":"https:\/\/huntloc.com\/et\/","logo":{"@type":"ImageObject","inLanguage":"lt-LT","@id":"https:\/\/huntloc.com\/et\/#\/schema\/logo\/image\/","url":"https:\/\/huntloc.com\/wp-content\/uploads\/2020\/09\/huntloc_logo_positive.png","contentUrl":"https:\/\/huntloc.com\/wp-content\/uploads\/2020\/09\/huntloc_logo_positive.png","width":1150,"height":500,"caption":"Jahi \u00e4pp Huntloc"},"image":{"@id":"https:\/\/huntloc.com\/et\/#\/schema\/logo\/image\/"},"sameAs":["https:\/\/www.facebook.com\/huntloc.et\/","https:\/\/x.com\/HuntlocApp","https:\/\/www.instagram.com\/huntloc\/","https:\/\/www.youtube.com\/huntloc","https:\/\/www.linkedin.com\/company\/huntloc\/"]}]}},"amp_enabled":false,"_links":{"self":[{"href":"https:\/\/huntloc.com\/lt\/wp-json\/wp\/v2\/pages\/4788"}],"collection":[{"href":"https:\/\/huntloc.com\/lt\/wp-json\/wp\/v2\/pages"}],"about":[{"href":"https:\/\/huntloc.com\/lt\/wp-json\/wp\/v2\/types\/page"}],"author":[{"embeddable":true,"href":"https:\/\/huntloc.com\/lt\/wp-json\/wp\/v2\/users\/2"}],"replies":[{"embeddable":true,"href":"https:\/\/huntloc.com\/lt\/wp-json\/wp\/v2\/comments?post=4788"}],"version-history":[{"count":31,"href":"https:\/\/huntloc.com\/lt\/wp-json\/wp\/v2\/pages\/4788\/revisions"}],"predecessor-version":[{"id":13942,"href":"https:\/\/huntloc.com\/lt\/wp-json\/wp\/v2\/pages\/4788\/revisions\/13942"}],"wp:featuredmedia":[{"embeddable":true,"href":"https:\/\/huntloc.com\/lt\/wp-json\/wp\/v2\/media\/9485"}],"wp:attachment":[{"href":"https:\/\/huntloc.com\/lt\/wp-json\/wp\/v2\/media?parent=4788"}],"curies":[{"name":"wp","href":"https:\/\/api.w.org\/{rel}","templated":true}]}}