{"id":14357,"date":"2026-01-14T14:24:57","date_gmt":"2026-01-14T12:24:57","guid":{"rendered":"https:\/\/huntloc.com\/medziokles-zemelapis\/"},"modified":"2026-01-14T14:24:57","modified_gmt":"2026-01-14T12:24:57","slug":"medziokles-zemelapis","status":"publish","type":"page","link":"https:\/\/huntloc.com\/lt\/medziokles-zemelapis\/","title":{"rendered":"Med\u017eiokl\u0117s \u017eem\u0117lapis"},"content":{"rendered":"<p>Med\u017eiokl\u0117s \u017eem\u0117lapyje galite pa\u017eym\u0117ti \u012fvairias teritorijas, kelius ir objektus. Visi elementai matomi Huntloc mobiliojoje program\u0117l\u0117je.<\/p>\n<p>Patogiausia \u017eem\u0117lap\u012f brai\u017eyti ir tvarkyti Huntloc portale<br \/>\n(<a href=\"http:\/\/portal.huntloc.com\/\" target=\"_blank\" rel=\"noopener noreferrer\">portal.huntloc.com<\/a>).<br \/>\nNor\u0117dami prisijungti, turite b\u016bti licencijuotas naudotojas.<\/p>\n<p>Nor\u0117dami prid\u0117ti objekt\u0105 prie \u017eem\u0117lapio, kairiajame meniu pasirinkite linijos prid\u0117jim\u0105 (\u201eBrai\u017eyti sud\u0117tin\u0119 linij\u0105\u201c), teritorijos prid\u0117jim\u0105 (\u201eBrai\u017eyti daugiakamp\u012f\u201c) arba objekto prid\u0117jim\u0105 (\u201eBrai\u017eyti \u017eymekl\u012f\u201c).<br \/>\nPrid\u0117jus objekt\u0105 \u017eem\u0117lapyje, kair\u0117je pus\u0117je atsidarys med\u017eiokl\u0117s objekto meniu, kuriame gal\u0117site \u012fvesti objekto pavadinim\u0105 ir apra\u0161ym\u0105 bei nustatyti objekto parametrus.<\/p>\n<p>Med\u017eiokl\u0117s objektui galite pasirinkti \u017eymeklio tip\u0105 (\u0161audymo vietos, \u0161\u0117rimo vieta, med\u017eiokl\u0117s bok\u0161telis, druskos lai\u017eykla, bebr\u0173 sp\u0105stai ir kt.), taip pat rodomos objekto koordinat\u0117s.<br \/>\n\u017dymekl\u012f galima perkelti \u012f kit\u0105 viet\u0105, j\u012f tempiant.<\/p>\n<p>Teritorijoms galite pasirinkti spalv\u0105, ribos linijos stor\u012f ir linijos tip\u0105. Rodomas teritorijos perimetro ilgis ir plotas.<\/p>\n<p>Linijoms galite pasirinkti spalv\u0105, stor\u012f ir linijos tip\u0105. Rodomas bendras linijos ilgis.<\/p>\n<p>Visus duomenis galima redaguoti, t. y. nubrai\u017eytas teritorijas ir kelius galima koreguoti bet kuriuo metu.<\/p>\n<p>Mokomasis vaizdo \u012fra\u0161as apie \u017eem\u0117lapio brai\u017eym\u0105<br \/>\n<a href=\"https:\/\/www.youtube.com\/watch?v=gLtrtTVpCUA\" target=\"_blank\" rel=\"noopener\"> \u017di\u016br\u0117ti mokom\u0105j\u012f vaizdo \u012fra\u0161\u0105 apie \u017eem\u0117lapio brai\u017eym\u0105 <\/a><\/p>\n","protected":false},"excerpt":{"rendered":"<p>Med\u017eiokl\u0117s \u017eem\u0117lapyje galite pa\u017eym\u0117ti \u012fvairias teritorijas, kelius ir objektus. Visi elementai matomi Huntloc mobiliojoje program\u0117l\u0117je. Patogiausia \u017eem\u0117lap\u012f brai\u017eyti ir tvarkyti Huntloc portale (portal.huntloc.com). Nor\u0117dami prisijungti, turite b\u016bti licencijuotas naudotojas. Nor\u0117dami prid\u0117ti objekt\u0105 prie \u017eem\u0117lapio, kairiajame meniu pasirinkite linijos prid\u0117jim\u0105 (\u201eBrai\u017eyti sud\u0117tin\u0119 linij\u0105\u201c), teritorijos prid\u0117jim\u0105 (\u201eBrai\u017eyti daugiakamp\u012f\u201c) arba objekto prid\u0117jim\u0105 (\u201eBrai\u017eyti \u017eymekl\u012f\u201c). Prid\u0117jus objekt\u0105 \u017eem\u0117lapyje, kair\u0117je [&hellip;]<\/p>\n","protected":false},"author":2,"featured_media":14334,"parent":0,"menu_order":0,"comment_status":"closed","ping_status":"closed","template":"","meta":{"om_disable_all_campaigns":false,"_monsterinsights_skip_tracking":false,"_monsterinsights_sitenote_active":false,"_monsterinsights_sitenote_note":"","_monsterinsights_sitenote_category":0,"_uf_show_specific_survey":0,"_uf_disable_surveys":false,"footnotes":""},"acf":[],"aioseo_notices":[],"yoast_head":"<!-- This site is optimized with the Yoast SEO plugin v22.7 - https:\/\/yoast.com\/wordpress\/plugins\/seo\/ -->\n<title>Med\u017eiokl\u0117s \u017eem\u0117lapis &#8212; Med\u017eiokl\u0117s program\u0117l\u0117 Huntloc<\/title>\n<meta name=\"robots\" content=\"index, follow, max-snippet:-1, max-image-preview:large, max-video-preview:-1\" \/>\n<link rel=\"canonical\" href=\"https:\/\/huntloc.com\/medziokles-zemelapis\/\" \/>\n<meta property=\"og:locale\" content=\"lt_LT\" \/>\n<meta property=\"og:type\" content=\"article\" \/>\n<meta property=\"og:title\" content=\"Med\u017eiokl\u0117s \u017eem\u0117lapis &#8212; Med\u017eiokl\u0117s program\u0117l\u0117 Huntloc\" \/>\n<meta property=\"og:description\" content=\"Med\u017eiokl\u0117s \u017eem\u0117lapyje galite pa\u017eym\u0117ti \u012fvairias teritorijas, kelius ir objektus. Visi elementai matomi Huntloc mobiliojoje program\u0117l\u0117je. Patogiausia \u017eem\u0117lap\u012f brai\u017eyti ir tvarkyti Huntloc portale (portal.huntloc.com). Nor\u0117dami prisijungti, turite b\u016bti licencijuotas naudotojas. Nor\u0117dami prid\u0117ti objekt\u0105 prie \u017eem\u0117lapio, kairiajame meniu pasirinkite linijos prid\u0117jim\u0105 (\u201eBrai\u017eyti sud\u0117tin\u0119 linij\u0105\u201c), teritorijos prid\u0117jim\u0105 (\u201eBrai\u017eyti daugiakamp\u012f\u201c) arba objekto prid\u0117jim\u0105 (\u201eBrai\u017eyti \u017eymekl\u012f\u201c). Prid\u0117jus objekt\u0105 \u017eem\u0117lapyje, kair\u0117je [&hellip;]\" \/>\n<meta property=\"og:url\" content=\"https:\/\/huntloc.com\/medziokles-zemelapis\/\" \/>\n<meta property=\"og:site_name\" content=\"Med\u017eiokl\u0117s program\u0117l\u0117 Huntloc\" \/>\n<meta property=\"article:publisher\" content=\"https:\/\/www.facebook.com\/huntloc.et\/\" \/>\n<meta property=\"og:image\" content=\"https:\/\/huntloc.com\/wp-content\/uploads\/2020\/09\/DSC_0405-2000x640jpg.jpg\" \/>\n\t<meta property=\"og:image:width\" content=\"2000\" \/>\n\t<meta property=\"og:image:height\" content=\"640\" \/>\n\t<meta property=\"og:image:type\" content=\"image\/jpeg\" \/>\n<meta name=\"twitter:card\" content=\"summary_large_image\" \/>\n<meta name=\"twitter:site\" content=\"@HuntlocApp\" \/>\n<meta name=\"twitter:label1\" content=\"Est. reading time\" \/>\n\t<meta name=\"twitter:data1\" content=\"1 minut\u0117\" \/>\n<script type=\"application\/ld+json\" class=\"yoast-schema-graph\">{\"@context\":\"https:\/\/schema.org\",\"@graph\":[{\"@type\":\"WebPage\",\"@id\":\"https:\/\/huntloc.com\/medziokles-zemelapis\/\",\"url\":\"https:\/\/huntloc.com\/medziokles-zemelapis\/\",\"name\":\"Med\u017eiokl\u0117s \u017eem\u0117lapis &#8212; Med\u017eiokl\u0117s program\u0117l\u0117 Huntloc\",\"isPartOf\":{\"@id\":\"https:\/\/huntloc.com\/et\/#website\"},\"primaryImageOfPage\":{\"@id\":\"https:\/\/huntloc.com\/medziokles-zemelapis\/#primaryimage\"},\"image\":{\"@id\":\"https:\/\/huntloc.com\/medziokles-zemelapis\/#primaryimage\"},\"thumbnailUrl\":\"https:\/\/huntloc.com\/wp-content\/uploads\/2026\/01\/Huntloc_Hunting-map.png\",\"datePublished\":\"2026-01-14T12:24:57+00:00\",\"dateModified\":\"2026-01-14T12:24:57+00:00\",\"breadcrumb\":{\"@id\":\"https:\/\/huntloc.com\/medziokles-zemelapis\/#breadcrumb\"},\"inLanguage\":\"lt-LT\",\"potentialAction\":[{\"@type\":\"ReadAction\",\"target\":[\"https:\/\/huntloc.com\/medziokles-zemelapis\/\"]}]},{\"@type\":\"ImageObject\",\"inLanguage\":\"lt-LT\",\"@id\":\"https:\/\/huntloc.com\/medziokles-zemelapis\/#primaryimage\",\"url\":\"https:\/\/huntloc.com\/wp-content\/uploads\/2026\/01\/Huntloc_Hunting-map.png\",\"contentUrl\":\"https:\/\/huntloc.com\/wp-content\/uploads\/2026\/01\/Huntloc_Hunting-map.png\",\"width\":400,\"height\":400,\"caption\":\"Manage own hunting area\"},{\"@type\":\"BreadcrumbList\",\"@id\":\"https:\/\/huntloc.com\/medziokles-zemelapis\/#breadcrumb\",\"itemListElement\":[{\"@type\":\"ListItem\",\"position\":1,\"name\":\"Home\",\"item\":\"https:\/\/huntloc.com\/lt\/\"},{\"@type\":\"ListItem\",\"position\":2,\"name\":\"Med\u017eiokl\u0117s \u017eem\u0117lapis\"}]},{\"@type\":\"WebSite\",\"@id\":\"https:\/\/huntloc.com\/et\/#website\",\"url\":\"https:\/\/huntloc.com\/et\/\",\"name\":\"Jahi \u00e4pp Huntloc\",\"description\":\"Reaalajas jahi j&auml;lgimise &auml;pp ning jahikoerte j&auml;lgimislahendus\",\"publisher\":{\"@id\":\"https:\/\/huntloc.com\/et\/#organization\"},\"potentialAction\":[{\"@type\":\"SearchAction\",\"target\":{\"@type\":\"EntryPoint\",\"urlTemplate\":\"https:\/\/huntloc.com\/et\/?s={search_term_string}\"},\"query-input\":\"required name=search_term_string\"}],\"inLanguage\":\"lt-LT\"},{\"@type\":\"Organization\",\"@id\":\"https:\/\/huntloc.com\/et\/#organization\",\"name\":\"Jahi \u00e4pp Huntloc\",\"url\":\"https:\/\/huntloc.com\/et\/\",\"logo\":{\"@type\":\"ImageObject\",\"inLanguage\":\"lt-LT\",\"@id\":\"https:\/\/huntloc.com\/et\/#\/schema\/logo\/image\/\",\"url\":\"https:\/\/huntloc.com\/wp-content\/uploads\/2020\/09\/huntloc_logo_positive.png\",\"contentUrl\":\"https:\/\/huntloc.com\/wp-content\/uploads\/2020\/09\/huntloc_logo_positive.png\",\"width\":1150,\"height\":500,\"caption\":\"Jahi \u00e4pp Huntloc\"},\"image\":{\"@id\":\"https:\/\/huntloc.com\/et\/#\/schema\/logo\/image\/\"},\"sameAs\":[\"https:\/\/www.facebook.com\/huntloc.et\/\",\"https:\/\/x.com\/HuntlocApp\",\"https:\/\/www.instagram.com\/huntloc\/\",\"https:\/\/www.youtube.com\/huntloc\",\"https:\/\/www.linkedin.com\/company\/huntloc\/\"]}]}<\/script>\n<!-- \/ Yoast SEO plugin. -->","yoast_head_json":{"title":"Med\u017eiokl\u0117s \u017eem\u0117lapis &#8212; Med\u017eiokl\u0117s program\u0117l\u0117 Huntloc","robots":{"index":"index","follow":"follow","max-snippet":"max-snippet:-1","max-image-preview":"max-image-preview:large","max-video-preview":"max-video-preview:-1"},"canonical":"https:\/\/huntloc.com\/medziokles-zemelapis\/","og_locale":"lt_LT","og_type":"article","og_title":"Med\u017eiokl\u0117s \u017eem\u0117lapis &#8212; Med\u017eiokl\u0117s program\u0117l\u0117 Huntloc","og_description":"Med\u017eiokl\u0117s \u017eem\u0117lapyje galite pa\u017eym\u0117ti \u012fvairias teritorijas, kelius ir objektus. Visi elementai matomi Huntloc mobiliojoje program\u0117l\u0117je. Patogiausia \u017eem\u0117lap\u012f brai\u017eyti ir tvarkyti Huntloc portale (portal.huntloc.com). Nor\u0117dami prisijungti, turite b\u016bti licencijuotas naudotojas. Nor\u0117dami prid\u0117ti objekt\u0105 prie \u017eem\u0117lapio, kairiajame meniu pasirinkite linijos prid\u0117jim\u0105 (\u201eBrai\u017eyti sud\u0117tin\u0119 linij\u0105\u201c), teritorijos prid\u0117jim\u0105 (\u201eBrai\u017eyti daugiakamp\u012f\u201c) arba objekto prid\u0117jim\u0105 (\u201eBrai\u017eyti \u017eymekl\u012f\u201c). Prid\u0117jus objekt\u0105 \u017eem\u0117lapyje, kair\u0117je [&hellip;]","og_url":"https:\/\/huntloc.com\/medziokles-zemelapis\/","og_site_name":"Med\u017eiokl\u0117s program\u0117l\u0117 Huntloc","article_publisher":"https:\/\/www.facebook.com\/huntloc.et\/","og_image":[{"width":2000,"height":640,"url":"https:\/\/huntloc.com\/wp-content\/uploads\/2020\/09\/DSC_0405-2000x640jpg.jpg","type":"image\/jpeg"}],"twitter_card":"summary_large_image","twitter_site":"@HuntlocApp","twitter_misc":{"Est. reading time":"1 minut\u0117"},"schema":{"@context":"https:\/\/schema.org","@graph":[{"@type":"WebPage","@id":"https:\/\/huntloc.com\/medziokles-zemelapis\/","url":"https:\/\/huntloc.com\/medziokles-zemelapis\/","name":"Med\u017eiokl\u0117s \u017eem\u0117lapis &#8212; Med\u017eiokl\u0117s program\u0117l\u0117 Huntloc","isPartOf":{"@id":"https:\/\/huntloc.com\/et\/#website"},"primaryImageOfPage":{"@id":"https:\/\/huntloc.com\/medziokles-zemelapis\/#primaryimage"},"image":{"@id":"https:\/\/huntloc.com\/medziokles-zemelapis\/#primaryimage"},"thumbnailUrl":"https:\/\/huntloc.com\/wp-content\/uploads\/2026\/01\/Huntloc_Hunting-map.png","datePublished":"2026-01-14T12:24:57+00:00","dateModified":"2026-01-14T12:24:57+00:00","breadcrumb":{"@id":"https:\/\/huntloc.com\/medziokles-zemelapis\/#breadcrumb"},"inLanguage":"lt-LT","potentialAction":[{"@type":"ReadAction","target":["https:\/\/huntloc.com\/medziokles-zemelapis\/"]}]},{"@type":"ImageObject","inLanguage":"lt-LT","@id":"https:\/\/huntloc.com\/medziokles-zemelapis\/#primaryimage","url":"https:\/\/huntloc.com\/wp-content\/uploads\/2026\/01\/Huntloc_Hunting-map.png","contentUrl":"https:\/\/huntloc.com\/wp-content\/uploads\/2026\/01\/Huntloc_Hunting-map.png","width":400,"height":400,"caption":"Manage own hunting area"},{"@type":"BreadcrumbList","@id":"https:\/\/huntloc.com\/medziokles-zemelapis\/#breadcrumb","itemListElement":[{"@type":"ListItem","position":1,"name":"Home","item":"https:\/\/huntloc.com\/lt\/"},{"@type":"ListItem","position":2,"name":"Med\u017eiokl\u0117s \u017eem\u0117lapis"}]},{"@type":"WebSite","@id":"https:\/\/huntloc.com\/et\/#website","url":"https:\/\/huntloc.com\/et\/","name":"Jahi \u00e4pp Huntloc","description":"Reaalajas jahi j&auml;lgimise &auml;pp ning jahikoerte j&auml;lgimislahendus","publisher":{"@id":"https:\/\/huntloc.com\/et\/#organization"},"potentialAction":[{"@type":"SearchAction","target":{"@type":"EntryPoint","urlTemplate":"https:\/\/huntloc.com\/et\/?s={search_term_string}"},"query-input":"required name=search_term_string"}],"inLanguage":"lt-LT"},{"@type":"Organization","@id":"https:\/\/huntloc.com\/et\/#organization","name":"Jahi \u00e4pp Huntloc","url":"https:\/\/huntloc.com\/et\/","logo":{"@type":"ImageObject","inLanguage":"lt-LT","@id":"https:\/\/huntloc.com\/et\/#\/schema\/logo\/image\/","url":"https:\/\/huntloc.com\/wp-content\/uploads\/2020\/09\/huntloc_logo_positive.png","contentUrl":"https:\/\/huntloc.com\/wp-content\/uploads\/2020\/09\/huntloc_logo_positive.png","width":1150,"height":500,"caption":"Jahi \u00e4pp Huntloc"},"image":{"@id":"https:\/\/huntloc.com\/et\/#\/schema\/logo\/image\/"},"sameAs":["https:\/\/www.facebook.com\/huntloc.et\/","https:\/\/x.com\/HuntlocApp","https:\/\/www.instagram.com\/huntloc\/","https:\/\/www.youtube.com\/huntloc","https:\/\/www.linkedin.com\/company\/huntloc\/"]}]}},"amp_enabled":true,"_links":{"self":[{"href":"https:\/\/huntloc.com\/lt\/wp-json\/wp\/v2\/pages\/14357"}],"collection":[{"href":"https:\/\/huntloc.com\/lt\/wp-json\/wp\/v2\/pages"}],"about":[{"href":"https:\/\/huntloc.com\/lt\/wp-json\/wp\/v2\/types\/page"}],"author":[{"embeddable":true,"href":"https:\/\/huntloc.com\/lt\/wp-json\/wp\/v2\/users\/2"}],"replies":[{"embeddable":true,"href":"https:\/\/huntloc.com\/lt\/wp-json\/wp\/v2\/comments?post=14357"}],"version-history":[{"count":0,"href":"https:\/\/huntloc.com\/lt\/wp-json\/wp\/v2\/pages\/14357\/revisions"}],"wp:featuredmedia":[{"embeddable":true,"href":"https:\/\/huntloc.com\/lt\/wp-json\/wp\/v2\/media\/14334"}],"wp:attachment":[{"href":"https:\/\/huntloc.com\/lt\/wp-json\/wp\/v2\/media?parent=14357"}],"curies":[{"name":"wp","href":"https:\/\/api.w.org\/{rel}","templated":true}]}}