{"id":13884,"date":"2025-07-08T07:16:25","date_gmt":"2025-07-08T05:16:25","guid":{"rendered":"https:\/\/huntloc.com\/vartotojo-paskyros-istrynimas\/"},"modified":"2025-07-08T07:16:25","modified_gmt":"2025-07-08T05:16:25","slug":"vartotojo-paskyros-istrynimas","status":"publish","type":"page","link":"https:\/\/huntloc.com\/lt\/vartotojo-paskyros-istrynimas\/","title":{"rendered":"Vartotojo paskyros i\u0161trynimas"},"content":{"rendered":"<p>Jei norite i\u0161trinti savo paskyr\u0105 \u201eHuntloc\u201c \/ \u201eDoglo\u201c aplinkoje, pateikite toliau nurodyt\u0105 informacij\u0105. Pateik\u0119 pra\u0161ym\u0105, i\u0161si\u0173sime jums patvirtinim\u0105 j\u016bs\u0173 nurodytu telefono numeriu, kad \u012fsitikintume, jog tai atitinka j\u016bs\u0173 pageidavimus.<\/p>\n<div style=\"display:none\" class=\"fm-form-container fm-theme2\"><div id=\"fm-pages23\" class=\"fm-pages wdform_page_navigation \" show_title=\"\" show_numbers=\"1\" type=\"none\"><\/div><form name=\"form23\" action=\"\/lt\/wp-json\/wp\/v2\/pages\/13884\" method=\"post\" id=\"form23\" class=\"fm-form form23  \" enctype=\"multipart\/form-data\"><input type=\"hidden\" id=\"fm_page_id23\" value=\"13884\" name=\"fm_page_id23\" \/><input type=\"hidden\" id=\"fm_current_post_type23\" value=\"page\" name=\"fm_current_post_type23\" \/><input type=\"hidden\" id=\"counter23\" value=\"9\" name=\"counter23\" \/><input type=\"hidden\" id=\"Itemid23\" value=\"\" name=\"Itemid23\" \/><input type=\"hidden\" id=\"fm_shake23\" value=\"1\" name=\"fm_shake23\" \/><input type=\"text\" class=\"fm-hide\" id=\"fm_empty_field_validation23\" value=\"\" name=\"fm_empty_field_validation23\" data-value=\"bd736efb144d599cf463541431fbf5c4\" \/><div class=\"wdform-page-and-images fm-form-builder\"><div id=\"23form_view1\" class=\"wdform_page\" page_title=\"Untitled page\" next_title=\"Next\" next_type=\"text\" next_class=\"wdform-page-button\" next_checkable=\"true\" previous_title=\"Previous\" previous_type=\"text\" previous_class=\"wdform-page-button\" previous_checkable=\"false\"><div class=\"wdform_section\"><div class=\"wdform_column\"><div wdid=\"3\" class=\"wdform_row\" style=\"position: relative; left: 0px; top: 0px;\"><div type=\"type_phone\" class=\"wdform-field wd-width-100 wd-flex wd-flex-row fm-type_phone\" ><div class=\"wdform-label-section wd-width-30  wd-flex-row\">    <label  for=\"wdform_3_element_first23\" class=\"wdform-label\">User phone number<\/label><span class=\"wdform-required\">*<\/span><\/div><div class=\"wdform-element-section wd-flex  wd-flex-row wd-width-70\" ><div class=\"wd-flex wd-flex-column wd-width-20\">                <input type=\"text\" class=\"wd-phone-first\" id=\"wdform_3_element_first23\" name=\"wdform_3_element_first23\" value=\"\" title=\"\" placeholder=\"\" >                <label for=\"wdform_3_element_first23\" class=\"mini_label wd-flex-column\">Area Code<\/label>              <\/div>              <div>                <div class=\"wd-flex wd-flex-column \">&nbsp;-&nbsp;<\/div>              <\/div>              <div class=\"wd-flex wd-flex-column wd-width-80\">                <input type=\"text\" class=\"wd-flex-column wd-width-100\" id=\"wdform_3_element_last23\" name=\"wdform_3_element_last23\" value=\"\" title=\"\" placeholder=\"\"  \/>                <label for=\"wdform_3_element_last23\" class=\"wd-flex-column mini_label\">Phone Number<\/label>              <\/div><\/div><\/div><\/div><\/div><div class=\"wdform_column\"><div wdid=\"4\" class=\"wdform_row\"><div type=\"type_submitter_mail\" class=\"wdform-field wd-width-100 wd-flex wd-flex-column fm-type_submitter_mail\" ><div class=\"wdform-label-section wd-width-100  wd-flex-row\">    <label  for=\"wdform_4_element23\" class=\"wdform-label\">Email of user<\/label><span class=\"wdform-required\">*<\/span><\/div><div class=\"wdform-element-section wd-flex  wd-flex-row wd-width-100\" ><input type=\"text\" class=\"wd-width-100\" id=\"wdform_4_element23\" name=\"wdform_4_element23\" data-value=\"\" value=\"\" title=\"\" placeholder=\"\"   onchange=\"wd_check_email('4', '23', 'Tai n\u0117ra galiojantis elektroninio pa\u0161to adres\u0105.')\" \/><\/div><\/div><\/div><\/div><div class=\"wdform_column\"><div wdid=\"7\" class=\"wdform_row\"><div type=\"type_textarea\" class=\"wdform-field wd-width-100 wd-flex wd-flex-column fm-type_textarea\" ><div class=\"wdform-label-section wd-width-100 \">    <label  for=\"wdform_7_element23\" class=\"wdform-label\">If you want to partially delete your data, please specify, which data you want to delete:<\/label><\/div><div class=\"wdform-element-section wd-flex  wd-width-100\" ><textarea class=\"wd-width-100\"                      id=\"wdform_7_element23\"                      name=\"wdform_7_element23\"                      placeholder=\"\"                      data-value=\"\"                      maxlength=\"\"                      style=\"height: 100px;\"                      ><\/textarea><\/div><\/div><\/div><\/div><div class=\"wdform_column\"><div wdid=\"1\" class=\"wdform_row\"><div type=\"type_submit_reset\" class=\"wdform-field wd-width-100 wd-flex wd-flex-column fm-type_submit_reset\" ><div class=\"wdform-element-section wd-flex  wd-flex-row wd-justify-content-left wd-width-100\" ><button  type=\"button\" class=\"button-submit\" onclick=\"fm_submit_form('23');\"  data-ajax=\"0\"><span class=\"fm-submit-loading spinner fm-ico-spinner\"><\/span>Submit<\/button><button  type=\"button\" class=\"button-reset wd-hidden\" onclick=\"fm_reset_form(23);\" >Reset<\/button><\/div><\/div><\/div><\/div><\/div><div valign=\"top\" class=\"wdform_footer wd-width-100\"><div class=\"wd-width-100\"><div class=\"wd-width-100 wd-table\" style=\"padding-top:10px;\"><div class=\"wd-table-group\"><div id=\"23page_nav1\" class=\"wd-table-row\"><\/div><\/div><\/div><\/div><\/div><\/div><\/div><div class=\"wdform_preload\"><\/div><input type=\"hidden\" name=\"fm-current-page\" value=\"https:\/\/huntloc.com\/lt\/wp-json\/wp\/v2\/pages\/13884\" \/><\/form><\/div>\n","protected":false},"excerpt":{"rendered":"<p>Jei norite i\u0161trinti savo paskyr\u0105 \u201eHuntloc\u201c \/ \u201eDoglo\u201c aplinkoje, pateikite toliau nurodyt\u0105 informacij\u0105. Pateik\u0119 pra\u0161ym\u0105, i\u0161si\u0173sime jums patvirtinim\u0105 j\u016bs\u0173 nurodytu telefono numeriu, kad \u012fsitikintume, jog tai atitinka j\u016bs\u0173 pageidavimus.<\/p>\n","protected":false},"author":2,"featured_media":0,"parent":0,"menu_order":0,"comment_status":"closed","ping_status":"closed","template":"","meta":{"om_disable_all_campaigns":false,"_monsterinsights_skip_tracking":false,"_monsterinsights_sitenote_active":false,"_monsterinsights_sitenote_note":"","_monsterinsights_sitenote_category":0,"_uf_show_specific_survey":0,"_uf_disable_surveys":false,"footnotes":""},"acf":[],"aioseo_notices":[],"yoast_head":"<!-- This site is optimized with the Yoast SEO plugin v22.7 - https:\/\/yoast.com\/wordpress\/plugins\/seo\/ -->\n<title>Vartotojo paskyros i\u0161trynimas &#8212; Med\u017eiokl\u0117s program\u0117l\u0117 Huntloc<\/title>\n<meta name=\"robots\" content=\"index, follow, max-snippet:-1, max-image-preview:large, max-video-preview:-1\" \/>\n<link rel=\"canonical\" href=\"https:\/\/huntloc.com\/vartotojo-paskyros-istrynimas\/\" \/>\n<meta property=\"og:locale\" content=\"lt_LT\" \/>\n<meta property=\"og:type\" content=\"article\" \/>\n<meta property=\"og:title\" content=\"Vartotojo paskyros i\u0161trynimas &#8212; Med\u017eiokl\u0117s program\u0117l\u0117 Huntloc\" \/>\n<meta property=\"og:description\" content=\"Jei norite i\u0161trinti savo paskyr\u0105 \u201eHuntloc\u201c \/ \u201eDoglo\u201c aplinkoje, pateikite toliau nurodyt\u0105 informacij\u0105. Pateik\u0119 pra\u0161ym\u0105, i\u0161si\u0173sime jums patvirtinim\u0105 j\u016bs\u0173 nurodytu telefono numeriu, kad \u012fsitikintume, jog tai atitinka j\u016bs\u0173 pageidavimus.\" \/>\n<meta property=\"og:url\" content=\"https:\/\/huntloc.com\/vartotojo-paskyros-istrynimas\/\" \/>\n<meta property=\"og:site_name\" content=\"Med\u017eiokl\u0117s program\u0117l\u0117 Huntloc\" \/>\n<meta property=\"article:publisher\" content=\"https:\/\/www.facebook.com\/huntloc.et\/\" \/>\n<meta property=\"og:image\" content=\"https:\/\/huntloc.com\/wp-content\/uploads\/2020\/09\/DSC_0405-2000x640jpg.jpg\" \/>\n\t<meta property=\"og:image:width\" content=\"2000\" \/>\n\t<meta property=\"og:image:height\" content=\"640\" \/>\n\t<meta property=\"og:image:type\" content=\"image\/jpeg\" \/>\n<meta name=\"twitter:card\" content=\"summary_large_image\" \/>\n<meta name=\"twitter:site\" content=\"@HuntlocApp\" \/>\n<script type=\"application\/ld+json\" class=\"yoast-schema-graph\">{\"@context\":\"https:\/\/schema.org\",\"@graph\":[{\"@type\":\"WebPage\",\"@id\":\"https:\/\/huntloc.com\/vartotojo-paskyros-istrynimas\/\",\"url\":\"https:\/\/huntloc.com\/vartotojo-paskyros-istrynimas\/\",\"name\":\"Vartotojo paskyros i\u0161trynimas &#8212; Med\u017eiokl\u0117s program\u0117l\u0117 Huntloc\",\"isPartOf\":{\"@id\":\"https:\/\/huntloc.com\/et\/#website\"},\"datePublished\":\"2025-07-08T05:16:25+00:00\",\"dateModified\":\"2025-07-08T05:16:25+00:00\",\"breadcrumb\":{\"@id\":\"https:\/\/huntloc.com\/vartotojo-paskyros-istrynimas\/#breadcrumb\"},\"inLanguage\":\"lt-LT\",\"potentialAction\":[{\"@type\":\"ReadAction\",\"target\":[\"https:\/\/huntloc.com\/vartotojo-paskyros-istrynimas\/\"]}]},{\"@type\":\"BreadcrumbList\",\"@id\":\"https:\/\/huntloc.com\/vartotojo-paskyros-istrynimas\/#breadcrumb\",\"itemListElement\":[{\"@type\":\"ListItem\",\"position\":1,\"name\":\"Home\",\"item\":\"https:\/\/huntloc.com\/lt\/\"},{\"@type\":\"ListItem\",\"position\":2,\"name\":\"Vartotojo paskyros i\u0161trynimas\"}]},{\"@type\":\"WebSite\",\"@id\":\"https:\/\/huntloc.com\/et\/#website\",\"url\":\"https:\/\/huntloc.com\/et\/\",\"name\":\"Jahi \u00e4pp Huntloc\",\"description\":\"Reaalajas jahi j&auml;lgimise &auml;pp ning jahikoerte j&auml;lgimislahendus\",\"publisher\":{\"@id\":\"https:\/\/huntloc.com\/et\/#organization\"},\"potentialAction\":[{\"@type\":\"SearchAction\",\"target\":{\"@type\":\"EntryPoint\",\"urlTemplate\":\"https:\/\/huntloc.com\/et\/?s={search_term_string}\"},\"query-input\":\"required name=search_term_string\"}],\"inLanguage\":\"lt-LT\"},{\"@type\":\"Organization\",\"@id\":\"https:\/\/huntloc.com\/et\/#organization\",\"name\":\"Jahi \u00e4pp Huntloc\",\"url\":\"https:\/\/huntloc.com\/et\/\",\"logo\":{\"@type\":\"ImageObject\",\"inLanguage\":\"lt-LT\",\"@id\":\"https:\/\/huntloc.com\/et\/#\/schema\/logo\/image\/\",\"url\":\"https:\/\/huntloc.com\/wp-content\/uploads\/2020\/09\/huntloc_logo_positive.png\",\"contentUrl\":\"https:\/\/huntloc.com\/wp-content\/uploads\/2020\/09\/huntloc_logo_positive.png\",\"width\":1150,\"height\":500,\"caption\":\"Jahi \u00e4pp Huntloc\"},\"image\":{\"@id\":\"https:\/\/huntloc.com\/et\/#\/schema\/logo\/image\/\"},\"sameAs\":[\"https:\/\/www.facebook.com\/huntloc.et\/\",\"https:\/\/x.com\/HuntlocApp\",\"https:\/\/www.instagram.com\/huntloc\/\",\"https:\/\/www.youtube.com\/huntloc\",\"https:\/\/www.linkedin.com\/company\/huntloc\/\"]}]}<\/script>\n<!-- \/ Yoast SEO plugin. -->","yoast_head_json":{"title":"Vartotojo paskyros i\u0161trynimas &#8212; Med\u017eiokl\u0117s program\u0117l\u0117 Huntloc","robots":{"index":"index","follow":"follow","max-snippet":"max-snippet:-1","max-image-preview":"max-image-preview:large","max-video-preview":"max-video-preview:-1"},"canonical":"https:\/\/huntloc.com\/vartotojo-paskyros-istrynimas\/","og_locale":"lt_LT","og_type":"article","og_title":"Vartotojo paskyros i\u0161trynimas &#8212; Med\u017eiokl\u0117s program\u0117l\u0117 Huntloc","og_description":"Jei norite i\u0161trinti savo paskyr\u0105 \u201eHuntloc\u201c \/ \u201eDoglo\u201c aplinkoje, pateikite toliau nurodyt\u0105 informacij\u0105. Pateik\u0119 pra\u0161ym\u0105, i\u0161si\u0173sime jums patvirtinim\u0105 j\u016bs\u0173 nurodytu telefono numeriu, kad \u012fsitikintume, jog tai atitinka j\u016bs\u0173 pageidavimus.","og_url":"https:\/\/huntloc.com\/vartotojo-paskyros-istrynimas\/","og_site_name":"Med\u017eiokl\u0117s program\u0117l\u0117 Huntloc","article_publisher":"https:\/\/www.facebook.com\/huntloc.et\/","og_image":[{"width":2000,"height":640,"url":"https:\/\/huntloc.com\/wp-content\/uploads\/2020\/09\/DSC_0405-2000x640jpg.jpg","type":"image\/jpeg"}],"twitter_card":"summary_large_image","twitter_site":"@HuntlocApp","schema":{"@context":"https:\/\/schema.org","@graph":[{"@type":"WebPage","@id":"https:\/\/huntloc.com\/vartotojo-paskyros-istrynimas\/","url":"https:\/\/huntloc.com\/vartotojo-paskyros-istrynimas\/","name":"Vartotojo paskyros i\u0161trynimas &#8212; Med\u017eiokl\u0117s program\u0117l\u0117 Huntloc","isPartOf":{"@id":"https:\/\/huntloc.com\/et\/#website"},"datePublished":"2025-07-08T05:16:25+00:00","dateModified":"2025-07-08T05:16:25+00:00","breadcrumb":{"@id":"https:\/\/huntloc.com\/vartotojo-paskyros-istrynimas\/#breadcrumb"},"inLanguage":"lt-LT","potentialAction":[{"@type":"ReadAction","target":["https:\/\/huntloc.com\/vartotojo-paskyros-istrynimas\/"]}]},{"@type":"BreadcrumbList","@id":"https:\/\/huntloc.com\/vartotojo-paskyros-istrynimas\/#breadcrumb","itemListElement":[{"@type":"ListItem","position":1,"name":"Home","item":"https:\/\/huntloc.com\/lt\/"},{"@type":"ListItem","position":2,"name":"Vartotojo paskyros i\u0161trynimas"}]},{"@type":"WebSite","@id":"https:\/\/huntloc.com\/et\/#website","url":"https:\/\/huntloc.com\/et\/","name":"Jahi \u00e4pp Huntloc","description":"Reaalajas jahi j&auml;lgimise &auml;pp ning jahikoerte j&auml;lgimislahendus","publisher":{"@id":"https:\/\/huntloc.com\/et\/#organization"},"potentialAction":[{"@type":"SearchAction","target":{"@type":"EntryPoint","urlTemplate":"https:\/\/huntloc.com\/et\/?s={search_term_string}"},"query-input":"required name=search_term_string"}],"inLanguage":"lt-LT"},{"@type":"Organization","@id":"https:\/\/huntloc.com\/et\/#organization","name":"Jahi \u00e4pp Huntloc","url":"https:\/\/huntloc.com\/et\/","logo":{"@type":"ImageObject","inLanguage":"lt-LT","@id":"https:\/\/huntloc.com\/et\/#\/schema\/logo\/image\/","url":"https:\/\/huntloc.com\/wp-content\/uploads\/2020\/09\/huntloc_logo_positive.png","contentUrl":"https:\/\/huntloc.com\/wp-content\/uploads\/2020\/09\/huntloc_logo_positive.png","width":1150,"height":500,"caption":"Jahi \u00e4pp Huntloc"},"image":{"@id":"https:\/\/huntloc.com\/et\/#\/schema\/logo\/image\/"},"sameAs":["https:\/\/www.facebook.com\/huntloc.et\/","https:\/\/x.com\/HuntlocApp","https:\/\/www.instagram.com\/huntloc\/","https:\/\/www.youtube.com\/huntloc","https:\/\/www.linkedin.com\/company\/huntloc\/"]}]}},"amp_enabled":true,"_links":{"self":[{"href":"https:\/\/huntloc.com\/lt\/wp-json\/wp\/v2\/pages\/13884"}],"collection":[{"href":"https:\/\/huntloc.com\/lt\/wp-json\/wp\/v2\/pages"}],"about":[{"href":"https:\/\/huntloc.com\/lt\/wp-json\/wp\/v2\/types\/page"}],"author":[{"embeddable":true,"href":"https:\/\/huntloc.com\/lt\/wp-json\/wp\/v2\/users\/2"}],"replies":[{"embeddable":true,"href":"https:\/\/huntloc.com\/lt\/wp-json\/wp\/v2\/comments?post=13884"}],"version-history":[{"count":0,"href":"https:\/\/huntloc.com\/lt\/wp-json\/wp\/v2\/pages\/13884\/revisions"}],"wp:attachment":[{"href":"https:\/\/huntloc.com\/lt\/wp-json\/wp\/v2\/media?parent=13884"}],"curies":[{"name":"wp","href":"https:\/\/api.w.org\/{rel}","templated":true}]}}