{"id":3328,"date":"2020-09-22T18:41:10","date_gmt":"2020-09-22T16:41:10","guid":{"rendered":"https:\/\/dev.octa.ee\/huntloc\/?post_type=product&#038;p=3328"},"modified":"2026-01-28T12:20:07","modified_gmt":"2026-01-28T10:20:07","slug":"koera-jalgimisseade-hlt-4-0","status":"publish","type":"product","link":"https:\/\/huntloc.com\/et\/toode\/koera-jalgimisseade-hlt-4-0\/","title":{"rendered":"Koera j\u00e4lgimisseade HLT-4.0"},"content":{"rendered":"<p>J\u00e4lgimisseade HLT-4.0 annab suurep\u00e4rase \u00fclevaate omanikule ja jahis olevatele jahimeestele koera liikumisest. Tegemist on seadmega, mis annab jahimehele ka turvatunde, et koer ei kao jahis \u00e4ra. Saab j\u00e4lgida koera mitmek\u00fcmne kilomeetri kauguselt.<\/p>\n<p>J\u00e4lgimisseade on v\u00e4ga tugev, kerge, veekindel ning pika t\u00f6\u00f6eaga. J\u00e4lgimisaeg on 36 tundi (intervall 10 sekundit) ning ooteaeg 1 kuu. Veekindluse tagamiseks ei ole seadmel \u00fchtegi ava ega nuppu ning 3 signaaltuld n\u00e4itavad seadme t\u00f6\u00f6seisundit. Seadme laadimine toimub juhtmevabalt.<\/p>\n<p>Huntloc j\u00e4lgimisseade on v\u00e4lja t\u00f6\u00f6tatud Eestis.<\/p>\n<p><span style=\"font-weight: 400;\">Kui soovid valvata oma koera ainult kodus, siis vaata meie <a href=\"https:\/\/doglo.eu\"><strong>Doglo j\u00e4lgimislahendust kodukoertele! <\/strong><\/a><\/span><\/p>\n<div class=\"video-responsive\">\n<iframe loading=\"lazy\"  id=\"_ytid_65344\"  width=\"800\" height=\"450\"  data-origwidth=\"800\" data-origheight=\"450\" src=\"https:\/\/www.youtube.com\/embed\/MVK111-oT8w?enablejsapi=1&autoplay=0&cc_load_policy=0&cc_lang_pref=&iv_load_policy=1&loop=0&rel=1&fs=1&playsinline=0&autohide=2&theme=dark&color=red&controls=1&disablekb=0&\" class=\"__youtube_prefs__  no-lazyload\" title=\"YouTube player\"  allow=\"fullscreen; accelerometer; autoplay; clipboard-write; encrypted-media; gyroscope; picture-in-picture; web-share\" referrerpolicy=\"strict-origin-when-cross-origin\" allowfullscreen data-no-lazy=\"1\" data-skipgform_ajax_framebjll=\"\"><\/iframe>\n<\/div>\n<p>&nbsp;<\/p>\n<p>Hind sisaldab koera kaelarihma (L suurus), 1 aasta interneti ning 1 aasta Huntloci kasutuslitsentsi.<\/p>\n<p><strong>Kulud j\u00e4rgmisest aastast:<br \/>\n<\/strong>&#8211; Interneti \u00fchendus j\u00e4lgimisseadmesse 36 EUR aasta<br \/>\n&#8211; Huntloc rakenduse litsents 25.00 EUR aasta<\/p>\n<h2>Lisainfo<\/h2>\n<table class=\"woocommerce-product-attributes shop_attributes\">\n<tbody>\n<tr class=\"woocommerce-product-attributes-item woocommerce-product-attributes-item--attribute_gsm\">\n<th class=\"woocommerce-product-attributes-item__label\">GSM<\/th>\n<td class=\"woocommerce-product-attributes-item__value\">2G v\u00f5rk, sisseehitatud SIM kaart,<br \/>\nEestis t\u00f6\u00f6tab Telia v\u00f5rgus, roaming kogu ELis<\/td>\n<\/tr>\n<tr class=\"woocommerce-product-attributes-item woocommerce-product-attributes-item--attribute_satelliidid\">\n<th class=\"woocommerce-product-attributes-item__label\">SATELLIIDID<\/th>\n<td class=\"woocommerce-product-attributes-item__value\">GPS, GLONASS, GALILEO, SBAS, BeiDou, IMES, QZSS<\/td>\n<\/tr>\n<tr class=\"woocommerce-product-attributes-item woocommerce-product-attributes-item--attribute_mikrofon-ja-k%c3%b5lar\">\n<th class=\"woocommerce-product-attributes-item__label\">MIKROFON JA K\u00d5LAR<\/th>\n<td class=\"woocommerce-product-attributes-item__value\">Jah<\/td>\n<\/tr>\n<tr class=\"woocommerce-product-attributes-item woocommerce-product-attributes-item--attribute_j%c3%a4lgimisaeg\">\n<th class=\"woocommerce-product-attributes-item__label\">J\u00c4LGIMISAEG<\/th>\n<td class=\"woocommerce-product-attributes-item__value\">36 tundi<br \/>\n(10 sekundilise intervalliga)<\/td>\n<\/tr>\n<tr class=\"woocommerce-product-attributes-item woocommerce-product-attributes-item--attribute_ooteaeg\">\n<th class=\"woocommerce-product-attributes-item__label\">OOTEAEG<\/th>\n<td class=\"woocommerce-product-attributes-item__value\">1 kuu<\/td>\n<\/tr>\n<tr class=\"woocommerce-product-attributes-item woocommerce-product-attributes-item--attribute_aku\">\n<th class=\"woocommerce-product-attributes-item__label\">AKU<\/th>\n<td class=\"woocommerce-product-attributes-item__value\">1800mAh<\/td>\n<\/tr>\n<tr class=\"woocommerce-product-attributes-item woocommerce-product-attributes-item--attribute_laadimine\">\n<th class=\"woocommerce-product-attributes-item__label\">LAADIMINE<\/th>\n<td class=\"woocommerce-product-attributes-item__value\">Juhtmevaba,<br \/>\nEU adapter ja laadimisalus kaasas<\/td>\n<\/tr>\n<tr class=\"woocommerce-product-attributes-item woocommerce-product-attributes-item--attribute_vee-ja-tolmukindlus\">\n<th class=\"woocommerce-product-attributes-item__label\">VEE- JA TOLMUKINDLUS<\/th>\n<td class=\"woocommerce-product-attributes-item__value\">Jah<br \/>\nSeadmega v\u00f5ib minna ujuma<\/td>\n<\/tr>\n<tr class=\"woocommerce-product-attributes-item woocommerce-product-attributes-item--attribute_signaallambid\">\n<th class=\"woocommerce-product-attributes-item__label\">SIGNAALLAMBID<\/th>\n<td class=\"woocommerce-product-attributes-item__value\">3 LEDi<br \/>\npunane (laadimine), sinine (GPS), roheline (GSM)<\/td>\n<\/tr>\n<tr class=\"woocommerce-product-attributes-item woocommerce-product-attributes-item--attribute_v%c3%a4rvus\">\n<th class=\"woocommerce-product-attributes-item__label\">V\u00c4RVUS<\/th>\n<td class=\"woocommerce-product-attributes-item__value\">Oran\u017e<\/td>\n<\/tr>\n<tr class=\"woocommerce-product-attributes-item woocommerce-product-attributes-item--attribute_kaal\">\n<th class=\"woocommerce-product-attributes-item__label\">KAAL<\/th>\n<td class=\"woocommerce-product-attributes-item__value\">98 grammi<\/td>\n<\/tr>\n<tr class=\"woocommerce-product-attributes-item woocommerce-product-attributes-item--attribute_m%c3%b5%c3%b5tmed\">\n<th class=\"woocommerce-product-attributes-item__label\">M\u00d5\u00d5TMED<\/th>\n<td class=\"woocommerce-product-attributes-item__value\">88 x 46 x 28 mm<\/td>\n<\/tr>\n<tr class=\"woocommerce-product-attributes-item woocommerce-product-attributes-item--attribute_virtuaalne-aedik\">\n<th class=\"woocommerce-product-attributes-item__label\">VIRTUAALNE AEDIK<\/th>\n<td class=\"woocommerce-product-attributes-item__value\">Jah<\/td>\n<\/tr>\n<tr class=\"woocommerce-product-attributes-item woocommerce-product-attributes-item--attribute_garantii\">\n<th class=\"woocommerce-product-attributes-item__label\">GARANTII<\/th>\n<td class=\"woocommerce-product-attributes-item__value\">2 aastat<\/td>\n<\/tr>\n<\/tbody>\n<\/table>\n<p>&nbsp;<\/p>\n","protected":false},"excerpt":{"rendered":"<p>Sobib suuremale koerale (turjak\u00f5rgus alates 45 cm). Seade kasutab mobiililevi ja sellel ei ole kauguse piirangut. Koera j\u00e4lgimiseks on vaja vaid nutitelefoni.<\/p>\n","protected":false},"featured_media":3988,"template":"","meta":{"om_disable_all_campaigns":false,"_monsterinsights_skip_tracking":false,"_monsterinsights_sitenote_active":false,"_monsterinsights_sitenote_note":"","_monsterinsights_sitenote_category":0,"_uf_show_specific_survey":0,"_uf_disable_surveys":false},"product_cat":[49],"product_tag":[],"acf":[],"aioseo_notices":[],"yoast_head":"<!-- This site is optimized with the Yoast SEO plugin v22.7 - https:\/\/yoast.com\/wordpress\/plugins\/seo\/ -->\n<title>Koera GPS j\u00e4lgimisseade HLT-4.0 - Huntloc<\/title>\n<meta name=\"description\" content=\"V\u00f5imekas koera GPS, mis annab jahimehele ka turvatunde, et jahikoer ei kao jahis \u00e4ra. Seadmel puudub maa-ala piirang ning t\u00f6\u00f6aeg 36h.\" \/>\n<meta name=\"robots\" content=\"index, follow, max-snippet:-1, max-image-preview:large, max-video-preview:-1\" \/>\n<link rel=\"canonical\" href=\"https:\/\/huntloc.com\/et\/toode\/koera-jalgimisseade-hlt-4-0\/\" \/>\n<meta property=\"og:locale\" content=\"et_EE\" \/>\n<meta property=\"og:type\" content=\"article\" \/>\n<meta property=\"og:title\" content=\"Koera GPS j\u00e4lgimisseade HLT-4.0 - Huntloc\" \/>\n<meta property=\"og:description\" content=\"V\u00f5imekas koera GPS, mis annab jahimehele ka turvatunde, et jahikoer ei kao jahis \u00e4ra. Seadmel puudub maa-ala piirang ning t\u00f6\u00f6aeg 36h.\" \/>\n<meta property=\"og:url\" content=\"https:\/\/huntloc.com\/et\/toode\/koera-jalgimisseade-hlt-4-0\/\" \/>\n<meta property=\"og:site_name\" content=\"Huntloc\" \/>\n<meta property=\"article:publisher\" content=\"https:\/\/www.facebook.com\/huntloc.et\/\" \/>\n<meta property=\"article:modified_time\" content=\"2026-01-28T10:20:07+00:00\" \/>\n<meta property=\"og:image\" content=\"https:\/\/huntloc.com\/wp-content\/uploads\/2020\/10\/doglo_e-pood-4.1-scaled.jpg\" \/>\n\t<meta property=\"og:image:width\" content=\"2560\" \/>\n\t<meta property=\"og:image:height\" content=\"1829\" \/>\n\t<meta property=\"og:image:type\" content=\"image\/jpeg\" \/>\n<meta name=\"twitter:card\" content=\"summary_large_image\" \/>\n<meta name=\"twitter:site\" content=\"@HuntlocApp\" \/>\n<meta name=\"twitter:label1\" content=\"Est. reading time\" \/>\n\t<meta name=\"twitter:data1\" content=\"2 minutit\" \/>\n<script type=\"application\/ld+json\" class=\"yoast-schema-graph\">{\"@context\":\"https:\/\/schema.org\",\"@graph\":[{\"@type\":\"WebPage\",\"@id\":\"https:\/\/huntloc.com\/et\/toode\/koera-jalgimisseade-hlt-4-0\/\",\"url\":\"https:\/\/huntloc.com\/et\/toode\/koera-jalgimisseade-hlt-4-0\/\",\"name\":\"Koera GPS j\u00e4lgimisseade HLT-4.0 - Huntloc\",\"isPartOf\":{\"@id\":\"https:\/\/huntloc.com\/et\/#website\"},\"primaryImageOfPage\":{\"@id\":\"https:\/\/huntloc.com\/et\/toode\/koera-jalgimisseade-hlt-4-0\/#primaryimage\"},\"image\":{\"@id\":\"https:\/\/huntloc.com\/et\/toode\/koera-jalgimisseade-hlt-4-0\/#primaryimage\"},\"thumbnailUrl\":\"https:\/\/huntloc.com\/wp-content\/uploads\/2020\/10\/doglo_e-pood-4.1-scaled.jpg\",\"datePublished\":\"2020-09-22T16:41:10+00:00\",\"dateModified\":\"2026-01-28T10:20:07+00:00\",\"description\":\"V\u00f5imekas koera GPS, mis annab jahimehele ka turvatunde, et jahikoer ei kao jahis \u00e4ra. Seadmel puudub maa-ala piirang ning t\u00f6\u00f6aeg 36h.\",\"breadcrumb\":{\"@id\":\"https:\/\/huntloc.com\/et\/toode\/koera-jalgimisseade-hlt-4-0\/#breadcrumb\"},\"inLanguage\":\"et\",\"potentialAction\":[{\"@type\":\"ReadAction\",\"target\":[\"https:\/\/huntloc.com\/et\/toode\/koera-jalgimisseade-hlt-4-0\/\"]}]},{\"@type\":\"ImageObject\",\"inLanguage\":\"et\",\"@id\":\"https:\/\/huntloc.com\/et\/toode\/koera-jalgimisseade-hlt-4-0\/#primaryimage\",\"url\":\"https:\/\/huntloc.com\/wp-content\/uploads\/2020\/10\/doglo_e-pood-4.1-scaled.jpg\",\"contentUrl\":\"https:\/\/huntloc.com\/wp-content\/uploads\/2020\/10\/doglo_e-pood-4.1-scaled.jpg\",\"width\":2560,\"height\":1829},{\"@type\":\"BreadcrumbList\",\"@id\":\"https:\/\/huntloc.com\/et\/toode\/koera-jalgimisseade-hlt-4-0\/#breadcrumb\",\"itemListElement\":[{\"@type\":\"ListItem\",\"position\":1,\"name\":\"Home\",\"item\":\"https:\/\/huntloc.com\/et\/\"},{\"@type\":\"ListItem\",\"position\":2,\"name\":\"Pood\",\"item\":\"https:\/\/huntloc.com\/et\/pood\/\"},{\"@type\":\"ListItem\",\"position\":3,\"name\":\"Koera j\u00e4lgimisseade HLT-4.0\"}]},{\"@type\":\"WebSite\",\"@id\":\"https:\/\/huntloc.com\/et\/#website\",\"url\":\"https:\/\/huntloc.com\/et\/\",\"name\":\"Jahi \u00e4pp Huntloc\",\"description\":\"Reaalajas jahi j&auml;lgimise &auml;pp ning jahikoerte j&auml;lgimislahendus\",\"publisher\":{\"@id\":\"https:\/\/huntloc.com\/et\/#organization\"},\"potentialAction\":[{\"@type\":\"SearchAction\",\"target\":{\"@type\":\"EntryPoint\",\"urlTemplate\":\"https:\/\/huntloc.com\/et\/?s={search_term_string}\"},\"query-input\":\"required name=search_term_string\"}],\"inLanguage\":\"et\"},{\"@type\":\"Organization\",\"@id\":\"https:\/\/huntloc.com\/et\/#organization\",\"name\":\"Jahi \u00e4pp Huntloc\",\"url\":\"https:\/\/huntloc.com\/et\/\",\"logo\":{\"@type\":\"ImageObject\",\"inLanguage\":\"et\",\"@id\":\"https:\/\/huntloc.com\/et\/#\/schema\/logo\/image\/\",\"url\":\"https:\/\/huntloc.com\/wp-content\/uploads\/2020\/09\/huntloc_logo_positive.png\",\"contentUrl\":\"https:\/\/huntloc.com\/wp-content\/uploads\/2020\/09\/huntloc_logo_positive.png\",\"width\":1150,\"height\":500,\"caption\":\"Jahi \u00e4pp Huntloc\"},\"image\":{\"@id\":\"https:\/\/huntloc.com\/et\/#\/schema\/logo\/image\/\"},\"sameAs\":[\"https:\/\/www.facebook.com\/huntloc.et\/\",\"https:\/\/x.com\/HuntlocApp\",\"https:\/\/www.instagram.com\/huntloc\/\",\"https:\/\/www.youtube.com\/huntloc\",\"https:\/\/www.linkedin.com\/company\/huntloc\/\"]}]}<\/script>\n<!-- \/ Yoast SEO plugin. -->","yoast_head_json":{"title":"Koera GPS j\u00e4lgimisseade HLT-4.0 - Huntloc","description":"V\u00f5imekas koera GPS, mis annab jahimehele ka turvatunde, et jahikoer ei kao jahis \u00e4ra. Seadmel puudub maa-ala piirang ning t\u00f6\u00f6aeg 36h.","robots":{"index":"index","follow":"follow","max-snippet":"max-snippet:-1","max-image-preview":"max-image-preview:large","max-video-preview":"max-video-preview:-1"},"canonical":"https:\/\/huntloc.com\/et\/toode\/koera-jalgimisseade-hlt-4-0\/","og_locale":"et_EE","og_type":"article","og_title":"Koera GPS j\u00e4lgimisseade HLT-4.0 - Huntloc","og_description":"V\u00f5imekas koera GPS, mis annab jahimehele ka turvatunde, et jahikoer ei kao jahis \u00e4ra. Seadmel puudub maa-ala piirang ning t\u00f6\u00f6aeg 36h.","og_url":"https:\/\/huntloc.com\/et\/toode\/koera-jalgimisseade-hlt-4-0\/","og_site_name":"Huntloc","article_publisher":"https:\/\/www.facebook.com\/huntloc.et\/","article_modified_time":"2026-01-28T10:20:07+00:00","og_image":[{"width":2560,"height":1829,"url":"https:\/\/huntloc.com\/wp-content\/uploads\/2020\/10\/doglo_e-pood-4.1-scaled.jpg","type":"image\/jpeg"}],"twitter_card":"summary_large_image","twitter_site":"@HuntlocApp","twitter_misc":{"Est. reading time":"2 minutit"},"schema":{"@context":"https:\/\/schema.org","@graph":[{"@type":"WebPage","@id":"https:\/\/huntloc.com\/et\/toode\/koera-jalgimisseade-hlt-4-0\/","url":"https:\/\/huntloc.com\/et\/toode\/koera-jalgimisseade-hlt-4-0\/","name":"Koera GPS j\u00e4lgimisseade HLT-4.0 - Huntloc","isPartOf":{"@id":"https:\/\/huntloc.com\/et\/#website"},"primaryImageOfPage":{"@id":"https:\/\/huntloc.com\/et\/toode\/koera-jalgimisseade-hlt-4-0\/#primaryimage"},"image":{"@id":"https:\/\/huntloc.com\/et\/toode\/koera-jalgimisseade-hlt-4-0\/#primaryimage"},"thumbnailUrl":"https:\/\/huntloc.com\/wp-content\/uploads\/2020\/10\/doglo_e-pood-4.1-scaled.jpg","datePublished":"2020-09-22T16:41:10+00:00","dateModified":"2026-01-28T10:20:07+00:00","description":"V\u00f5imekas koera GPS, mis annab jahimehele ka turvatunde, et jahikoer ei kao jahis \u00e4ra. Seadmel puudub maa-ala piirang ning t\u00f6\u00f6aeg 36h.","breadcrumb":{"@id":"https:\/\/huntloc.com\/et\/toode\/koera-jalgimisseade-hlt-4-0\/#breadcrumb"},"inLanguage":"et","potentialAction":[{"@type":"ReadAction","target":["https:\/\/huntloc.com\/et\/toode\/koera-jalgimisseade-hlt-4-0\/"]}]},{"@type":"ImageObject","inLanguage":"et","@id":"https:\/\/huntloc.com\/et\/toode\/koera-jalgimisseade-hlt-4-0\/#primaryimage","url":"https:\/\/huntloc.com\/wp-content\/uploads\/2020\/10\/doglo_e-pood-4.1-scaled.jpg","contentUrl":"https:\/\/huntloc.com\/wp-content\/uploads\/2020\/10\/doglo_e-pood-4.1-scaled.jpg","width":2560,"height":1829},{"@type":"BreadcrumbList","@id":"https:\/\/huntloc.com\/et\/toode\/koera-jalgimisseade-hlt-4-0\/#breadcrumb","itemListElement":[{"@type":"ListItem","position":1,"name":"Home","item":"https:\/\/huntloc.com\/et\/"},{"@type":"ListItem","position":2,"name":"Pood","item":"https:\/\/huntloc.com\/et\/pood\/"},{"@type":"ListItem","position":3,"name":"Koera j\u00e4lgimisseade HLT-4.0"}]},{"@type":"WebSite","@id":"https:\/\/huntloc.com\/et\/#website","url":"https:\/\/huntloc.com\/et\/","name":"Jahi \u00e4pp Huntloc","description":"Reaalajas jahi j&auml;lgimise &auml;pp ning jahikoerte j&auml;lgimislahendus","publisher":{"@id":"https:\/\/huntloc.com\/et\/#organization"},"potentialAction":[{"@type":"SearchAction","target":{"@type":"EntryPoint","urlTemplate":"https:\/\/huntloc.com\/et\/?s={search_term_string}"},"query-input":"required name=search_term_string"}],"inLanguage":"et"},{"@type":"Organization","@id":"https:\/\/huntloc.com\/et\/#organization","name":"Jahi \u00e4pp Huntloc","url":"https:\/\/huntloc.com\/et\/","logo":{"@type":"ImageObject","inLanguage":"et","@id":"https:\/\/huntloc.com\/et\/#\/schema\/logo\/image\/","url":"https:\/\/huntloc.com\/wp-content\/uploads\/2020\/09\/huntloc_logo_positive.png","contentUrl":"https:\/\/huntloc.com\/wp-content\/uploads\/2020\/09\/huntloc_logo_positive.png","width":1150,"height":500,"caption":"Jahi \u00e4pp Huntloc"},"image":{"@id":"https:\/\/huntloc.com\/et\/#\/schema\/logo\/image\/"},"sameAs":["https:\/\/www.facebook.com\/huntloc.et\/","https:\/\/x.com\/HuntlocApp","https:\/\/www.instagram.com\/huntloc\/","https:\/\/www.youtube.com\/huntloc","https:\/\/www.linkedin.com\/company\/huntloc\/"]}]}},"_links":{"self":[{"href":"https:\/\/huntloc.com\/et\/wp-json\/wp\/v2\/product\/3328"}],"collection":[{"href":"https:\/\/huntloc.com\/et\/wp-json\/wp\/v2\/product"}],"about":[{"href":"https:\/\/huntloc.com\/et\/wp-json\/wp\/v2\/types\/product"}],"wp:featuredmedia":[{"embeddable":true,"href":"https:\/\/huntloc.com\/et\/wp-json\/wp\/v2\/media\/3988"}],"wp:attachment":[{"href":"https:\/\/huntloc.com\/et\/wp-json\/wp\/v2\/media?parent=3328"}],"wp:term":[{"taxonomy":"product_cat","embeddable":true,"href":"https:\/\/huntloc.com\/et\/wp-json\/wp\/v2\/product_cat?post=3328"},{"taxonomy":"product_tag","embeddable":true,"href":"https:\/\/huntloc.com\/et\/wp-json\/wp\/v2\/product_tag?post=3328"}],"curies":[{"name":"wp","href":"https:\/\/api.w.org\/{rel}","templated":true}]}}