{"id":6517,"date":"2021-05-20T10:14:26","date_gmt":"2021-05-20T08:14:26","guid":{"rendered":"https:\/\/huntloc.com\/?page_id=6517"},"modified":"2026-01-14T13:27:47","modified_gmt":"2026-01-14T11:27:47","slug":"jahiselts","status":"publish","type":"page","link":"https:\/\/huntloc.com\/et\/jahiselts\/","title":{"rendered":"Jahimeeskond"},"content":{"rendered":"","protected":false},"excerpt":{"rendered":"","protected":false},"author":1,"featured_media":13650,"parent":0,"menu_order":0,"comment_status":"closed","ping_status":"closed","template":"templates\/association.php","meta":{"om_disable_all_campaigns":false,"_monsterinsights_skip_tracking":false,"_monsterinsights_sitenote_active":false,"_monsterinsights_sitenote_note":"","_monsterinsights_sitenote_category":0,"_uf_show_specific_survey":0,"_uf_disable_surveys":false,"footnotes":""},"acf":[],"aioseo_notices":[],"yoast_head":"<!-- This site is optimized with the Yoast SEO plugin v22.7 - https:\/\/yoast.com\/wordpress\/plugins\/seo\/ -->\n<title>Jahiselts saab aastase Huntloci litsentsi kuni 50% soodsamalt!<\/title>\n<meta name=\"description\" content=\"Jahimeeskonna paketiga on rohkem v\u00f5imalusi. Lisaks saab jahiselts osta Huntloci koera GPS j\u00e4lgimisseadme soodsamalt. Vaata j\u00e4rgi!\" \/>\n<meta name=\"robots\" content=\"index, follow, max-snippet:-1, max-image-preview:large, max-video-preview:-1\" \/>\n<link rel=\"canonical\" href=\"https:\/\/huntloc.com\/et\/jahiselts\/\" \/>\n<meta property=\"og:locale\" content=\"et_EE\" \/>\n<meta property=\"og:type\" content=\"article\" \/>\n<meta property=\"og:title\" content=\"Jahiselts saab aastase Huntloci litsentsi kuni 50% soodsamalt!\" \/>\n<meta property=\"og:description\" content=\"Jahimeeskonna paketiga on rohkem v\u00f5imalusi. Lisaks saab jahiselts osta Huntloci koera GPS j\u00e4lgimisseadme soodsamalt. Vaata j\u00e4rgi!\" \/>\n<meta property=\"og:url\" content=\"https:\/\/huntloc.com\/et\/jahiselts\/\" \/>\n<meta property=\"og:site_name\" content=\"Huntloc\" \/>\n<meta property=\"article:publisher\" content=\"https:\/\/www.facebook.com\/huntloc.et\/\" \/>\n<meta property=\"article:modified_time\" content=\"2026-01-14T11:27:47+00:00\" \/>\n<meta property=\"og:image\" content=\"https:\/\/huntloc.com\/wp-content\/uploads\/2025\/07\/Huntloc-hunters-in-hunt.jpg\" \/>\n\t<meta property=\"og:image:width\" content=\"1000\" \/>\n\t<meta property=\"og:image:height\" content=\"401\" \/>\n\t<meta property=\"og:image:type\" content=\"image\/jpeg\" \/>\n<meta name=\"twitter:card\" content=\"summary_large_image\" \/>\n<meta name=\"twitter:site\" content=\"@HuntlocApp\" \/>\n<meta name=\"twitter:label1\" content=\"Est. reading time\" \/>\n\t<meta name=\"twitter:data1\" content=\"1 minut\" \/>\n<script type=\"application\/ld+json\" class=\"yoast-schema-graph\">{\"@context\":\"https:\/\/schema.org\",\"@graph\":[{\"@type\":\"WebPage\",\"@id\":\"https:\/\/huntloc.com\/et\/jahiselts\/\",\"url\":\"https:\/\/huntloc.com\/et\/jahiselts\/\",\"name\":\"Jahiselts saab aastase Huntloci litsentsi kuni 50% soodsamalt!\",\"isPartOf\":{\"@id\":\"https:\/\/huntloc.com\/et\/#website\"},\"primaryImageOfPage\":{\"@id\":\"https:\/\/huntloc.com\/et\/jahiselts\/#primaryimage\"},\"image\":{\"@id\":\"https:\/\/huntloc.com\/et\/jahiselts\/#primaryimage\"},\"thumbnailUrl\":\"https:\/\/huntloc.com\/wp-content\/uploads\/2025\/07\/Huntloc-hunters-in-hunt.jpg\",\"datePublished\":\"2021-05-20T08:14:26+00:00\",\"dateModified\":\"2026-01-14T11:27:47+00:00\",\"description\":\"Jahimeeskonna paketiga on rohkem v\u00f5imalusi. Lisaks saab jahiselts osta Huntloci koera GPS j\u00e4lgimisseadme soodsamalt. Vaata j\u00e4rgi!\",\"breadcrumb\":{\"@id\":\"https:\/\/huntloc.com\/et\/jahiselts\/#breadcrumb\"},\"inLanguage\":\"et\",\"potentialAction\":[{\"@type\":\"ReadAction\",\"target\":[\"https:\/\/huntloc.com\/et\/jahiselts\/\"]}]},{\"@type\":\"ImageObject\",\"inLanguage\":\"et\",\"@id\":\"https:\/\/huntloc.com\/et\/jahiselts\/#primaryimage\",\"url\":\"https:\/\/huntloc.com\/wp-content\/uploads\/2025\/07\/Huntloc-hunters-in-hunt.jpg\",\"contentUrl\":\"https:\/\/huntloc.com\/wp-content\/uploads\/2025\/07\/Huntloc-hunters-in-hunt.jpg\",\"width\":1000,\"height\":401},{\"@type\":\"BreadcrumbList\",\"@id\":\"https:\/\/huntloc.com\/et\/jahiselts\/#breadcrumb\",\"itemListElement\":[{\"@type\":\"ListItem\",\"position\":1,\"name\":\"Home\",\"item\":\"https:\/\/huntloc.com\/et\/\"},{\"@type\":\"ListItem\",\"position\":2,\"name\":\"Jahimeeskond\"}]},{\"@type\":\"WebSite\",\"@id\":\"https:\/\/huntloc.com\/et\/#website\",\"url\":\"https:\/\/huntloc.com\/et\/\",\"name\":\"Jahi \u00e4pp Huntloc\",\"description\":\"Reaalajas jahi j&auml;lgimise &auml;pp ning jahikoerte j&auml;lgimislahendus\",\"publisher\":{\"@id\":\"https:\/\/huntloc.com\/et\/#organization\"},\"potentialAction\":[{\"@type\":\"SearchAction\",\"target\":{\"@type\":\"EntryPoint\",\"urlTemplate\":\"https:\/\/huntloc.com\/et\/?s={search_term_string}\"},\"query-input\":\"required name=search_term_string\"}],\"inLanguage\":\"et\"},{\"@type\":\"Organization\",\"@id\":\"https:\/\/huntloc.com\/et\/#organization\",\"name\":\"Jahi \u00e4pp Huntloc\",\"url\":\"https:\/\/huntloc.com\/et\/\",\"logo\":{\"@type\":\"ImageObject\",\"inLanguage\":\"et\",\"@id\":\"https:\/\/huntloc.com\/et\/#\/schema\/logo\/image\/\",\"url\":\"https:\/\/huntloc.com\/wp-content\/uploads\/2020\/09\/huntloc_logo_positive.png\",\"contentUrl\":\"https:\/\/huntloc.com\/wp-content\/uploads\/2020\/09\/huntloc_logo_positive.png\",\"width\":1150,\"height\":500,\"caption\":\"Jahi \u00e4pp Huntloc\"},\"image\":{\"@id\":\"https:\/\/huntloc.com\/et\/#\/schema\/logo\/image\/\"},\"sameAs\":[\"https:\/\/www.facebook.com\/huntloc.et\/\",\"https:\/\/x.com\/HuntlocApp\",\"https:\/\/www.instagram.com\/huntloc\/\",\"https:\/\/www.youtube.com\/huntloc\",\"https:\/\/www.linkedin.com\/company\/huntloc\/\"]}]}<\/script>\n<!-- \/ Yoast SEO plugin. -->","yoast_head_json":{"title":"Jahiselts saab aastase Huntloci litsentsi kuni 50% soodsamalt!","description":"Jahimeeskonna paketiga on rohkem v\u00f5imalusi. Lisaks saab jahiselts osta Huntloci koera GPS j\u00e4lgimisseadme soodsamalt. Vaata j\u00e4rgi!","robots":{"index":"index","follow":"follow","max-snippet":"max-snippet:-1","max-image-preview":"max-image-preview:large","max-video-preview":"max-video-preview:-1"},"canonical":"https:\/\/huntloc.com\/et\/jahiselts\/","og_locale":"et_EE","og_type":"article","og_title":"Jahiselts saab aastase Huntloci litsentsi kuni 50% soodsamalt!","og_description":"Jahimeeskonna paketiga on rohkem v\u00f5imalusi. Lisaks saab jahiselts osta Huntloci koera GPS j\u00e4lgimisseadme soodsamalt. Vaata j\u00e4rgi!","og_url":"https:\/\/huntloc.com\/et\/jahiselts\/","og_site_name":"Huntloc","article_publisher":"https:\/\/www.facebook.com\/huntloc.et\/","article_modified_time":"2026-01-14T11:27:47+00:00","og_image":[{"width":1000,"height":401,"url":"https:\/\/huntloc.com\/wp-content\/uploads\/2025\/07\/Huntloc-hunters-in-hunt.jpg","type":"image\/jpeg"}],"twitter_card":"summary_large_image","twitter_site":"@HuntlocApp","twitter_misc":{"Est. reading time":"1 minut"},"schema":{"@context":"https:\/\/schema.org","@graph":[{"@type":"WebPage","@id":"https:\/\/huntloc.com\/et\/jahiselts\/","url":"https:\/\/huntloc.com\/et\/jahiselts\/","name":"Jahiselts saab aastase Huntloci litsentsi kuni 50% soodsamalt!","isPartOf":{"@id":"https:\/\/huntloc.com\/et\/#website"},"primaryImageOfPage":{"@id":"https:\/\/huntloc.com\/et\/jahiselts\/#primaryimage"},"image":{"@id":"https:\/\/huntloc.com\/et\/jahiselts\/#primaryimage"},"thumbnailUrl":"https:\/\/huntloc.com\/wp-content\/uploads\/2025\/07\/Huntloc-hunters-in-hunt.jpg","datePublished":"2021-05-20T08:14:26+00:00","dateModified":"2026-01-14T11:27:47+00:00","description":"Jahimeeskonna paketiga on rohkem v\u00f5imalusi. Lisaks saab jahiselts osta Huntloci koera GPS j\u00e4lgimisseadme soodsamalt. Vaata j\u00e4rgi!","breadcrumb":{"@id":"https:\/\/huntloc.com\/et\/jahiselts\/#breadcrumb"},"inLanguage":"et","potentialAction":[{"@type":"ReadAction","target":["https:\/\/huntloc.com\/et\/jahiselts\/"]}]},{"@type":"ImageObject","inLanguage":"et","@id":"https:\/\/huntloc.com\/et\/jahiselts\/#primaryimage","url":"https:\/\/huntloc.com\/wp-content\/uploads\/2025\/07\/Huntloc-hunters-in-hunt.jpg","contentUrl":"https:\/\/huntloc.com\/wp-content\/uploads\/2025\/07\/Huntloc-hunters-in-hunt.jpg","width":1000,"height":401},{"@type":"BreadcrumbList","@id":"https:\/\/huntloc.com\/et\/jahiselts\/#breadcrumb","itemListElement":[{"@type":"ListItem","position":1,"name":"Home","item":"https:\/\/huntloc.com\/et\/"},{"@type":"ListItem","position":2,"name":"Jahimeeskond"}]},{"@type":"WebSite","@id":"https:\/\/huntloc.com\/et\/#website","url":"https:\/\/huntloc.com\/et\/","name":"Jahi \u00e4pp Huntloc","description":"Reaalajas jahi j&auml;lgimise &auml;pp ning jahikoerte j&auml;lgimislahendus","publisher":{"@id":"https:\/\/huntloc.com\/et\/#organization"},"potentialAction":[{"@type":"SearchAction","target":{"@type":"EntryPoint","urlTemplate":"https:\/\/huntloc.com\/et\/?s={search_term_string}"},"query-input":"required name=search_term_string"}],"inLanguage":"et"},{"@type":"Organization","@id":"https:\/\/huntloc.com\/et\/#organization","name":"Jahi \u00e4pp Huntloc","url":"https:\/\/huntloc.com\/et\/","logo":{"@type":"ImageObject","inLanguage":"et","@id":"https:\/\/huntloc.com\/et\/#\/schema\/logo\/image\/","url":"https:\/\/huntloc.com\/wp-content\/uploads\/2020\/09\/huntloc_logo_positive.png","contentUrl":"https:\/\/huntloc.com\/wp-content\/uploads\/2020\/09\/huntloc_logo_positive.png","width":1150,"height":500,"caption":"Jahi \u00e4pp Huntloc"},"image":{"@id":"https:\/\/huntloc.com\/et\/#\/schema\/logo\/image\/"},"sameAs":["https:\/\/www.facebook.com\/huntloc.et\/","https:\/\/x.com\/HuntlocApp","https:\/\/www.instagram.com\/huntloc\/","https:\/\/www.youtube.com\/huntloc","https:\/\/www.linkedin.com\/company\/huntloc\/"]}]}},"amp_enabled":false,"_links":{"self":[{"href":"https:\/\/huntloc.com\/et\/wp-json\/wp\/v2\/pages\/6517"}],"collection":[{"href":"https:\/\/huntloc.com\/et\/wp-json\/wp\/v2\/pages"}],"about":[{"href":"https:\/\/huntloc.com\/et\/wp-json\/wp\/v2\/types\/page"}],"author":[{"embeddable":true,"href":"https:\/\/huntloc.com\/et\/wp-json\/wp\/v2\/users\/1"}],"replies":[{"embeddable":true,"href":"https:\/\/huntloc.com\/et\/wp-json\/wp\/v2\/comments?post=6517"}],"version-history":[{"count":132,"href":"https:\/\/huntloc.com\/et\/wp-json\/wp\/v2\/pages\/6517\/revisions"}],"predecessor-version":[{"id":14338,"href":"https:\/\/huntloc.com\/et\/wp-json\/wp\/v2\/pages\/6517\/revisions\/14338"}],"wp:featuredmedia":[{"embeddable":true,"href":"https:\/\/huntloc.com\/et\/wp-json\/wp\/v2\/media\/13650"}],"wp:attachment":[{"href":"https:\/\/huntloc.com\/et\/wp-json\/wp\/v2\/media?parent=6517"}],"curies":[{"name":"wp","href":"https:\/\/api.w.org\/{rel}","templated":true}]}}