{"id":5338,"date":"2021-02-09T14:57:40","date_gmt":"2021-02-09T12:57:40","guid":{"rendered":"https:\/\/huntloc.com\/?page_id=5338"},"modified":"2024-01-02T10:30:34","modified_gmt":"2024-01-02T08:30:34","slug":"litsentsi-tellimine","status":"publish","type":"page","link":"https:\/\/huntloc.com\/et\/litsentsi-tellimine\/","title":{"rendered":"Huntloci litsentsi ostmine"},"content":{"rendered":"<p>Huntloci litsentsi maksumuseks on:<\/p>\n<ul>\n<li>1 aasta (365 p\u00e4eva): <em>hind 25,00\u20ac<\/em><\/li>\n<li><em>180 p\u00e4eva: hind 19,99\u20ac<\/em><\/li>\n<li>7 p\u00e4eva: <em>hind 6.00\u20ac<\/em><\/li>\n<\/ul>\n<p>Tasuda saab internetipanga maksega v\u00f5i Visa\/MasterCardiga.<\/p>\n<p>Korrektsete andmete esitamisel aktiveerub litsents automaatselt. Selleks tuleb Huntloci \u00e4pp taask\u00e4ivitada.<br \/>\nOma litsentsi kehtivust saate vaadata Huntloci \u00e4pis men\u00fc\u00fcst &#8220;Litsentsid&#8221;.<\/p>\n<p><em>Makselahendust pakub Montonio Finance, makse saajaks on Huntloci arendav ettev\u00f5te Traxby O\u00dc.<\/em><\/p>\n","protected":false},"excerpt":{"rendered":"<p>Huntloci litsentsi maksumuseks on: 1 aasta (365 p\u00e4eva): hind 25,00\u20ac 180 p\u00e4eva: hind 19,99\u20ac 7 p\u00e4eva: hind 6.00\u20ac Tasuda saab internetipanga maksega v\u00f5i Visa\/MasterCardiga. Korrektsete andmete esitamisel aktiveerub litsents automaatselt. Selleks tuleb Huntloci \u00e4pp taask\u00e4ivitada. Oma litsentsi kehtivust saate vaadata Huntloci \u00e4pis men\u00fc\u00fcst &#8220;Litsentsid&#8221;. Makselahendust pakub Montonio Finance, makse saajaks on Huntloci arendav ettev\u00f5te Traxby [&hellip;]<\/p>\n","protected":false},"author":1,"featured_media":0,"parent":0,"menu_order":0,"comment_status":"closed","ping_status":"closed","template":"templates\/license.php","meta":{"om_disable_all_campaigns":false,"_monsterinsights_skip_tracking":false,"_monsterinsights_sitenote_active":false,"_monsterinsights_sitenote_note":"","_monsterinsights_sitenote_category":0,"_uf_show_specific_survey":0,"_uf_disable_surveys":false,"footnotes":""},"acf":[],"aioseo_notices":[],"yoast_head":"<!-- This site is optimized with the Yoast SEO plugin v22.7 - https:\/\/yoast.com\/wordpress\/plugins\/seo\/ -->\n<title>Huntloci litsentsi ostmine &#8212; Huntloc<\/title>\n<meta name=\"description\" content=\"Lihtne Huntloci litsentsi ostmine \u00fcksikkasutajale. Valikus 19,99\u20ac\/aasta v\u00f5i 4,99\u20ac\/n\u00e4dal. Peale maksed litsents aktiveerub automaatselt.\" \/>\n<meta name=\"robots\" content=\"index, follow, max-snippet:-1, max-image-preview:large, max-video-preview:-1\" \/>\n<link rel=\"canonical\" href=\"https:\/\/huntloc.com\/et\/litsentsi-tellimine\/\" \/>\n<meta property=\"og:locale\" content=\"et_EE\" \/>\n<meta property=\"og:type\" content=\"article\" \/>\n<meta property=\"og:title\" content=\"Huntloci litsentsi ostmine &#8212; Huntloc\" \/>\n<meta property=\"og:description\" content=\"Lihtne Huntloci litsentsi ostmine \u00fcksikkasutajale. Valikus 19,99\u20ac\/aasta v\u00f5i 4,99\u20ac\/n\u00e4dal. Peale maksed litsents aktiveerub automaatselt.\" \/>\n<meta property=\"og:url\" content=\"https:\/\/huntloc.com\/et\/litsentsi-tellimine\/\" \/>\n<meta property=\"og:site_name\" content=\"Huntloc\" \/>\n<meta property=\"article:publisher\" content=\"https:\/\/www.facebook.com\/huntloc.et\/\" \/>\n<meta property=\"article:modified_time\" content=\"2024-01-02T08:30:34+00:00\" \/>\n<meta property=\"og:image\" content=\"https:\/\/huntloc.com\/wp-content\/uploads\/2020\/09\/DSC_0405-2000x640jpg.jpg\" \/>\n\t<meta property=\"og:image:width\" content=\"2000\" \/>\n\t<meta property=\"og:image:height\" content=\"640\" \/>\n\t<meta property=\"og:image:type\" content=\"image\/jpeg\" \/>\n<meta name=\"twitter:card\" content=\"summary_large_image\" \/>\n<meta name=\"twitter:site\" content=\"@HuntlocApp\" \/>\n<meta name=\"twitter:label1\" content=\"Est. reading time\" \/>\n\t<meta name=\"twitter:data1\" content=\"1 minut\" \/>\n<script type=\"application\/ld+json\" class=\"yoast-schema-graph\">{\"@context\":\"https:\/\/schema.org\",\"@graph\":[{\"@type\":\"WebPage\",\"@id\":\"https:\/\/huntloc.com\/et\/litsentsi-tellimine\/\",\"url\":\"https:\/\/huntloc.com\/et\/litsentsi-tellimine\/\",\"name\":\"Huntloci litsentsi ostmine &#8212; Huntloc\",\"isPartOf\":{\"@id\":\"https:\/\/huntloc.com\/et\/#website\"},\"datePublished\":\"2021-02-09T12:57:40+00:00\",\"dateModified\":\"2024-01-02T08:30:34+00:00\",\"description\":\"Lihtne Huntloci litsentsi ostmine \u00fcksikkasutajale. Valikus 19,99\u20ac\/aasta v\u00f5i 4,99\u20ac\/n\u00e4dal. Peale maksed litsents aktiveerub automaatselt.\",\"breadcrumb\":{\"@id\":\"https:\/\/huntloc.com\/et\/litsentsi-tellimine\/#breadcrumb\"},\"inLanguage\":\"et\",\"potentialAction\":[{\"@type\":\"ReadAction\",\"target\":[\"https:\/\/huntloc.com\/et\/litsentsi-tellimine\/\"]}]},{\"@type\":\"BreadcrumbList\",\"@id\":\"https:\/\/huntloc.com\/et\/litsentsi-tellimine\/#breadcrumb\",\"itemListElement\":[{\"@type\":\"ListItem\",\"position\":1,\"name\":\"Home\",\"item\":\"https:\/\/huntloc.com\/et\/\"},{\"@type\":\"ListItem\",\"position\":2,\"name\":\"Huntloci litsentsi ostmine\"}]},{\"@type\":\"WebSite\",\"@id\":\"https:\/\/huntloc.com\/et\/#website\",\"url\":\"https:\/\/huntloc.com\/et\/\",\"name\":\"Jahi \u00e4pp Huntloc\",\"description\":\"Reaalajas jahi j&auml;lgimise &auml;pp ning jahikoerte j&auml;lgimislahendus\",\"publisher\":{\"@id\":\"https:\/\/huntloc.com\/et\/#organization\"},\"potentialAction\":[{\"@type\":\"SearchAction\",\"target\":{\"@type\":\"EntryPoint\",\"urlTemplate\":\"https:\/\/huntloc.com\/et\/?s={search_term_string}\"},\"query-input\":\"required name=search_term_string\"}],\"inLanguage\":\"et\"},{\"@type\":\"Organization\",\"@id\":\"https:\/\/huntloc.com\/et\/#organization\",\"name\":\"Jahi \u00e4pp Huntloc\",\"url\":\"https:\/\/huntloc.com\/et\/\",\"logo\":{\"@type\":\"ImageObject\",\"inLanguage\":\"et\",\"@id\":\"https:\/\/huntloc.com\/et\/#\/schema\/logo\/image\/\",\"url\":\"https:\/\/huntloc.com\/wp-content\/uploads\/2020\/09\/huntloc_logo_positive.png\",\"contentUrl\":\"https:\/\/huntloc.com\/wp-content\/uploads\/2020\/09\/huntloc_logo_positive.png\",\"width\":1150,\"height\":500,\"caption\":\"Jahi \u00e4pp Huntloc\"},\"image\":{\"@id\":\"https:\/\/huntloc.com\/et\/#\/schema\/logo\/image\/\"},\"sameAs\":[\"https:\/\/www.facebook.com\/huntloc.et\/\",\"https:\/\/x.com\/HuntlocApp\",\"https:\/\/www.instagram.com\/huntloc\/\",\"https:\/\/www.youtube.com\/huntloc\",\"https:\/\/www.linkedin.com\/company\/huntloc\/\"]}]}<\/script>\n<!-- \/ Yoast SEO plugin. -->","yoast_head_json":{"title":"Huntloci litsentsi ostmine &#8212; Huntloc","description":"Lihtne Huntloci litsentsi ostmine \u00fcksikkasutajale. Valikus 19,99\u20ac\/aasta v\u00f5i 4,99\u20ac\/n\u00e4dal. Peale maksed litsents aktiveerub automaatselt.","robots":{"index":"index","follow":"follow","max-snippet":"max-snippet:-1","max-image-preview":"max-image-preview:large","max-video-preview":"max-video-preview:-1"},"canonical":"https:\/\/huntloc.com\/et\/litsentsi-tellimine\/","og_locale":"et_EE","og_type":"article","og_title":"Huntloci litsentsi ostmine &#8212; Huntloc","og_description":"Lihtne Huntloci litsentsi ostmine \u00fcksikkasutajale. Valikus 19,99\u20ac\/aasta v\u00f5i 4,99\u20ac\/n\u00e4dal. Peale maksed litsents aktiveerub automaatselt.","og_url":"https:\/\/huntloc.com\/et\/litsentsi-tellimine\/","og_site_name":"Huntloc","article_publisher":"https:\/\/www.facebook.com\/huntloc.et\/","article_modified_time":"2024-01-02T08:30:34+00:00","og_image":[{"width":2000,"height":640,"url":"https:\/\/huntloc.com\/wp-content\/uploads\/2020\/09\/DSC_0405-2000x640jpg.jpg","type":"image\/jpeg"}],"twitter_card":"summary_large_image","twitter_site":"@HuntlocApp","twitter_misc":{"Est. reading time":"1 minut"},"schema":{"@context":"https:\/\/schema.org","@graph":[{"@type":"WebPage","@id":"https:\/\/huntloc.com\/et\/litsentsi-tellimine\/","url":"https:\/\/huntloc.com\/et\/litsentsi-tellimine\/","name":"Huntloci litsentsi ostmine &#8212; Huntloc","isPartOf":{"@id":"https:\/\/huntloc.com\/et\/#website"},"datePublished":"2021-02-09T12:57:40+00:00","dateModified":"2024-01-02T08:30:34+00:00","description":"Lihtne Huntloci litsentsi ostmine \u00fcksikkasutajale. Valikus 19,99\u20ac\/aasta v\u00f5i 4,99\u20ac\/n\u00e4dal. Peale maksed litsents aktiveerub automaatselt.","breadcrumb":{"@id":"https:\/\/huntloc.com\/et\/litsentsi-tellimine\/#breadcrumb"},"inLanguage":"et","potentialAction":[{"@type":"ReadAction","target":["https:\/\/huntloc.com\/et\/litsentsi-tellimine\/"]}]},{"@type":"BreadcrumbList","@id":"https:\/\/huntloc.com\/et\/litsentsi-tellimine\/#breadcrumb","itemListElement":[{"@type":"ListItem","position":1,"name":"Home","item":"https:\/\/huntloc.com\/et\/"},{"@type":"ListItem","position":2,"name":"Huntloci litsentsi ostmine"}]},{"@type":"WebSite","@id":"https:\/\/huntloc.com\/et\/#website","url":"https:\/\/huntloc.com\/et\/","name":"Jahi \u00e4pp Huntloc","description":"Reaalajas jahi j&auml;lgimise &auml;pp ning jahikoerte j&auml;lgimislahendus","publisher":{"@id":"https:\/\/huntloc.com\/et\/#organization"},"potentialAction":[{"@type":"SearchAction","target":{"@type":"EntryPoint","urlTemplate":"https:\/\/huntloc.com\/et\/?s={search_term_string}"},"query-input":"required name=search_term_string"}],"inLanguage":"et"},{"@type":"Organization","@id":"https:\/\/huntloc.com\/et\/#organization","name":"Jahi \u00e4pp Huntloc","url":"https:\/\/huntloc.com\/et\/","logo":{"@type":"ImageObject","inLanguage":"et","@id":"https:\/\/huntloc.com\/et\/#\/schema\/logo\/image\/","url":"https:\/\/huntloc.com\/wp-content\/uploads\/2020\/09\/huntloc_logo_positive.png","contentUrl":"https:\/\/huntloc.com\/wp-content\/uploads\/2020\/09\/huntloc_logo_positive.png","width":1150,"height":500,"caption":"Jahi \u00e4pp Huntloc"},"image":{"@id":"https:\/\/huntloc.com\/et\/#\/schema\/logo\/image\/"},"sameAs":["https:\/\/www.facebook.com\/huntloc.et\/","https:\/\/x.com\/HuntlocApp","https:\/\/www.instagram.com\/huntloc\/","https:\/\/www.youtube.com\/huntloc","https:\/\/www.linkedin.com\/company\/huntloc\/"]}]}},"amp_enabled":false,"_links":{"self":[{"href":"https:\/\/huntloc.com\/et\/wp-json\/wp\/v2\/pages\/5338"}],"collection":[{"href":"https:\/\/huntloc.com\/et\/wp-json\/wp\/v2\/pages"}],"about":[{"href":"https:\/\/huntloc.com\/et\/wp-json\/wp\/v2\/types\/page"}],"author":[{"embeddable":true,"href":"https:\/\/huntloc.com\/et\/wp-json\/wp\/v2\/users\/1"}],"replies":[{"embeddable":true,"href":"https:\/\/huntloc.com\/et\/wp-json\/wp\/v2\/comments?post=5338"}],"version-history":[{"count":38,"href":"https:\/\/huntloc.com\/et\/wp-json\/wp\/v2\/pages\/5338\/revisions"}],"predecessor-version":[{"id":12709,"href":"https:\/\/huntloc.com\/et\/wp-json\/wp\/v2\/pages\/5338\/revisions\/12709"}],"wp:attachment":[{"href":"https:\/\/huntloc.com\/et\/wp-json\/wp\/v2\/media?parent=5338"}],"curies":[{"name":"wp","href":"https:\/\/api.w.org\/{rel}","templated":true}]}}