{"id":4403,"date":"2020-10-28T07:46:08","date_gmt":"2020-10-28T05:46:08","guid":{"rendered":"https:\/\/dev.octa.ee\/huntloc\/?page_id=4403"},"modified":"2021-05-27T07:24:17","modified_gmt":"2021-05-27T05:24:17","slug":"e-poe-kasutamise-tingimused","status":"publish","type":"page","link":"https:\/\/huntloc.com\/et\/e-poe-kasutamise-tingimused\/","title":{"rendered":"E-poe kasutamise tingimused"},"content":{"rendered":"<p>1. Tingimuste ulatus ja kehtivus<br \/>\n1.1. Tingimused kehtivad k\u00f5ikide isikute ja ostukeskkonna shop.huntloc.com (edaspidi Huntloci e-pood) omanik Huntloc O\u00dc vahel Huntloci e-poe vahendusel toodete ostmisel tekkivate \u00f5igussuhete kohta.<br \/>\n1.2. Lisaks k\u00e4esolevatele tingimustele reguleerivad Huntloci e-poe vahendusel toodete ostmisel tekkivaid \u00f5igussuhteid Eesti Vabariigis kehtivad \u00f5igusaktid.<br \/>\n1.3. Huntloc O\u00dcl on \u00f5igus e-poe vahendusel s\u00f5lmitud m\u00fc\u00fcgilepingust taganeda ning tellitud kaup j\u00e4tta \u00fcle andmata v\u00f5i teenus osutamata allj\u00e4rgnevatel juhtudel:<br \/>\n1) kaup on laost otsa saanud;<br \/>\n2) kauba hinda v\u00f5i omadusi on e-poes kuvatud valesti s\u00fcsteemivea t\u00f5ttu.<br \/>\nKui Huntloc O\u00dcl ei ole v\u00f5imalik tellimust t\u00e4ita, v\u00f5etakse ostjaga \u00fchendust e-maili v\u00f5i telefoni teel ning tagastatakse tellimuse summa juhul, kui ostja on j\u00f5udnud kauba eest ettemaksu teha.<br \/>\n1.4. Huntloc O\u00dc on \u00f5igustatud Huntloci e-poe arengust tulenevalt ning e-poe parema ja turvalisema kasutamise huvides k\u00e4esolevaid tingimusi ja hinnakirja muutma ning t\u00e4iendama. Tingimuste ning hinnakirja muudatustest ja t\u00e4iendustest teatatakse interneti lehek\u00fclje shop.huntloc.com kaudu. Tingimuste ja hinnakirja muudatused ning t\u00e4iendused j\u00f5ustuvad vastava muudatuse v\u00f5i t\u00e4ienduse avaldamisest interneti lehek\u00fcljel shop.huntloc.com .Kui Te edastasite oma tellimuse enne tingimuste muudatuste j\u00f5ustumist, kohaldatakse Teie ja Huntloc O\u00dc vahel tekkinud \u00f5igussuhtele Teie poolt tellimuse edastamise ajal kehtinud tingimusi, v.a kui seaduses v\u00f5i k\u00e4esolevates tingimustes on ette n\u00e4htud teisiti.<\/p>\n<p>2. Hinnad<br \/>\n2.1. Huntloci e-poe hinnad kehtivad arve t\u00e4htajalise tasumise puhul vastavalt punktis 4 s\u00e4testatule.<br \/>\n2.2. K\u00f5ik hinnad sisaldavad k\u00e4ibemaksu 20% ja on esitatud Eurodes.<\/p>\n<p>3. Ostukorv ja tellimuse vormistamine<br \/>\n3.1. Valige, kas olete juba Huntloci e-poe keskkonna kasutada, soovite luua uut kontot v\u00f5i osta kui k\u00fclaline. Vajadusel sisestage oma personaalandmed ja aadress v\u00f5i kontrollige \u00fcle juba varasemalt siestatud andmed. Olge tellija andmete lisamisel t\u00e4helepanelik, sest selle informatsiooni t\u00e4psusest ja \u00f5igsusest s\u00f5ltub Teie poolt ostetud toodete kiire ja h\u00e4ireteta kohaletoimetamine.<br \/>\n3.2. Valige sobiv kohaletoimetamise viis. Olenevalt valitud kohaletoimetamise viisist v\u00f5ib ostukorv k\u00fcsida lisainfot toote kohaletoimetamise sihtkoha t\u00e4psustamiseks.<br \/>\n3.3. P\u00e4rast kohaletoimetamise viisi valikut ilmub n\u00e4htavale makseviiside valik. Valige Teile sobiv makseviis.<br \/>\n3.4. Toodete m\u00fc\u00fcgileping loetakse s\u00f5lmituks (Lepingu j\u00f5ustumine) arvates tellimusekinnituse j\u00e4rgi tasumisele kuuluva summa laekumist Huntloc O\u00dc v\u00f5i makse teenust vahendava Maksekeskus AS v\u00f5i Montonio Finance arvelduskontole.<\/p>\n<p>4. Toodete eest tasumine<br \/>\n4.1. Makse sooritamiseks valige tellimuse vormistamise lehek\u00fcljel endale meelep\u00e4rane makseviis.<br \/>\n4.2. Toodete eest saate tasuda:<br \/>\n1) pangalingi kaudu Maksekeskuse AS v\u00f5i Montonio Finance vahendusel;<br \/>\n2) panga\u00fclekandega eurodes;<br \/>\n4.3 Teie tellimus t\u00fchistatakse juhul, kui Te ei ole 5 p\u00e4eva jooksul ostusummat tasunud.<\/p>\n<p>5. Toodete kohaletoimetamine ja \u00fcleandmine<br \/>\n5.1. Peale Lepingu j\u00f5ustumist vastavalt Tingimuste punktile 3.4. toimetatakse tooted Teile kohale Teie poolt tellimuse vormistamisel teatatud kohta eelnevalt kokkulepitud ajal.\u00a0<a href=\"http:\/\/shop.huntloc.com\/transport\">Tutvu kohaletoimetamise tingimustega.<\/a><br \/>\n5.2. Palun j\u00e4lgige tellimuse vormistamisel esitatavate kontaktandmete \u00f5igsust v\u00e4ltimaks viivitusi ja arusaamatusi toodete kohaletoimetamisel. Huntloc O\u00dc ei vastuta toodete kohaletoimetamise viivituse ja tekkinud arusaamatuste eest juhul, kui viivitus v\u00f5i arusaamatus on tingitud Teie poolt tellimuse vormistamisel esitatud andmete ebat\u00e4psusest v\u00f5i eba\u00f5igsusest.<\/p>\n<p>6. Tellimuse t\u00fchistamine ja toote tagastamine<br \/>\n6.1. Teil on \u00f5igus peale toodete eest tasumist, kuid enne toodete kohaletoimetamist oma tellimus t\u00fchistada, saates Huntloci e-poe e-maili aadressile info@huntloc.com vastavasisulise teate koos tellimuse numbriga ning oma arvelduskonto numbriga.<br \/>\n6.2. Peale toodete k\u00e4ttesaamist on Teil 14 p\u00e4eva aega toode\/tooted tagastada. Kui ostetud kaup Teile mingil p\u00f5hjusel ei sobi, siis on Teil v\u00f5imalus 14 p\u00e4eva jooksul toode tagastada v\u00f5i v\u00e4lja vahetada muu toote vastu, saates Huntloci e-poe e-maili aadressile info@huntloc.com vastavasisulise tellimuse t\u00fchistamise teate koos tellimuse numbriga. Tagastamisele ei kuulu tarkvaralitsentsid.<br \/>\n6.3. Tagastatav toode peab olema komplektne (sisaldama k\u00f5iki tootepakendis sisaldunud esemeid \u2013 kaableid jne) ja Te olete tutvunud toote olemusega, omadustega ja toimimisega nii nagu Teil lubataks seda tavap\u00e4raselt teha kaupluses. Kui toode on ostetud kampaania korras, kus kaubale on lisatud veel m\u00f5ni toode, tuleb Teil tagastada kogu komplekt (ehk siis k\u00f5ik tooted).<br \/>\n6.4. Tellimuse t\u00fchistamisel punktis 6.1 s\u00e4testatud juhul v\u00f5i tellimusest taganemise korral punktis 6.2 s\u00e4testatud juhul tagastatakse Teile ostu eest tasutud summa, millest klient kannab toote lattu saatmisega seotud kulutused kuni 10 EUR (p. 6.5). Raha kanname tagastatud toote eest tagasi Teie arveldusarvele hiljemalt 14 p\u00e4eva jooksul alates taganemisteate j\u00f5udmisest meieni, eeldusel, et olete sama t\u00e4htaja jooksul kauba tagastanud, v.a k\u00e4esolevate tingimuste punktis 6.4., 6.5 ja 6.6 s\u00e4testatud juhtudel.<br \/>\n6.5. Huntloci e-poel on \u00f5igus tagastatava toote transpordikulu kuni 10 EUR ulatuses kliendilt k\u00fcsida ning selles mahus tagastavast summast maha v\u00f5tta.<br \/>\n6.6. Kui tagastatav toode (ja toote pakend) on halvenenud ja halvenemine on p\u00f5hjustatud asjaoludest, mis ei ole tingitud Huntloc O\u00dc poolt; ning toote mittesihip\u00e4rase kasutamise tulemusena, on Huntloc O\u00dc-l \u00f5igus tasaarvestada toote v\u00e4\u00e4rtuse v\u00e4henemine Teie poolt toote eest tasutud ning Teile tagastamisele kuuluva summaga. Tasaarvestamiseks saadab Huntloc O\u00dc Teile tasaarveldamise avalduse Teie poolt tellimuse vormistamisel teatatud e-maili aadressile. Juhul, kui Te ei ole n\u00f5us tasaarveldamise teates n\u00e4idatud v\u00e4\u00e4rtuse v\u00e4henemisega, on Teil \u00f5igus kaasata toote v\u00e4\u00e4rtuse v\u00e4henemise kindlakstegemiseks s\u00f5ltumatu ekspert. Ekspertiisiga seotud kulud jagatakse pooleks Teie ja Huntloc O\u00dc vahel, v.a juhul, kui \u00fche poole seisukoht osutub ilmselt p\u00f5hjendamatuks. Sellisel juhul kannab ekspertiisiga seotud kulud pool, kelle seisukoht osutus ilmselt p\u00f5hjendamatuks.<\/p>\n<p>7. Garantii ja n\u00f5uetele mittevastavate toodete tagastamine<br \/>\n7.1. Huntloc O\u00dc vastutab toodete n\u00f5uetele mittevastavuse ja puuduste eest, mis ilmnevad 2 aasta jooksul arvates toodete Teile \u00fcleandmisest.<br \/>\n7.2. Huntloc O\u00dc ei vastuta:<br \/>\n1) Teie s\u00fc\u00fcl toote halvenemise\/kahjustumise eest;<br \/>\n2) puuduste eest, mis on tekkinud toote mittekorrap\u00e4rase kasutamise tagaj\u00e4rjel;<br \/>\n3) toote normaalse f\u00fc\u00fcsilise kulumise eest tavalise kasutamise korral (Nt. akud, laadijad jms).<br \/>\n7.3. Toote n\u00f5uetele mittevastavuse v\u00f5i puuduse korral on Teil \u00f5igus n\u00f5uda toote asendamist n\u00f5uetele vastava ja puudusteta toote vastu v\u00f5i taganeda tellimusest ja tagastada n\u00f5uetele mittevastav toode Huntloc O\u00dc kulul.<br \/>\n7.4. N\u00f5uetele mittevastava toote tagastamise korral kantakse toote eest tasutud summa (koos transpordimaksumusega) Teie poolt n\u00e4idatud pangakontole hiljemalt 30 p\u00e4eva jooksul arvates tellimusest taganemise ja toote tagastamise soovi kohta teate saamisest.<br \/>\n7.5. Lisaks garantiist tulenevatele \u00f5igustele on Teil ka muud seadusest tulenevad \u00f5igused.<\/p>\n<p>8. Vastutus ja v\u00e4\u00e4ramatu j\u00f5ud<br \/>\n8.1. Huntloc O\u00dc vastutab Teie ees ja Teie vastutate Huntloc O\u00dc ees teisele poolele k\u00e4esolevate tingimuste rikkumisega tekitatud kahju eest Eesti Vabariigis kehtivates \u00f5igusaktides s\u00e4testatud juhtudel ja ulatuses.<br \/>\n8.2. Huntloc O\u00dc ei vastuta Teile tekitatud kahjude eest v\u00f5i toote kohaletoimetamise viibimise eest juhul, kui kahju v\u00f5i toote kohaletoomise viibimine on tingitud asjaolust, mida Huntloc O\u00dc ei saanud m\u00f5jutada ning mille saabumist Huntloc O\u00dc ei n\u00e4inud ette ega v\u00f5inud ette n\u00e4ha (v\u00e4\u00e4ramatu j\u00f5ud).<\/p>\n<p>9. Muud tingimused<br \/>\n9.1. K\u00f5iki Huntloci e-poe k\u00fclastamise ja ostude sooritamise k\u00e4igus teatavaks saanud kliendi isikuandmeid k\u00e4sitletakse kui konfidentsiaalset infot. Kr\u00fcptitud andmesidekanal pankadega tagab ostu sooritaja isikuandmete ja pangarekvisiitide turvalisuse. Ka Huntloc O\u00dc-l puudub neile juurdep\u00e4\u00e4s.<br \/>\n9.2. K\u00e4esolevates tingimustes eraldi lahendamata k\u00fcsimustes l\u00e4htutakse Eesti Vabariigis kehtivatest \u00f5igusaktidest.<br \/>\n9.3. Teie ja Huntloc O\u00dc vahel seoses Huntloci e-poe vahendusel toodete tellimise ja ostmisega tekkinud vaidlused lahendatakse l\u00e4bir\u00e4\u00e4kimiste teel. Kokkuleppe mittesaavutamisel on Teil \u00f5igus p\u00f6\u00f6rduda oma \u00f5iguste kaitseks Tarbijakaitseametisse. Vaidluste lahendamisel l\u00e4htutakse Eesti Vabariigis kehtivatest \u00f5igusaktidest.<br \/>\n9.4. Huntloc O\u00dc e-poes m\u00fc\u00fcdavad tooted ei ole m\u00f5eldud edasim\u00fc\u00fcmiseks juriidiliste isikute poolt. Vastavasisulised tellimused t\u00fchistatakse.<br \/>\n9.5. Juriidiliste isikute poolt edasim\u00fc\u00fcdavate toodetele ei kehti Huntloci poolne garantii.<\/p>\n<p>10. Vastutus<br \/>\n10.1 Tootepildid on illustratiivse t\u00e4hendusega.<br \/>\n10.2 Toodete hinnad ning saadavus v\u00f5ivad muutuda ette teatamata.<br \/>\n10.3 Tooteinfot kontrollitakse ja t\u00e4iustatakse regulaarselt. Andmed v\u00f5ivad olla peale Teie viimast k\u00fclastust uuenenud.<\/p>\n","protected":false},"excerpt":{"rendered":"<p>1. Tingimuste ulatus ja kehtivus 1.1. Tingimused kehtivad k\u00f5ikide isikute ja ostukeskkonna shop.huntloc.com (edaspidi Huntloci e-pood) omanik Huntloc O\u00dc vahel Huntloci e-poe vahendusel toodete ostmisel tekkivate \u00f5igussuhete kohta. 1.2. Lisaks k\u00e4esolevatele tingimustele reguleerivad Huntloci e-poe vahendusel toodete ostmisel tekkivaid \u00f5igussuhteid Eesti Vabariigis kehtivad \u00f5igusaktid. 1.3. Huntloc O\u00dcl on \u00f5igus e-poe vahendusel s\u00f5lmitud m\u00fc\u00fcgilepingust taganeda ning [&hellip;]<\/p>\n","protected":false},"author":2,"featured_media":0,"parent":0,"menu_order":0,"comment_status":"closed","ping_status":"closed","template":"","meta":{"om_disable_all_campaigns":false,"_monsterinsights_skip_tracking":false,"_monsterinsights_sitenote_active":false,"_monsterinsights_sitenote_note":"","_monsterinsights_sitenote_category":0,"_uf_show_specific_survey":0,"_uf_disable_surveys":false,"footnotes":""},"acf":[],"aioseo_notices":[],"yoast_head":"<!-- This site is optimized with the Yoast SEO plugin v22.7 - https:\/\/yoast.com\/wordpress\/plugins\/seo\/ -->\n<title>E-poe kasutamise tingimused &#8212; Huntloc<\/title>\n<meta name=\"robots\" content=\"index, follow, max-snippet:-1, max-image-preview:large, max-video-preview:-1\" \/>\n<link rel=\"canonical\" href=\"https:\/\/huntloc.com\/et\/e-poe-kasutamise-tingimused\/\" \/>\n<meta property=\"og:locale\" content=\"et_EE\" \/>\n<meta property=\"og:type\" content=\"article\" \/>\n<meta property=\"og:title\" content=\"E-poe kasutamise tingimused &#8212; Huntloc\" \/>\n<meta property=\"og:description\" content=\"1. Tingimuste ulatus ja kehtivus 1.1. Tingimused kehtivad k\u00f5ikide isikute ja ostukeskkonna shop.huntloc.com (edaspidi Huntloci e-pood) omanik Huntloc O\u00dc vahel Huntloci e-poe vahendusel toodete ostmisel tekkivate \u00f5igussuhete kohta. 1.2. Lisaks k\u00e4esolevatele tingimustele reguleerivad Huntloci e-poe vahendusel toodete ostmisel tekkivaid \u00f5igussuhteid Eesti Vabariigis kehtivad \u00f5igusaktid. 1.3. Huntloc O\u00dcl on \u00f5igus e-poe vahendusel s\u00f5lmitud m\u00fc\u00fcgilepingust taganeda ning [&hellip;]\" \/>\n<meta property=\"og:url\" content=\"https:\/\/huntloc.com\/et\/e-poe-kasutamise-tingimused\/\" \/>\n<meta property=\"og:site_name\" content=\"Huntloc\" \/>\n<meta property=\"article:publisher\" content=\"https:\/\/www.facebook.com\/huntloc.et\/\" \/>\n<meta property=\"article:modified_time\" content=\"2021-05-27T05:24:17+00:00\" \/>\n<meta property=\"og:image\" content=\"https:\/\/huntloc.com\/wp-content\/uploads\/2020\/09\/DSC_0405-2000x640jpg.jpg\" \/>\n\t<meta property=\"og:image:width\" content=\"2000\" \/>\n\t<meta property=\"og:image:height\" content=\"640\" \/>\n\t<meta property=\"og:image:type\" content=\"image\/jpeg\" \/>\n<meta name=\"twitter:card\" content=\"summary_large_image\" \/>\n<meta name=\"twitter:site\" content=\"@HuntlocApp\" \/>\n<meta name=\"twitter:label1\" content=\"Est. reading time\" \/>\n\t<meta name=\"twitter:data1\" content=\"5 minutit\" \/>\n<script type=\"application\/ld+json\" class=\"yoast-schema-graph\">{\"@context\":\"https:\/\/schema.org\",\"@graph\":[{\"@type\":\"WebPage\",\"@id\":\"https:\/\/huntloc.com\/et\/e-poe-kasutamise-tingimused\/\",\"url\":\"https:\/\/huntloc.com\/et\/e-poe-kasutamise-tingimused\/\",\"name\":\"E-poe kasutamise tingimused &#8212; Huntloc\",\"isPartOf\":{\"@id\":\"https:\/\/huntloc.com\/et\/#website\"},\"datePublished\":\"2020-10-28T05:46:08+00:00\",\"dateModified\":\"2021-05-27T05:24:17+00:00\",\"breadcrumb\":{\"@id\":\"https:\/\/huntloc.com\/et\/e-poe-kasutamise-tingimused\/#breadcrumb\"},\"inLanguage\":\"et\",\"potentialAction\":[{\"@type\":\"ReadAction\",\"target\":[\"https:\/\/huntloc.com\/et\/e-poe-kasutamise-tingimused\/\"]}]},{\"@type\":\"BreadcrumbList\",\"@id\":\"https:\/\/huntloc.com\/et\/e-poe-kasutamise-tingimused\/#breadcrumb\",\"itemListElement\":[{\"@type\":\"ListItem\",\"position\":1,\"name\":\"Home\",\"item\":\"https:\/\/huntloc.com\/et\/\"},{\"@type\":\"ListItem\",\"position\":2,\"name\":\"E-poe kasutamise tingimused\"}]},{\"@type\":\"WebSite\",\"@id\":\"https:\/\/huntloc.com\/et\/#website\",\"url\":\"https:\/\/huntloc.com\/et\/\",\"name\":\"Jahi \u00e4pp Huntloc\",\"description\":\"Reaalajas jahi j&auml;lgimise &auml;pp ning jahikoerte j&auml;lgimislahendus\",\"publisher\":{\"@id\":\"https:\/\/huntloc.com\/et\/#organization\"},\"potentialAction\":[{\"@type\":\"SearchAction\",\"target\":{\"@type\":\"EntryPoint\",\"urlTemplate\":\"https:\/\/huntloc.com\/et\/?s={search_term_string}\"},\"query-input\":\"required name=search_term_string\"}],\"inLanguage\":\"et\"},{\"@type\":\"Organization\",\"@id\":\"https:\/\/huntloc.com\/et\/#organization\",\"name\":\"Jahi \u00e4pp Huntloc\",\"url\":\"https:\/\/huntloc.com\/et\/\",\"logo\":{\"@type\":\"ImageObject\",\"inLanguage\":\"et\",\"@id\":\"https:\/\/huntloc.com\/et\/#\/schema\/logo\/image\/\",\"url\":\"https:\/\/huntloc.com\/wp-content\/uploads\/2020\/09\/huntloc_logo_positive.png\",\"contentUrl\":\"https:\/\/huntloc.com\/wp-content\/uploads\/2020\/09\/huntloc_logo_positive.png\",\"width\":1150,\"height\":500,\"caption\":\"Jahi \u00e4pp Huntloc\"},\"image\":{\"@id\":\"https:\/\/huntloc.com\/et\/#\/schema\/logo\/image\/\"},\"sameAs\":[\"https:\/\/www.facebook.com\/huntloc.et\/\",\"https:\/\/x.com\/HuntlocApp\",\"https:\/\/www.instagram.com\/huntloc\/\",\"https:\/\/www.youtube.com\/huntloc\",\"https:\/\/www.linkedin.com\/company\/huntloc\/\"]}]}<\/script>\n<!-- \/ Yoast SEO plugin. -->","yoast_head_json":{"title":"E-poe kasutamise tingimused &#8212; Huntloc","robots":{"index":"index","follow":"follow","max-snippet":"max-snippet:-1","max-image-preview":"max-image-preview:large","max-video-preview":"max-video-preview:-1"},"canonical":"https:\/\/huntloc.com\/et\/e-poe-kasutamise-tingimused\/","og_locale":"et_EE","og_type":"article","og_title":"E-poe kasutamise tingimused &#8212; Huntloc","og_description":"1. Tingimuste ulatus ja kehtivus 1.1. Tingimused kehtivad k\u00f5ikide isikute ja ostukeskkonna shop.huntloc.com (edaspidi Huntloci e-pood) omanik Huntloc O\u00dc vahel Huntloci e-poe vahendusel toodete ostmisel tekkivate \u00f5igussuhete kohta. 1.2. Lisaks k\u00e4esolevatele tingimustele reguleerivad Huntloci e-poe vahendusel toodete ostmisel tekkivaid \u00f5igussuhteid Eesti Vabariigis kehtivad \u00f5igusaktid. 1.3. Huntloc O\u00dcl on \u00f5igus e-poe vahendusel s\u00f5lmitud m\u00fc\u00fcgilepingust taganeda ning [&hellip;]","og_url":"https:\/\/huntloc.com\/et\/e-poe-kasutamise-tingimused\/","og_site_name":"Huntloc","article_publisher":"https:\/\/www.facebook.com\/huntloc.et\/","article_modified_time":"2021-05-27T05:24:17+00:00","og_image":[{"width":2000,"height":640,"url":"https:\/\/huntloc.com\/wp-content\/uploads\/2020\/09\/DSC_0405-2000x640jpg.jpg","type":"image\/jpeg"}],"twitter_card":"summary_large_image","twitter_site":"@HuntlocApp","twitter_misc":{"Est. reading time":"5 minutit"},"schema":{"@context":"https:\/\/schema.org","@graph":[{"@type":"WebPage","@id":"https:\/\/huntloc.com\/et\/e-poe-kasutamise-tingimused\/","url":"https:\/\/huntloc.com\/et\/e-poe-kasutamise-tingimused\/","name":"E-poe kasutamise tingimused &#8212; Huntloc","isPartOf":{"@id":"https:\/\/huntloc.com\/et\/#website"},"datePublished":"2020-10-28T05:46:08+00:00","dateModified":"2021-05-27T05:24:17+00:00","breadcrumb":{"@id":"https:\/\/huntloc.com\/et\/e-poe-kasutamise-tingimused\/#breadcrumb"},"inLanguage":"et","potentialAction":[{"@type":"ReadAction","target":["https:\/\/huntloc.com\/et\/e-poe-kasutamise-tingimused\/"]}]},{"@type":"BreadcrumbList","@id":"https:\/\/huntloc.com\/et\/e-poe-kasutamise-tingimused\/#breadcrumb","itemListElement":[{"@type":"ListItem","position":1,"name":"Home","item":"https:\/\/huntloc.com\/et\/"},{"@type":"ListItem","position":2,"name":"E-poe kasutamise tingimused"}]},{"@type":"WebSite","@id":"https:\/\/huntloc.com\/et\/#website","url":"https:\/\/huntloc.com\/et\/","name":"Jahi \u00e4pp Huntloc","description":"Reaalajas jahi j&auml;lgimise &auml;pp ning jahikoerte j&auml;lgimislahendus","publisher":{"@id":"https:\/\/huntloc.com\/et\/#organization"},"potentialAction":[{"@type":"SearchAction","target":{"@type":"EntryPoint","urlTemplate":"https:\/\/huntloc.com\/et\/?s={search_term_string}"},"query-input":"required name=search_term_string"}],"inLanguage":"et"},{"@type":"Organization","@id":"https:\/\/huntloc.com\/et\/#organization","name":"Jahi \u00e4pp Huntloc","url":"https:\/\/huntloc.com\/et\/","logo":{"@type":"ImageObject","inLanguage":"et","@id":"https:\/\/huntloc.com\/et\/#\/schema\/logo\/image\/","url":"https:\/\/huntloc.com\/wp-content\/uploads\/2020\/09\/huntloc_logo_positive.png","contentUrl":"https:\/\/huntloc.com\/wp-content\/uploads\/2020\/09\/huntloc_logo_positive.png","width":1150,"height":500,"caption":"Jahi \u00e4pp Huntloc"},"image":{"@id":"https:\/\/huntloc.com\/et\/#\/schema\/logo\/image\/"},"sameAs":["https:\/\/www.facebook.com\/huntloc.et\/","https:\/\/x.com\/HuntlocApp","https:\/\/www.instagram.com\/huntloc\/","https:\/\/www.youtube.com\/huntloc","https:\/\/www.linkedin.com\/company\/huntloc\/"]}]}},"amp_enabled":true,"_links":{"self":[{"href":"https:\/\/huntloc.com\/et\/wp-json\/wp\/v2\/pages\/4403"}],"collection":[{"href":"https:\/\/huntloc.com\/et\/wp-json\/wp\/v2\/pages"}],"about":[{"href":"https:\/\/huntloc.com\/et\/wp-json\/wp\/v2\/types\/page"}],"author":[{"embeddable":true,"href":"https:\/\/huntloc.com\/et\/wp-json\/wp\/v2\/users\/2"}],"replies":[{"embeddable":true,"href":"https:\/\/huntloc.com\/et\/wp-json\/wp\/v2\/comments?post=4403"}],"version-history":[{"count":3,"href":"https:\/\/huntloc.com\/et\/wp-json\/wp\/v2\/pages\/4403\/revisions"}],"predecessor-version":[{"id":9629,"href":"https:\/\/huntloc.com\/et\/wp-json\/wp\/v2\/pages\/4403\/revisions\/9629"}],"wp:attachment":[{"href":"https:\/\/huntloc.com\/et\/wp-json\/wp\/v2\/media?parent=4403"}],"curies":[{"name":"wp","href":"https:\/\/api.w.org\/{rel}","templated":true}]}}