{"id":4399,"date":"2020-10-28T07:44:35","date_gmt":"2020-10-28T05:44:35","guid":{"rendered":"https:\/\/dev.octa.ee\/huntloc\/?page_id=4399"},"modified":"2020-10-28T07:48:51","modified_gmt":"2020-10-28T05:48:51","slug":"kohaletoimetamine","status":"publish","type":"page","link":"https:\/\/huntloc.com\/et\/kohaletoimetamine\/","title":{"rendered":"E-poest ostetud toodete kohaletoimetamine"},"content":{"rendered":"<p>E-poest soetatud kaupade ja teenuste kohaletoimetamise v\u00f5imalused tulenevalt ostetud kaupadest.<\/p>\n<p><strong>1. Huntloci litsents ja j\u00e4lgimisseadme interneti pikendamine<\/strong><\/p>\n<p>Huntloci litsentsi v\u00f5i j\u00e4lgimisseadme interneti pikendamisel aktiveeritakse see automaatselt peale pakse tegemist. Pikendamine on n\u00e4htav Huntloci \u00e4pis.<\/p>\n<p><strong>2. Huntloci kaubad &#8211; Omniva\/<\/strong><strong>SmartPOST pakiautomaadi teenus<\/strong><\/p>\n<p>Veebilehel soetatud kaubad tarnitakse kliendile l\u00e4himasse pakiautomaati. Endale sobiliku pakiautomaadi saate valida tellimuse esitamisel. Omniva\/SmartPOSTi pakiautomaate leiab \u00fcle terve Eesti. Kaup edastatakse kohaletoimetamiseks 3 t\u00f6\u00f6p\u00e4eva jooksul. Soovikorral edastatakse paki saajale paki j\u00e4lgimiskood kliendile e-posti teel.<\/p>\n<p>Teie tellimuse j\u00f5udmisel valitud pakiautomaati saadetakse teile paki saabumise kohta SMS s\u00f5num. S\u00f5num sisaldab pakiautomaadi asukohta ja personaalset uksekoodi, mille alusel te oma paki k\u00e4tte saate. Saadetisi hoiustatakse tasuta Omniva\/SmartPOSTi pakiautomaadis 7 kalendrip\u00e4eva alates s\u00f5numi saabumisest teie mobiiltelefoni. V\u00e4ljastamata pakkide kohta saadetakse teile t\u00e4iendavalt 2 meeldetuletuss\u00f5numit<\/p>\n","protected":false},"excerpt":{"rendered":"<p>E-poest soetatud kaupade ja teenuste kohaletoimetamise v\u00f5imalused tulenevalt ostetud kaupadest. 1. Huntloci litsents ja j\u00e4lgimisseadme interneti pikendamine Huntloci litsentsi v\u00f5i j\u00e4lgimisseadme interneti pikendamisel aktiveeritakse see automaatselt peale pakse tegemist. Pikendamine on n\u00e4htav Huntloci \u00e4pis. 2. Huntloci kaubad &#8211; Omniva\/SmartPOST pakiautomaadi teenus Veebilehel soetatud kaubad tarnitakse kliendile l\u00e4himasse pakiautomaati. Endale sobiliku pakiautomaadi saate valida tellimuse esitamisel. [&hellip;]<\/p>\n","protected":false},"author":2,"featured_media":0,"parent":0,"menu_order":0,"comment_status":"closed","ping_status":"closed","template":"","meta":{"om_disable_all_campaigns":false,"_monsterinsights_skip_tracking":false,"_monsterinsights_sitenote_active":false,"_monsterinsights_sitenote_note":"","_monsterinsights_sitenote_category":0,"_uf_show_specific_survey":0,"_uf_disable_surveys":false,"footnotes":""},"acf":[],"aioseo_notices":[],"yoast_head":"<!-- This site is optimized with the Yoast SEO plugin v22.7 - https:\/\/yoast.com\/wordpress\/plugins\/seo\/ -->\n<title>E-poest ostetud toodete kohaletoimetamine &#8212; Huntloc<\/title>\n<meta name=\"robots\" content=\"index, follow, max-snippet:-1, max-image-preview:large, max-video-preview:-1\" \/>\n<link rel=\"canonical\" href=\"https:\/\/huntloc.com\/et\/kohaletoimetamine\/\" \/>\n<meta property=\"og:locale\" content=\"et_EE\" \/>\n<meta property=\"og:type\" content=\"article\" \/>\n<meta property=\"og:title\" content=\"E-poest ostetud toodete kohaletoimetamine &#8212; Huntloc\" \/>\n<meta property=\"og:description\" content=\"E-poest soetatud kaupade ja teenuste kohaletoimetamise v\u00f5imalused tulenevalt ostetud kaupadest. 1. Huntloci litsents ja j\u00e4lgimisseadme interneti pikendamine Huntloci litsentsi v\u00f5i j\u00e4lgimisseadme interneti pikendamisel aktiveeritakse see automaatselt peale pakse tegemist. Pikendamine on n\u00e4htav Huntloci \u00e4pis. 2. Huntloci kaubad &#8211; Omniva\/SmartPOST pakiautomaadi teenus Veebilehel soetatud kaubad tarnitakse kliendile l\u00e4himasse pakiautomaati. Endale sobiliku pakiautomaadi saate valida tellimuse esitamisel. [&hellip;]\" \/>\n<meta property=\"og:url\" content=\"https:\/\/huntloc.com\/et\/kohaletoimetamine\/\" \/>\n<meta property=\"og:site_name\" content=\"Huntloc\" \/>\n<meta property=\"article:publisher\" content=\"https:\/\/www.facebook.com\/huntloc.et\/\" \/>\n<meta property=\"article:modified_time\" content=\"2020-10-28T05:48:51+00:00\" \/>\n<meta property=\"og:image\" content=\"https:\/\/huntloc.com\/wp-content\/uploads\/2020\/09\/DSC_0405-2000x640jpg.jpg\" \/>\n\t<meta property=\"og:image:width\" content=\"2000\" \/>\n\t<meta property=\"og:image:height\" content=\"640\" \/>\n\t<meta property=\"og:image:type\" content=\"image\/jpeg\" \/>\n<meta name=\"twitter:card\" content=\"summary_large_image\" \/>\n<meta name=\"twitter:site\" content=\"@HuntlocApp\" \/>\n<meta name=\"twitter:label1\" content=\"Est. reading time\" \/>\n\t<meta name=\"twitter:data1\" content=\"1 minut\" \/>\n<script type=\"application\/ld+json\" class=\"yoast-schema-graph\">{\"@context\":\"https:\/\/schema.org\",\"@graph\":[{\"@type\":\"WebPage\",\"@id\":\"https:\/\/huntloc.com\/et\/kohaletoimetamine\/\",\"url\":\"https:\/\/huntloc.com\/et\/kohaletoimetamine\/\",\"name\":\"E-poest ostetud toodete kohaletoimetamine &#8212; Huntloc\",\"isPartOf\":{\"@id\":\"https:\/\/huntloc.com\/et\/#website\"},\"datePublished\":\"2020-10-28T05:44:35+00:00\",\"dateModified\":\"2020-10-28T05:48:51+00:00\",\"breadcrumb\":{\"@id\":\"https:\/\/huntloc.com\/et\/kohaletoimetamine\/#breadcrumb\"},\"inLanguage\":\"et\",\"potentialAction\":[{\"@type\":\"ReadAction\",\"target\":[\"https:\/\/huntloc.com\/et\/kohaletoimetamine\/\"]}]},{\"@type\":\"BreadcrumbList\",\"@id\":\"https:\/\/huntloc.com\/et\/kohaletoimetamine\/#breadcrumb\",\"itemListElement\":[{\"@type\":\"ListItem\",\"position\":1,\"name\":\"Home\",\"item\":\"https:\/\/huntloc.com\/et\/\"},{\"@type\":\"ListItem\",\"position\":2,\"name\":\"E-poest ostetud toodete kohaletoimetamine\"}]},{\"@type\":\"WebSite\",\"@id\":\"https:\/\/huntloc.com\/et\/#website\",\"url\":\"https:\/\/huntloc.com\/et\/\",\"name\":\"Jahi \u00e4pp Huntloc\",\"description\":\"Reaalajas jahi j&auml;lgimise &auml;pp ning jahikoerte j&auml;lgimislahendus\",\"publisher\":{\"@id\":\"https:\/\/huntloc.com\/et\/#organization\"},\"potentialAction\":[{\"@type\":\"SearchAction\",\"target\":{\"@type\":\"EntryPoint\",\"urlTemplate\":\"https:\/\/huntloc.com\/et\/?s={search_term_string}\"},\"query-input\":\"required name=search_term_string\"}],\"inLanguage\":\"et\"},{\"@type\":\"Organization\",\"@id\":\"https:\/\/huntloc.com\/et\/#organization\",\"name\":\"Jahi \u00e4pp Huntloc\",\"url\":\"https:\/\/huntloc.com\/et\/\",\"logo\":{\"@type\":\"ImageObject\",\"inLanguage\":\"et\",\"@id\":\"https:\/\/huntloc.com\/et\/#\/schema\/logo\/image\/\",\"url\":\"https:\/\/huntloc.com\/wp-content\/uploads\/2020\/09\/huntloc_logo_positive.png\",\"contentUrl\":\"https:\/\/huntloc.com\/wp-content\/uploads\/2020\/09\/huntloc_logo_positive.png\",\"width\":1150,\"height\":500,\"caption\":\"Jahi \u00e4pp Huntloc\"},\"image\":{\"@id\":\"https:\/\/huntloc.com\/et\/#\/schema\/logo\/image\/\"},\"sameAs\":[\"https:\/\/www.facebook.com\/huntloc.et\/\",\"https:\/\/x.com\/HuntlocApp\",\"https:\/\/www.instagram.com\/huntloc\/\",\"https:\/\/www.youtube.com\/huntloc\",\"https:\/\/www.linkedin.com\/company\/huntloc\/\"]}]}<\/script>\n<!-- \/ Yoast SEO plugin. -->","yoast_head_json":{"title":"E-poest ostetud toodete kohaletoimetamine &#8212; Huntloc","robots":{"index":"index","follow":"follow","max-snippet":"max-snippet:-1","max-image-preview":"max-image-preview:large","max-video-preview":"max-video-preview:-1"},"canonical":"https:\/\/huntloc.com\/et\/kohaletoimetamine\/","og_locale":"et_EE","og_type":"article","og_title":"E-poest ostetud toodete kohaletoimetamine &#8212; Huntloc","og_description":"E-poest soetatud kaupade ja teenuste kohaletoimetamise v\u00f5imalused tulenevalt ostetud kaupadest. 1. Huntloci litsents ja j\u00e4lgimisseadme interneti pikendamine Huntloci litsentsi v\u00f5i j\u00e4lgimisseadme interneti pikendamisel aktiveeritakse see automaatselt peale pakse tegemist. Pikendamine on n\u00e4htav Huntloci \u00e4pis. 2. Huntloci kaubad &#8211; Omniva\/SmartPOST pakiautomaadi teenus Veebilehel soetatud kaubad tarnitakse kliendile l\u00e4himasse pakiautomaati. Endale sobiliku pakiautomaadi saate valida tellimuse esitamisel. [&hellip;]","og_url":"https:\/\/huntloc.com\/et\/kohaletoimetamine\/","og_site_name":"Huntloc","article_publisher":"https:\/\/www.facebook.com\/huntloc.et\/","article_modified_time":"2020-10-28T05:48:51+00:00","og_image":[{"width":2000,"height":640,"url":"https:\/\/huntloc.com\/wp-content\/uploads\/2020\/09\/DSC_0405-2000x640jpg.jpg","type":"image\/jpeg"}],"twitter_card":"summary_large_image","twitter_site":"@HuntlocApp","twitter_misc":{"Est. reading time":"1 minut"},"schema":{"@context":"https:\/\/schema.org","@graph":[{"@type":"WebPage","@id":"https:\/\/huntloc.com\/et\/kohaletoimetamine\/","url":"https:\/\/huntloc.com\/et\/kohaletoimetamine\/","name":"E-poest ostetud toodete kohaletoimetamine &#8212; Huntloc","isPartOf":{"@id":"https:\/\/huntloc.com\/et\/#website"},"datePublished":"2020-10-28T05:44:35+00:00","dateModified":"2020-10-28T05:48:51+00:00","breadcrumb":{"@id":"https:\/\/huntloc.com\/et\/kohaletoimetamine\/#breadcrumb"},"inLanguage":"et","potentialAction":[{"@type":"ReadAction","target":["https:\/\/huntloc.com\/et\/kohaletoimetamine\/"]}]},{"@type":"BreadcrumbList","@id":"https:\/\/huntloc.com\/et\/kohaletoimetamine\/#breadcrumb","itemListElement":[{"@type":"ListItem","position":1,"name":"Home","item":"https:\/\/huntloc.com\/et\/"},{"@type":"ListItem","position":2,"name":"E-poest ostetud toodete kohaletoimetamine"}]},{"@type":"WebSite","@id":"https:\/\/huntloc.com\/et\/#website","url":"https:\/\/huntloc.com\/et\/","name":"Jahi \u00e4pp Huntloc","description":"Reaalajas jahi j&auml;lgimise &auml;pp ning jahikoerte j&auml;lgimislahendus","publisher":{"@id":"https:\/\/huntloc.com\/et\/#organization"},"potentialAction":[{"@type":"SearchAction","target":{"@type":"EntryPoint","urlTemplate":"https:\/\/huntloc.com\/et\/?s={search_term_string}"},"query-input":"required name=search_term_string"}],"inLanguage":"et"},{"@type":"Organization","@id":"https:\/\/huntloc.com\/et\/#organization","name":"Jahi \u00e4pp Huntloc","url":"https:\/\/huntloc.com\/et\/","logo":{"@type":"ImageObject","inLanguage":"et","@id":"https:\/\/huntloc.com\/et\/#\/schema\/logo\/image\/","url":"https:\/\/huntloc.com\/wp-content\/uploads\/2020\/09\/huntloc_logo_positive.png","contentUrl":"https:\/\/huntloc.com\/wp-content\/uploads\/2020\/09\/huntloc_logo_positive.png","width":1150,"height":500,"caption":"Jahi \u00e4pp Huntloc"},"image":{"@id":"https:\/\/huntloc.com\/et\/#\/schema\/logo\/image\/"},"sameAs":["https:\/\/www.facebook.com\/huntloc.et\/","https:\/\/x.com\/HuntlocApp","https:\/\/www.instagram.com\/huntloc\/","https:\/\/www.youtube.com\/huntloc","https:\/\/www.linkedin.com\/company\/huntloc\/"]}]}},"amp_enabled":true,"_links":{"self":[{"href":"https:\/\/huntloc.com\/et\/wp-json\/wp\/v2\/pages\/4399"}],"collection":[{"href":"https:\/\/huntloc.com\/et\/wp-json\/wp\/v2\/pages"}],"about":[{"href":"https:\/\/huntloc.com\/et\/wp-json\/wp\/v2\/types\/page"}],"author":[{"embeddable":true,"href":"https:\/\/huntloc.com\/et\/wp-json\/wp\/v2\/users\/2"}],"replies":[{"embeddable":true,"href":"https:\/\/huntloc.com\/et\/wp-json\/wp\/v2\/comments?post=4399"}],"version-history":[{"count":2,"href":"https:\/\/huntloc.com\/et\/wp-json\/wp\/v2\/pages\/4399\/revisions"}],"predecessor-version":[{"id":4406,"href":"https:\/\/huntloc.com\/et\/wp-json\/wp\/v2\/pages\/4399\/revisions\/4406"}],"wp:attachment":[{"href":"https:\/\/huntloc.com\/et\/wp-json\/wp\/v2\/media?parent=4399"}],"curies":[{"name":"wp","href":"https:\/\/api.w.org\/{rel}","templated":true}]}}