{"id":22,"date":"2020-08-31T12:34:53","date_gmt":"2020-08-31T12:34:53","guid":{"rendered":"https:\/\/dev.octa.ee\/huntloc\/?page_id=22"},"modified":"2025-07-04T13:04:14","modified_gmt":"2025-07-04T11:04:14","slug":"jahikoer","status":"publish","type":"page","link":"https:\/\/huntloc.com\/et\/jahikoer\/","title":{"rendered":"Jahikoer"},"content":{"rendered":"","protected":false},"excerpt":{"rendered":"","protected":false},"author":2,"featured_media":9483,"parent":0,"menu_order":0,"comment_status":"closed","ping_status":"closed","template":"templates\/dog.php","meta":{"om_disable_all_campaigns":false,"_monsterinsights_skip_tracking":false,"_monsterinsights_sitenote_active":false,"_monsterinsights_sitenote_note":"","_monsterinsights_sitenote_category":0,"_uf_show_specific_survey":0,"_uf_disable_surveys":false,"footnotes":""},"acf":[],"aioseo_notices":[],"yoast_head":"<!-- This site is optimized with the Yoast SEO plugin v22.7 - https:\/\/yoast.com\/wordpress\/plugins\/seo\/ -->\n<title>Huntloci GPS j\u00e4lgimisseadmega jahikoer on n\u00e4htav k\u00f5igile jahimeestele<\/title>\n<meta name=\"description\" content=\"V\u00e4ga t\u00e4pne koera asukoht jahis, puudub kauguse piirang, j\u00e4lgimisaeg 36 tundi, veekindel, saab kuulata koera tegevust, virtuaalne aedik.\" \/>\n<meta name=\"robots\" content=\"index, follow, max-snippet:-1, max-image-preview:large, max-video-preview:-1\" \/>\n<link rel=\"canonical\" href=\"https:\/\/huntloc.com\/et\/jahikoer\/\" \/>\n<meta property=\"og:locale\" content=\"et_EE\" \/>\n<meta property=\"og:type\" content=\"article\" \/>\n<meta property=\"og:title\" content=\"Huntloci GPS j\u00e4lgimisseadmega jahikoer on n\u00e4htav k\u00f5igile jahimeestele\" \/>\n<meta property=\"og:description\" content=\"V\u00e4ga t\u00e4pne koera asukoht jahis, puudub kauguse piirang, j\u00e4lgimisaeg 36 tundi, veekindel, saab kuulata koera tegevust, virtuaalne aedik.\" \/>\n<meta property=\"og:url\" content=\"https:\/\/huntloc.com\/et\/jahikoer\/\" \/>\n<meta property=\"og:site_name\" content=\"Huntloc\" \/>\n<meta property=\"article:publisher\" content=\"https:\/\/www.facebook.com\/huntloc.et\/\" \/>\n<meta property=\"article:modified_time\" content=\"2025-07-04T11:04:14+00:00\" \/>\n<meta property=\"og:image\" content=\"https:\/\/huntloc.com\/wp-content\/uploads\/2020\/09\/Hagijas-1.jpg\" \/>\n\t<meta property=\"og:image:width\" content=\"1152\" \/>\n\t<meta property=\"og:image:height\" content=\"768\" \/>\n\t<meta property=\"og:image:type\" content=\"image\/jpeg\" \/>\n<meta name=\"twitter:card\" content=\"summary_large_image\" \/>\n<meta name=\"twitter:site\" content=\"@HuntlocApp\" \/>\n<meta name=\"twitter:label1\" content=\"Est. reading time\" \/>\n\t<meta name=\"twitter:data1\" content=\"1 minut\" \/>\n<script type=\"application\/ld+json\" class=\"yoast-schema-graph\">{\"@context\":\"https:\/\/schema.org\",\"@graph\":[{\"@type\":\"WebPage\",\"@id\":\"https:\/\/huntloc.com\/et\/jahikoer\/\",\"url\":\"https:\/\/huntloc.com\/et\/jahikoer\/\",\"name\":\"Huntloci GPS j\u00e4lgimisseadmega jahikoer on n\u00e4htav k\u00f5igile jahimeestele\",\"isPartOf\":{\"@id\":\"https:\/\/huntloc.com\/et\/#website\"},\"primaryImageOfPage\":{\"@id\":\"https:\/\/huntloc.com\/et\/jahikoer\/#primaryimage\"},\"image\":{\"@id\":\"https:\/\/huntloc.com\/et\/jahikoer\/#primaryimage\"},\"thumbnailUrl\":\"https:\/\/huntloc.com\/wp-content\/uploads\/2020\/09\/Hagijas-1.jpg\",\"datePublished\":\"2020-08-31T12:34:53+00:00\",\"dateModified\":\"2025-07-04T11:04:14+00:00\",\"description\":\"V\u00e4ga t\u00e4pne koera asukoht jahis, puudub kauguse piirang, j\u00e4lgimisaeg 36 tundi, veekindel, saab kuulata koera tegevust, virtuaalne aedik.\",\"breadcrumb\":{\"@id\":\"https:\/\/huntloc.com\/et\/jahikoer\/#breadcrumb\"},\"inLanguage\":\"et\",\"potentialAction\":[{\"@type\":\"ReadAction\",\"target\":[\"https:\/\/huntloc.com\/et\/jahikoer\/\"]}]},{\"@type\":\"ImageObject\",\"inLanguage\":\"et\",\"@id\":\"https:\/\/huntloc.com\/et\/jahikoer\/#primaryimage\",\"url\":\"https:\/\/huntloc.com\/wp-content\/uploads\/2020\/09\/Hagijas-1.jpg\",\"contentUrl\":\"https:\/\/huntloc.com\/wp-content\/uploads\/2020\/09\/Hagijas-1.jpg\",\"width\":1152,\"height\":768},{\"@type\":\"BreadcrumbList\",\"@id\":\"https:\/\/huntloc.com\/et\/jahikoer\/#breadcrumb\",\"itemListElement\":[{\"@type\":\"ListItem\",\"position\":1,\"name\":\"Home\",\"item\":\"https:\/\/huntloc.com\/et\/\"},{\"@type\":\"ListItem\",\"position\":2,\"name\":\"Jahikoer\"}]},{\"@type\":\"WebSite\",\"@id\":\"https:\/\/huntloc.com\/et\/#website\",\"url\":\"https:\/\/huntloc.com\/et\/\",\"name\":\"Jahi \u00e4pp Huntloc\",\"description\":\"Reaalajas jahi j&auml;lgimise &auml;pp ning jahikoerte j&auml;lgimislahendus\",\"publisher\":{\"@id\":\"https:\/\/huntloc.com\/et\/#organization\"},\"potentialAction\":[{\"@type\":\"SearchAction\",\"target\":{\"@type\":\"EntryPoint\",\"urlTemplate\":\"https:\/\/huntloc.com\/et\/?s={search_term_string}\"},\"query-input\":\"required name=search_term_string\"}],\"inLanguage\":\"et\"},{\"@type\":\"Organization\",\"@id\":\"https:\/\/huntloc.com\/et\/#organization\",\"name\":\"Jahi \u00e4pp Huntloc\",\"url\":\"https:\/\/huntloc.com\/et\/\",\"logo\":{\"@type\":\"ImageObject\",\"inLanguage\":\"et\",\"@id\":\"https:\/\/huntloc.com\/et\/#\/schema\/logo\/image\/\",\"url\":\"https:\/\/huntloc.com\/wp-content\/uploads\/2020\/09\/huntloc_logo_positive.png\",\"contentUrl\":\"https:\/\/huntloc.com\/wp-content\/uploads\/2020\/09\/huntloc_logo_positive.png\",\"width\":1150,\"height\":500,\"caption\":\"Jahi \u00e4pp Huntloc\"},\"image\":{\"@id\":\"https:\/\/huntloc.com\/et\/#\/schema\/logo\/image\/\"},\"sameAs\":[\"https:\/\/www.facebook.com\/huntloc.et\/\",\"https:\/\/x.com\/HuntlocApp\",\"https:\/\/www.instagram.com\/huntloc\/\",\"https:\/\/www.youtube.com\/huntloc\",\"https:\/\/www.linkedin.com\/company\/huntloc\/\"]}]}<\/script>\n<!-- \/ Yoast SEO plugin. -->","yoast_head_json":{"title":"Huntloci GPS j\u00e4lgimisseadmega jahikoer on n\u00e4htav k\u00f5igile jahimeestele","description":"V\u00e4ga t\u00e4pne koera asukoht jahis, puudub kauguse piirang, j\u00e4lgimisaeg 36 tundi, veekindel, saab kuulata koera tegevust, virtuaalne aedik.","robots":{"index":"index","follow":"follow","max-snippet":"max-snippet:-1","max-image-preview":"max-image-preview:large","max-video-preview":"max-video-preview:-1"},"canonical":"https:\/\/huntloc.com\/et\/jahikoer\/","og_locale":"et_EE","og_type":"article","og_title":"Huntloci GPS j\u00e4lgimisseadmega jahikoer on n\u00e4htav k\u00f5igile jahimeestele","og_description":"V\u00e4ga t\u00e4pne koera asukoht jahis, puudub kauguse piirang, j\u00e4lgimisaeg 36 tundi, veekindel, saab kuulata koera tegevust, virtuaalne aedik.","og_url":"https:\/\/huntloc.com\/et\/jahikoer\/","og_site_name":"Huntloc","article_publisher":"https:\/\/www.facebook.com\/huntloc.et\/","article_modified_time":"2025-07-04T11:04:14+00:00","og_image":[{"width":1152,"height":768,"url":"https:\/\/huntloc.com\/wp-content\/uploads\/2020\/09\/Hagijas-1.jpg","type":"image\/jpeg"}],"twitter_card":"summary_large_image","twitter_site":"@HuntlocApp","twitter_misc":{"Est. reading time":"1 minut"},"schema":{"@context":"https:\/\/schema.org","@graph":[{"@type":"WebPage","@id":"https:\/\/huntloc.com\/et\/jahikoer\/","url":"https:\/\/huntloc.com\/et\/jahikoer\/","name":"Huntloci GPS j\u00e4lgimisseadmega jahikoer on n\u00e4htav k\u00f5igile jahimeestele","isPartOf":{"@id":"https:\/\/huntloc.com\/et\/#website"},"primaryImageOfPage":{"@id":"https:\/\/huntloc.com\/et\/jahikoer\/#primaryimage"},"image":{"@id":"https:\/\/huntloc.com\/et\/jahikoer\/#primaryimage"},"thumbnailUrl":"https:\/\/huntloc.com\/wp-content\/uploads\/2020\/09\/Hagijas-1.jpg","datePublished":"2020-08-31T12:34:53+00:00","dateModified":"2025-07-04T11:04:14+00:00","description":"V\u00e4ga t\u00e4pne koera asukoht jahis, puudub kauguse piirang, j\u00e4lgimisaeg 36 tundi, veekindel, saab kuulata koera tegevust, virtuaalne aedik.","breadcrumb":{"@id":"https:\/\/huntloc.com\/et\/jahikoer\/#breadcrumb"},"inLanguage":"et","potentialAction":[{"@type":"ReadAction","target":["https:\/\/huntloc.com\/et\/jahikoer\/"]}]},{"@type":"ImageObject","inLanguage":"et","@id":"https:\/\/huntloc.com\/et\/jahikoer\/#primaryimage","url":"https:\/\/huntloc.com\/wp-content\/uploads\/2020\/09\/Hagijas-1.jpg","contentUrl":"https:\/\/huntloc.com\/wp-content\/uploads\/2020\/09\/Hagijas-1.jpg","width":1152,"height":768},{"@type":"BreadcrumbList","@id":"https:\/\/huntloc.com\/et\/jahikoer\/#breadcrumb","itemListElement":[{"@type":"ListItem","position":1,"name":"Home","item":"https:\/\/huntloc.com\/et\/"},{"@type":"ListItem","position":2,"name":"Jahikoer"}]},{"@type":"WebSite","@id":"https:\/\/huntloc.com\/et\/#website","url":"https:\/\/huntloc.com\/et\/","name":"Jahi \u00e4pp Huntloc","description":"Reaalajas jahi j&auml;lgimise &auml;pp ning jahikoerte j&auml;lgimislahendus","publisher":{"@id":"https:\/\/huntloc.com\/et\/#organization"},"potentialAction":[{"@type":"SearchAction","target":{"@type":"EntryPoint","urlTemplate":"https:\/\/huntloc.com\/et\/?s={search_term_string}"},"query-input":"required name=search_term_string"}],"inLanguage":"et"},{"@type":"Organization","@id":"https:\/\/huntloc.com\/et\/#organization","name":"Jahi \u00e4pp Huntloc","url":"https:\/\/huntloc.com\/et\/","logo":{"@type":"ImageObject","inLanguage":"et","@id":"https:\/\/huntloc.com\/et\/#\/schema\/logo\/image\/","url":"https:\/\/huntloc.com\/wp-content\/uploads\/2020\/09\/huntloc_logo_positive.png","contentUrl":"https:\/\/huntloc.com\/wp-content\/uploads\/2020\/09\/huntloc_logo_positive.png","width":1150,"height":500,"caption":"Jahi \u00e4pp Huntloc"},"image":{"@id":"https:\/\/huntloc.com\/et\/#\/schema\/logo\/image\/"},"sameAs":["https:\/\/www.facebook.com\/huntloc.et\/","https:\/\/x.com\/HuntlocApp","https:\/\/www.instagram.com\/huntloc\/","https:\/\/www.youtube.com\/huntloc","https:\/\/www.linkedin.com\/company\/huntloc\/"]}]}},"amp_enabled":false,"_links":{"self":[{"href":"https:\/\/huntloc.com\/et\/wp-json\/wp\/v2\/pages\/22"}],"collection":[{"href":"https:\/\/huntloc.com\/et\/wp-json\/wp\/v2\/pages"}],"about":[{"href":"https:\/\/huntloc.com\/et\/wp-json\/wp\/v2\/types\/page"}],"author":[{"embeddable":true,"href":"https:\/\/huntloc.com\/et\/wp-json\/wp\/v2\/users\/2"}],"replies":[{"embeddable":true,"href":"https:\/\/huntloc.com\/et\/wp-json\/wp\/v2\/comments?post=22"}],"version-history":[{"count":165,"href":"https:\/\/huntloc.com\/et\/wp-json\/wp\/v2\/pages\/22\/revisions"}],"predecessor-version":[{"id":13868,"href":"https:\/\/huntloc.com\/et\/wp-json\/wp\/v2\/pages\/22\/revisions\/13868"}],"wp:featuredmedia":[{"embeddable":true,"href":"https:\/\/huntloc.com\/et\/wp-json\/wp\/v2\/media\/9483"}],"wp:attachment":[{"href":"https:\/\/huntloc.com\/et\/wp-json\/wp\/v2\/media?parent=22"}],"curies":[{"name":"wp","href":"https:\/\/api.w.org\/{rel}","templated":true}]}}