{"id":13568,"date":"2025-07-02T11:46:33","date_gmt":"2025-07-02T09:46:33","guid":{"rendered":"https:\/\/huntloc.com\/?page_id=13568"},"modified":"2026-01-14T14:08:21","modified_gmt":"2026-01-14T12:08:21","slug":"jahikaart","status":"publish","type":"page","link":"https:\/\/huntloc.com\/et\/jahikaart\/","title":{"rendered":"Jahikaart"},"content":{"rendered":"<p>Jahikaardile saad kanda erinevad maa-alad, teed ja objektid. K\u00f5ik elemendid on n\u00e4htavad nutitelefonis Huntloci \u00e4pis.<\/p>\n<p>K\u00f5ige mugavam on kaarti joonistada Huntloci portaalis (<a href=\"http:\/\/portal.huntloc.com\/\" target=\"_blank\" rel=\"noopener noreferrer\">portal.huntloc.com<\/a>). Sinna logimiseks pead olema litsentsiga kasutaja.<\/p>\n<p>Kaardile sobiva objekti lisamiseks vali vasakust men\u00fc\u00fcst joone lisamine (\u201cJoonista kompleksjoon\u201d), maa-ala lisamine (\u201cJoonista hulknurk\u201d) v\u00f5i objekti lisamine (\u201cJoonista marker\u201d). Lisa soovitud objekt maa-alale ning sulle avaneb vasakul jahiobjekti men\u00fc\u00fc, kus saad lisada objekti nime ja kirjelduse ning t\u00e4psustada objekti parameetreid.<\/p>\n<p>Jahiobjekti osas saad valida markeri t\u00fc\u00fcpi (laskekohad, s\u00f6\u00f6dakoht, jahikantsel, soolak, kopra rauad jne) ja n\u00e4idatakse \u00e4ra ka objekti koordinaadid. Markeril lohistades, saab teda viia teise kohta.<\/p>\n<p>Maa-ala osas saad valida v\u00e4rvust, piirjoone paksust ja joone t\u00fc\u00fcpi. Maa-ala kohta n\u00e4idatakse \u00e4ra selle \u00fcmberm\u00f5\u00f5du pikkus ja pindala.<\/p>\n<p>Joone osas saad valida joone v\u00e4rvust, paksust ja t\u00fc\u00fcpi. Joone kohta n\u00e4idatakse \u00e4ra selle kogupikkus.<\/p>\n<p>K\u00f5iki andmeid saab muuta st. saab joonistatud maa-ala ja teed parandada.<\/p>\n<p>\u00d5ppevideo kaardi joonistamisest: <a href=\"https:\/\/www.youtube.com\/watch?v=gLtrtTVpCUA\" target=\"_blank\" rel=\"noopener\"><br \/>\nVaata \u00f5ppevideot kaardi joonistamisest<br \/>\n<\/a><\/p>\n","protected":false},"excerpt":{"rendered":"<p>Jahikaardile saad kanda erinevad maa-alad, teed ja objektid. K\u00f5ik elemendid on n\u00e4htavad nutitelefonis Huntloci \u00e4pis. K\u00f5ige mugavam on kaarti joonistada Huntloci portaalis (portal.huntloc.com). Sinna logimiseks pead olema litsentsiga kasutaja. Kaardile sobiva objekti lisamiseks vali vasakust men\u00fc\u00fcst joone lisamine (\u201cJoonista kompleksjoon\u201d), maa-ala lisamine (\u201cJoonista hulknurk\u201d) v\u00f5i objekti lisamine (\u201cJoonista marker\u201d). Lisa soovitud objekt maa-alale ning sulle [&hellip;]<\/p>\n","protected":false},"author":2,"featured_media":14330,"parent":0,"menu_order":0,"comment_status":"closed","ping_status":"closed","template":"","meta":{"om_disable_all_campaigns":false,"_monsterinsights_skip_tracking":false,"_monsterinsights_sitenote_active":false,"_monsterinsights_sitenote_note":"","_monsterinsights_sitenote_category":0,"_uf_show_specific_survey":0,"_uf_disable_surveys":false,"footnotes":""},"acf":[],"aioseo_notices":[],"yoast_head":"<!-- This site is optimized with the Yoast SEO plugin v22.7 - https:\/\/yoast.com\/wordpress\/plugins\/seo\/ -->\n<title>Jahikaart &#8212; Huntloc<\/title>\n<meta name=\"robots\" content=\"index, follow, max-snippet:-1, max-image-preview:large, max-video-preview:-1\" \/>\n<link rel=\"canonical\" href=\"https:\/\/huntloc.com\/et\/jahikaart\/\" \/>\n<meta property=\"og:locale\" content=\"et_EE\" \/>\n<meta property=\"og:type\" content=\"article\" \/>\n<meta property=\"og:title\" content=\"Jahikaart &#8212; Huntloc\" \/>\n<meta property=\"og:description\" content=\"Jahikaardile saad kanda erinevad maa-alad, teed ja objektid. K\u00f5ik elemendid on n\u00e4htavad nutitelefonis Huntloci \u00e4pis. K\u00f5ige mugavam on kaarti joonistada Huntloci portaalis (portal.huntloc.com). Sinna logimiseks pead olema litsentsiga kasutaja. Kaardile sobiva objekti lisamiseks vali vasakust men\u00fc\u00fcst joone lisamine (\u201cJoonista kompleksjoon\u201d), maa-ala lisamine (\u201cJoonista hulknurk\u201d) v\u00f5i objekti lisamine (\u201cJoonista marker\u201d). Lisa soovitud objekt maa-alale ning sulle [&hellip;]\" \/>\n<meta property=\"og:url\" content=\"https:\/\/huntloc.com\/et\/jahikaart\/\" \/>\n<meta property=\"og:site_name\" content=\"Huntloc\" \/>\n<meta property=\"article:publisher\" content=\"https:\/\/www.facebook.com\/huntloc.et\/\" \/>\n<meta property=\"article:modified_time\" content=\"2026-01-14T12:08:21+00:00\" \/>\n<meta property=\"og:image\" content=\"https:\/\/huntloc.com\/wp-content\/uploads\/2026\/01\/Huntloc_Hunting-map.png\" \/>\n\t<meta property=\"og:image:width\" content=\"400\" \/>\n\t<meta property=\"og:image:height\" content=\"400\" \/>\n\t<meta property=\"og:image:type\" content=\"image\/png\" \/>\n<meta name=\"twitter:card\" content=\"summary_large_image\" \/>\n<meta name=\"twitter:site\" content=\"@HuntlocApp\" \/>\n<meta name=\"twitter:label1\" content=\"Est. reading time\" \/>\n\t<meta name=\"twitter:data1\" content=\"1 minut\" \/>\n<script type=\"application\/ld+json\" class=\"yoast-schema-graph\">{\"@context\":\"https:\/\/schema.org\",\"@graph\":[{\"@type\":\"WebPage\",\"@id\":\"https:\/\/huntloc.com\/et\/jahikaart\/\",\"url\":\"https:\/\/huntloc.com\/et\/jahikaart\/\",\"name\":\"Jahikaart &#8212; Huntloc\",\"isPartOf\":{\"@id\":\"https:\/\/huntloc.com\/et\/#website\"},\"primaryImageOfPage\":{\"@id\":\"https:\/\/huntloc.com\/et\/jahikaart\/#primaryimage\"},\"image\":{\"@id\":\"https:\/\/huntloc.com\/et\/jahikaart\/#primaryimage\"},\"thumbnailUrl\":\"https:\/\/huntloc.com\/wp-content\/uploads\/2026\/01\/Huntloc_Hunting-map.png\",\"datePublished\":\"2025-07-02T09:46:33+00:00\",\"dateModified\":\"2026-01-14T12:08:21+00:00\",\"breadcrumb\":{\"@id\":\"https:\/\/huntloc.com\/et\/jahikaart\/#breadcrumb\"},\"inLanguage\":\"et\",\"potentialAction\":[{\"@type\":\"ReadAction\",\"target\":[\"https:\/\/huntloc.com\/et\/jahikaart\/\"]}]},{\"@type\":\"ImageObject\",\"inLanguage\":\"et\",\"@id\":\"https:\/\/huntloc.com\/et\/jahikaart\/#primaryimage\",\"url\":\"https:\/\/huntloc.com\/wp-content\/uploads\/2026\/01\/Huntloc_Hunting-map.png\",\"contentUrl\":\"https:\/\/huntloc.com\/wp-content\/uploads\/2026\/01\/Huntloc_Hunting-map.png\",\"width\":400,\"height\":400,\"caption\":\"Manage own or team hunting area\"},{\"@type\":\"BreadcrumbList\",\"@id\":\"https:\/\/huntloc.com\/et\/jahikaart\/#breadcrumb\",\"itemListElement\":[{\"@type\":\"ListItem\",\"position\":1,\"name\":\"Home\",\"item\":\"https:\/\/huntloc.com\/et\/\"},{\"@type\":\"ListItem\",\"position\":2,\"name\":\"Jahikaart\"}]},{\"@type\":\"WebSite\",\"@id\":\"https:\/\/huntloc.com\/et\/#website\",\"url\":\"https:\/\/huntloc.com\/et\/\",\"name\":\"Jahi \u00e4pp Huntloc\",\"description\":\"Reaalajas jahi j&auml;lgimise &auml;pp ning jahikoerte j&auml;lgimislahendus\",\"publisher\":{\"@id\":\"https:\/\/huntloc.com\/et\/#organization\"},\"potentialAction\":[{\"@type\":\"SearchAction\",\"target\":{\"@type\":\"EntryPoint\",\"urlTemplate\":\"https:\/\/huntloc.com\/et\/?s={search_term_string}\"},\"query-input\":\"required name=search_term_string\"}],\"inLanguage\":\"et\"},{\"@type\":\"Organization\",\"@id\":\"https:\/\/huntloc.com\/et\/#organization\",\"name\":\"Jahi \u00e4pp Huntloc\",\"url\":\"https:\/\/huntloc.com\/et\/\",\"logo\":{\"@type\":\"ImageObject\",\"inLanguage\":\"et\",\"@id\":\"https:\/\/huntloc.com\/et\/#\/schema\/logo\/image\/\",\"url\":\"https:\/\/huntloc.com\/wp-content\/uploads\/2020\/09\/huntloc_logo_positive.png\",\"contentUrl\":\"https:\/\/huntloc.com\/wp-content\/uploads\/2020\/09\/huntloc_logo_positive.png\",\"width\":1150,\"height\":500,\"caption\":\"Jahi \u00e4pp Huntloc\"},\"image\":{\"@id\":\"https:\/\/huntloc.com\/et\/#\/schema\/logo\/image\/\"},\"sameAs\":[\"https:\/\/www.facebook.com\/huntloc.et\/\",\"https:\/\/x.com\/HuntlocApp\",\"https:\/\/www.instagram.com\/huntloc\/\",\"https:\/\/www.youtube.com\/huntloc\",\"https:\/\/www.linkedin.com\/company\/huntloc\/\"]}]}<\/script>\n<!-- \/ Yoast SEO plugin. -->","yoast_head_json":{"title":"Jahikaart &#8212; Huntloc","robots":{"index":"index","follow":"follow","max-snippet":"max-snippet:-1","max-image-preview":"max-image-preview:large","max-video-preview":"max-video-preview:-1"},"canonical":"https:\/\/huntloc.com\/et\/jahikaart\/","og_locale":"et_EE","og_type":"article","og_title":"Jahikaart &#8212; Huntloc","og_description":"Jahikaardile saad kanda erinevad maa-alad, teed ja objektid. K\u00f5ik elemendid on n\u00e4htavad nutitelefonis Huntloci \u00e4pis. K\u00f5ige mugavam on kaarti joonistada Huntloci portaalis (portal.huntloc.com). Sinna logimiseks pead olema litsentsiga kasutaja. Kaardile sobiva objekti lisamiseks vali vasakust men\u00fc\u00fcst joone lisamine (\u201cJoonista kompleksjoon\u201d), maa-ala lisamine (\u201cJoonista hulknurk\u201d) v\u00f5i objekti lisamine (\u201cJoonista marker\u201d). Lisa soovitud objekt maa-alale ning sulle [&hellip;]","og_url":"https:\/\/huntloc.com\/et\/jahikaart\/","og_site_name":"Huntloc","article_publisher":"https:\/\/www.facebook.com\/huntloc.et\/","article_modified_time":"2026-01-14T12:08:21+00:00","og_image":[{"width":400,"height":400,"url":"https:\/\/huntloc.com\/wp-content\/uploads\/2026\/01\/Huntloc_Hunting-map.png","type":"image\/png"}],"twitter_card":"summary_large_image","twitter_site":"@HuntlocApp","twitter_misc":{"Est. reading time":"1 minut"},"schema":{"@context":"https:\/\/schema.org","@graph":[{"@type":"WebPage","@id":"https:\/\/huntloc.com\/et\/jahikaart\/","url":"https:\/\/huntloc.com\/et\/jahikaart\/","name":"Jahikaart &#8212; Huntloc","isPartOf":{"@id":"https:\/\/huntloc.com\/et\/#website"},"primaryImageOfPage":{"@id":"https:\/\/huntloc.com\/et\/jahikaart\/#primaryimage"},"image":{"@id":"https:\/\/huntloc.com\/et\/jahikaart\/#primaryimage"},"thumbnailUrl":"https:\/\/huntloc.com\/wp-content\/uploads\/2026\/01\/Huntloc_Hunting-map.png","datePublished":"2025-07-02T09:46:33+00:00","dateModified":"2026-01-14T12:08:21+00:00","breadcrumb":{"@id":"https:\/\/huntloc.com\/et\/jahikaart\/#breadcrumb"},"inLanguage":"et","potentialAction":[{"@type":"ReadAction","target":["https:\/\/huntloc.com\/et\/jahikaart\/"]}]},{"@type":"ImageObject","inLanguage":"et","@id":"https:\/\/huntloc.com\/et\/jahikaart\/#primaryimage","url":"https:\/\/huntloc.com\/wp-content\/uploads\/2026\/01\/Huntloc_Hunting-map.png","contentUrl":"https:\/\/huntloc.com\/wp-content\/uploads\/2026\/01\/Huntloc_Hunting-map.png","width":400,"height":400,"caption":"Manage own or team hunting area"},{"@type":"BreadcrumbList","@id":"https:\/\/huntloc.com\/et\/jahikaart\/#breadcrumb","itemListElement":[{"@type":"ListItem","position":1,"name":"Home","item":"https:\/\/huntloc.com\/et\/"},{"@type":"ListItem","position":2,"name":"Jahikaart"}]},{"@type":"WebSite","@id":"https:\/\/huntloc.com\/et\/#website","url":"https:\/\/huntloc.com\/et\/","name":"Jahi \u00e4pp Huntloc","description":"Reaalajas jahi j&auml;lgimise &auml;pp ning jahikoerte j&auml;lgimislahendus","publisher":{"@id":"https:\/\/huntloc.com\/et\/#organization"},"potentialAction":[{"@type":"SearchAction","target":{"@type":"EntryPoint","urlTemplate":"https:\/\/huntloc.com\/et\/?s={search_term_string}"},"query-input":"required name=search_term_string"}],"inLanguage":"et"},{"@type":"Organization","@id":"https:\/\/huntloc.com\/et\/#organization","name":"Jahi \u00e4pp Huntloc","url":"https:\/\/huntloc.com\/et\/","logo":{"@type":"ImageObject","inLanguage":"et","@id":"https:\/\/huntloc.com\/et\/#\/schema\/logo\/image\/","url":"https:\/\/huntloc.com\/wp-content\/uploads\/2020\/09\/huntloc_logo_positive.png","contentUrl":"https:\/\/huntloc.com\/wp-content\/uploads\/2020\/09\/huntloc_logo_positive.png","width":1150,"height":500,"caption":"Jahi \u00e4pp Huntloc"},"image":{"@id":"https:\/\/huntloc.com\/et\/#\/schema\/logo\/image\/"},"sameAs":["https:\/\/www.facebook.com\/huntloc.et\/","https:\/\/x.com\/HuntlocApp","https:\/\/www.instagram.com\/huntloc\/","https:\/\/www.youtube.com\/huntloc","https:\/\/www.linkedin.com\/company\/huntloc\/"]}]}},"amp_enabled":true,"_links":{"self":[{"href":"https:\/\/huntloc.com\/et\/wp-json\/wp\/v2\/pages\/13568"}],"collection":[{"href":"https:\/\/huntloc.com\/et\/wp-json\/wp\/v2\/pages"}],"about":[{"href":"https:\/\/huntloc.com\/et\/wp-json\/wp\/v2\/types\/page"}],"author":[{"embeddable":true,"href":"https:\/\/huntloc.com\/et\/wp-json\/wp\/v2\/users\/2"}],"replies":[{"embeddable":true,"href":"https:\/\/huntloc.com\/et\/wp-json\/wp\/v2\/comments?post=13568"}],"version-history":[{"count":9,"href":"https:\/\/huntloc.com\/et\/wp-json\/wp\/v2\/pages\/13568\/revisions"}],"predecessor-version":[{"id":14349,"href":"https:\/\/huntloc.com\/et\/wp-json\/wp\/v2\/pages\/13568\/revisions\/14349"}],"wp:featuredmedia":[{"embeddable":true,"href":"https:\/\/huntloc.com\/et\/wp-json\/wp\/v2\/media\/14330"}],"wp:attachment":[{"href":"https:\/\/huntloc.com\/et\/wp-json\/wp\/v2\/media?parent=13568"}],"curies":[{"name":"wp","href":"https:\/\/api.w.org\/{rel}","templated":true}]}}