{"id":11806,"date":"2023-03-31T09:27:46","date_gmt":"2023-03-31T07:27:46","guid":{"rendered":"https:\/\/huntloc.com\/?page_id=11806"},"modified":"2023-10-12T18:14:39","modified_gmt":"2023-10-12T16:14:39","slug":"edasimuujad","status":"publish","type":"page","link":"https:\/\/huntloc.com\/et\/edasimuujad\/","title":{"rendered":"Edasim\u00fc\u00fcjad"},"content":{"rendered":"","protected":false},"excerpt":{"rendered":"","protected":false},"author":2,"featured_media":9537,"parent":0,"menu_order":0,"comment_status":"closed","ping_status":"closed","template":"templates\/dog.php","meta":{"om_disable_all_campaigns":false,"_monsterinsights_skip_tracking":false,"_monsterinsights_sitenote_active":false,"_monsterinsights_sitenote_note":"","_monsterinsights_sitenote_category":0,"_uf_show_specific_survey":0,"_uf_disable_surveys":false,"footnotes":""},"acf":[],"aioseo_notices":[],"yoast_head":"<!-- This site is optimized with the Yoast SEO plugin v22.7 - https:\/\/yoast.com\/wordpress\/plugins\/seo\/ -->\n<title>Edasim\u00fc\u00fcjad &#8212; Huntloc<\/title>\n<meta name=\"description\" content=\"Huntloci tooteid saab osta erinevate edasim\u00fc\u00fcjate k\u00e4est \u00fcle Eesti. Enamustes poodides on k\u00f5ik tooted kohe saadaval.\" \/>\n<meta name=\"robots\" content=\"index, follow, max-snippet:-1, max-image-preview:large, max-video-preview:-1\" \/>\n<link rel=\"canonical\" href=\"https:\/\/huntloc.com\/et\/edasimuujad\/\" \/>\n<meta property=\"og:locale\" content=\"et_EE\" \/>\n<meta property=\"og:type\" content=\"article\" \/>\n<meta property=\"og:title\" content=\"Edasim\u00fc\u00fcjad &#8212; Huntloc\" \/>\n<meta property=\"og:description\" content=\"Huntloci tooteid saab osta erinevate edasim\u00fc\u00fcjate k\u00e4est \u00fcle Eesti. Enamustes poodides on k\u00f5ik tooted kohe saadaval.\" \/>\n<meta property=\"og:url\" content=\"https:\/\/huntloc.com\/et\/edasimuujad\/\" \/>\n<meta property=\"og:site_name\" content=\"Huntloc\" \/>\n<meta property=\"article:publisher\" content=\"https:\/\/www.facebook.com\/huntloc.et\/\" \/>\n<meta property=\"article:modified_time\" content=\"2023-10-12T16:14:39+00:00\" \/>\n<meta property=\"og:image\" content=\"https:\/\/huntloc.com\/wp-content\/uploads\/2020\/09\/doglo_e-pood-4.jpg\" \/>\n\t<meta property=\"og:image:width\" content=\"1232\" \/>\n\t<meta property=\"og:image:height\" content=\"880\" \/>\n\t<meta property=\"og:image:type\" content=\"image\/jpeg\" \/>\n<meta name=\"twitter:card\" content=\"summary_large_image\" \/>\n<meta name=\"twitter:site\" content=\"@HuntlocApp\" \/>\n<script type=\"application\/ld+json\" class=\"yoast-schema-graph\">{\"@context\":\"https:\/\/schema.org\",\"@graph\":[{\"@type\":\"WebPage\",\"@id\":\"https:\/\/huntloc.com\/et\/edasimuujad\/\",\"url\":\"https:\/\/huntloc.com\/et\/edasimuujad\/\",\"name\":\"Edasim\u00fc\u00fcjad &#8212; Huntloc\",\"isPartOf\":{\"@id\":\"https:\/\/huntloc.com\/et\/#website\"},\"primaryImageOfPage\":{\"@id\":\"https:\/\/huntloc.com\/et\/edasimuujad\/#primaryimage\"},\"image\":{\"@id\":\"https:\/\/huntloc.com\/et\/edasimuujad\/#primaryimage\"},\"thumbnailUrl\":\"https:\/\/huntloc.com\/wp-content\/uploads\/2020\/09\/doglo_e-pood-4.jpg\",\"datePublished\":\"2023-03-31T07:27:46+00:00\",\"dateModified\":\"2023-10-12T16:14:39+00:00\",\"description\":\"Huntloci tooteid saab osta erinevate edasim\u00fc\u00fcjate k\u00e4est \u00fcle Eesti. Enamustes poodides on k\u00f5ik tooted kohe saadaval.\",\"breadcrumb\":{\"@id\":\"https:\/\/huntloc.com\/et\/edasimuujad\/#breadcrumb\"},\"inLanguage\":\"et\",\"potentialAction\":[{\"@type\":\"ReadAction\",\"target\":[\"https:\/\/huntloc.com\/et\/edasimuujad\/\"]}]},{\"@type\":\"ImageObject\",\"inLanguage\":\"et\",\"@id\":\"https:\/\/huntloc.com\/et\/edasimuujad\/#primaryimage\",\"url\":\"https:\/\/huntloc.com\/wp-content\/uploads\/2020\/09\/doglo_e-pood-4.jpg\",\"contentUrl\":\"https:\/\/huntloc.com\/wp-content\/uploads\/2020\/09\/doglo_e-pood-4.jpg\",\"width\":1232,\"height\":880},{\"@type\":\"BreadcrumbList\",\"@id\":\"https:\/\/huntloc.com\/et\/edasimuujad\/#breadcrumb\",\"itemListElement\":[{\"@type\":\"ListItem\",\"position\":1,\"name\":\"Home\",\"item\":\"https:\/\/huntloc.com\/et\/\"},{\"@type\":\"ListItem\",\"position\":2,\"name\":\"Edasim\u00fc\u00fcjad\"}]},{\"@type\":\"WebSite\",\"@id\":\"https:\/\/huntloc.com\/et\/#website\",\"url\":\"https:\/\/huntloc.com\/et\/\",\"name\":\"Jahi \u00e4pp Huntloc\",\"description\":\"Reaalajas jahi j&auml;lgimise &auml;pp ning jahikoerte j&auml;lgimislahendus\",\"publisher\":{\"@id\":\"https:\/\/huntloc.com\/et\/#organization\"},\"potentialAction\":[{\"@type\":\"SearchAction\",\"target\":{\"@type\":\"EntryPoint\",\"urlTemplate\":\"https:\/\/huntloc.com\/et\/?s={search_term_string}\"},\"query-input\":\"required name=search_term_string\"}],\"inLanguage\":\"et\"},{\"@type\":\"Organization\",\"@id\":\"https:\/\/huntloc.com\/et\/#organization\",\"name\":\"Jahi \u00e4pp Huntloc\",\"url\":\"https:\/\/huntloc.com\/et\/\",\"logo\":{\"@type\":\"ImageObject\",\"inLanguage\":\"et\",\"@id\":\"https:\/\/huntloc.com\/et\/#\/schema\/logo\/image\/\",\"url\":\"https:\/\/huntloc.com\/wp-content\/uploads\/2020\/09\/huntloc_logo_positive.png\",\"contentUrl\":\"https:\/\/huntloc.com\/wp-content\/uploads\/2020\/09\/huntloc_logo_positive.png\",\"width\":1150,\"height\":500,\"caption\":\"Jahi \u00e4pp Huntloc\"},\"image\":{\"@id\":\"https:\/\/huntloc.com\/et\/#\/schema\/logo\/image\/\"},\"sameAs\":[\"https:\/\/www.facebook.com\/huntloc.et\/\",\"https:\/\/x.com\/HuntlocApp\",\"https:\/\/www.instagram.com\/huntloc\/\",\"https:\/\/www.youtube.com\/huntloc\",\"https:\/\/www.linkedin.com\/company\/huntloc\/\"]}]}<\/script>\n<!-- \/ Yoast SEO plugin. -->","yoast_head_json":{"title":"Edasim\u00fc\u00fcjad &#8212; Huntloc","description":"Huntloci tooteid saab osta erinevate edasim\u00fc\u00fcjate k\u00e4est \u00fcle Eesti. Enamustes poodides on k\u00f5ik tooted kohe saadaval.","robots":{"index":"index","follow":"follow","max-snippet":"max-snippet:-1","max-image-preview":"max-image-preview:large","max-video-preview":"max-video-preview:-1"},"canonical":"https:\/\/huntloc.com\/et\/edasimuujad\/","og_locale":"et_EE","og_type":"article","og_title":"Edasim\u00fc\u00fcjad &#8212; Huntloc","og_description":"Huntloci tooteid saab osta erinevate edasim\u00fc\u00fcjate k\u00e4est \u00fcle Eesti. Enamustes poodides on k\u00f5ik tooted kohe saadaval.","og_url":"https:\/\/huntloc.com\/et\/edasimuujad\/","og_site_name":"Huntloc","article_publisher":"https:\/\/www.facebook.com\/huntloc.et\/","article_modified_time":"2023-10-12T16:14:39+00:00","og_image":[{"width":1232,"height":880,"url":"https:\/\/huntloc.com\/wp-content\/uploads\/2020\/09\/doglo_e-pood-4.jpg","type":"image\/jpeg"}],"twitter_card":"summary_large_image","twitter_site":"@HuntlocApp","schema":{"@context":"https:\/\/schema.org","@graph":[{"@type":"WebPage","@id":"https:\/\/huntloc.com\/et\/edasimuujad\/","url":"https:\/\/huntloc.com\/et\/edasimuujad\/","name":"Edasim\u00fc\u00fcjad &#8212; Huntloc","isPartOf":{"@id":"https:\/\/huntloc.com\/et\/#website"},"primaryImageOfPage":{"@id":"https:\/\/huntloc.com\/et\/edasimuujad\/#primaryimage"},"image":{"@id":"https:\/\/huntloc.com\/et\/edasimuujad\/#primaryimage"},"thumbnailUrl":"https:\/\/huntloc.com\/wp-content\/uploads\/2020\/09\/doglo_e-pood-4.jpg","datePublished":"2023-03-31T07:27:46+00:00","dateModified":"2023-10-12T16:14:39+00:00","description":"Huntloci tooteid saab osta erinevate edasim\u00fc\u00fcjate k\u00e4est \u00fcle Eesti. Enamustes poodides on k\u00f5ik tooted kohe saadaval.","breadcrumb":{"@id":"https:\/\/huntloc.com\/et\/edasimuujad\/#breadcrumb"},"inLanguage":"et","potentialAction":[{"@type":"ReadAction","target":["https:\/\/huntloc.com\/et\/edasimuujad\/"]}]},{"@type":"ImageObject","inLanguage":"et","@id":"https:\/\/huntloc.com\/et\/edasimuujad\/#primaryimage","url":"https:\/\/huntloc.com\/wp-content\/uploads\/2020\/09\/doglo_e-pood-4.jpg","contentUrl":"https:\/\/huntloc.com\/wp-content\/uploads\/2020\/09\/doglo_e-pood-4.jpg","width":1232,"height":880},{"@type":"BreadcrumbList","@id":"https:\/\/huntloc.com\/et\/edasimuujad\/#breadcrumb","itemListElement":[{"@type":"ListItem","position":1,"name":"Home","item":"https:\/\/huntloc.com\/et\/"},{"@type":"ListItem","position":2,"name":"Edasim\u00fc\u00fcjad"}]},{"@type":"WebSite","@id":"https:\/\/huntloc.com\/et\/#website","url":"https:\/\/huntloc.com\/et\/","name":"Jahi \u00e4pp Huntloc","description":"Reaalajas jahi j&auml;lgimise &auml;pp ning jahikoerte j&auml;lgimislahendus","publisher":{"@id":"https:\/\/huntloc.com\/et\/#organization"},"potentialAction":[{"@type":"SearchAction","target":{"@type":"EntryPoint","urlTemplate":"https:\/\/huntloc.com\/et\/?s={search_term_string}"},"query-input":"required name=search_term_string"}],"inLanguage":"et"},{"@type":"Organization","@id":"https:\/\/huntloc.com\/et\/#organization","name":"Jahi \u00e4pp Huntloc","url":"https:\/\/huntloc.com\/et\/","logo":{"@type":"ImageObject","inLanguage":"et","@id":"https:\/\/huntloc.com\/et\/#\/schema\/logo\/image\/","url":"https:\/\/huntloc.com\/wp-content\/uploads\/2020\/09\/huntloc_logo_positive.png","contentUrl":"https:\/\/huntloc.com\/wp-content\/uploads\/2020\/09\/huntloc_logo_positive.png","width":1150,"height":500,"caption":"Jahi \u00e4pp Huntloc"},"image":{"@id":"https:\/\/huntloc.com\/et\/#\/schema\/logo\/image\/"},"sameAs":["https:\/\/www.facebook.com\/huntloc.et\/","https:\/\/x.com\/HuntlocApp","https:\/\/www.instagram.com\/huntloc\/","https:\/\/www.youtube.com\/huntloc","https:\/\/www.linkedin.com\/company\/huntloc\/"]}]}},"amp_enabled":false,"_links":{"self":[{"href":"https:\/\/huntloc.com\/et\/wp-json\/wp\/v2\/pages\/11806"}],"collection":[{"href":"https:\/\/huntloc.com\/et\/wp-json\/wp\/v2\/pages"}],"about":[{"href":"https:\/\/huntloc.com\/et\/wp-json\/wp\/v2\/types\/page"}],"author":[{"embeddable":true,"href":"https:\/\/huntloc.com\/et\/wp-json\/wp\/v2\/users\/2"}],"replies":[{"embeddable":true,"href":"https:\/\/huntloc.com\/et\/wp-json\/wp\/v2\/comments?post=11806"}],"version-history":[{"count":35,"href":"https:\/\/huntloc.com\/et\/wp-json\/wp\/v2\/pages\/11806\/revisions"}],"predecessor-version":[{"id":12468,"href":"https:\/\/huntloc.com\/et\/wp-json\/wp\/v2\/pages\/11806\/revisions\/12468"}],"wp:featuredmedia":[{"embeddable":true,"href":"https:\/\/huntloc.com\/et\/wp-json\/wp\/v2\/media\/9537"}],"wp:attachment":[{"href":"https:\/\/huntloc.com\/et\/wp-json\/wp\/v2\/media?parent=11806"}],"curies":[{"name":"wp","href":"https:\/\/api.w.org\/{rel}","templated":true}]}}