{"id":3731,"date":"2020-09-22T18:27:38","date_gmt":"2020-09-22T16:27:38","guid":{"rendered":"https:\/\/dev.octa.ee\/huntloc\/toode\/huntloci-taisversiooni-litsents\/"},"modified":"2026-01-28T12:42:53","modified_gmt":"2026-01-28T10:42:53","slug":"huntloci-taisversiooni-litsents","status":"publish","type":"product","link":"https:\/\/huntloc.com\/de\/produkt\/huntloci-taisversiooni-litsents\/","title":{"rendered":"Huntloc App Lizenz"},"content":{"rendered":"<p>Die Vollversion von Huntloc enth\u00e4lt:<\/p>\n<ul>\n<li>Die Gruppenjagd starten und einer Jagd beitreten, Echtzeit-Standorte der J\u00e4ger<\/li>\n<li>Standort der Jagdteilnehmer aktualisieren: ab 1 Sekunde<\/li>\n<li>Die Bewegungsrichtung und das Bewegungstempo der Teilnehmer, die zur\u00fcckgelegte Strecke auf der Karte und deren L\u00e4nge<\/li>\n<li>Festlegen des Zieles und Anzeige der Bewegungsrichtung in der Kompassansicht<\/li>\n<li>Nachverfolgen der durchgef\u00fchrten Jagden im Huntloc-Webportal<\/li>\n<li>24 Stunden Wettervorhersage<\/li>\n<li>Austausch von Textnachrichten zwischen Teammitgliedern in einer Chat-Umgebung<\/li>\n<li>Mitteilen der Standorte von Jagdereignissen auf der Karte den Teammitgliedern<\/li>\n<li>Kontakte der Jagdteilnehmer, Schnellanruf an den Teilnehmer<\/li>\n<li>Verwalten des Hundeverfolgungsger\u00e4ts, einschlie\u00dflich Einschalten des Ger\u00e4tes in den Tracking-Modus und Wartemodus, \u00c4ndern des Tracking-Intervalls, Anrufen des Hundes<\/li>\n<li>Positionieren des Hundes mit Tracking-Ger\u00e4t auf der Karte w\u00e4hrend der Gruppenjagd<\/li>\n<li>Die vom Jagdhund zur\u00fcckgelegte Streckenl\u00e4nge<\/li>\n<li>Basiskarten: Google (4 St.) + lokale Karte<\/li>\n<li>Verwaltung Ihrer Jagdobjekte<\/li>\n<li>Ausw\u00e4hlen der Kartenebenen, die auf der Basiskarte angezeigt werden, Anzeigen von gemeinsamen Jagdobjekten<\/li>\n<li>Messung der Entfernungen auf der Basiskarte<\/li>\n<\/ul>\n<div class=\"video-responsive--portrait\">\n  <iframe loading=\"lazy\"  id=\"_ytid_64356\"  width=\"800\" height=\"450\"  data-origwidth=\"800\" data-origheight=\"450\" src=\"https:\/\/www.youtube.com\/embed\/lVMUgfW_5X8?enablejsapi=1&autoplay=0&cc_load_policy=0&cc_lang_pref=&iv_load_policy=1&loop=0&rel=1&fs=1&playsinline=0&autohide=2&theme=dark&color=red&controls=1&disablekb=0&\" class=\"__youtube_prefs__  no-lazyload\" title=\"YouTube player\"  allow=\"fullscreen; accelerometer; autoplay; clipboard-write; encrypted-media; gyroscope; picture-in-picture; web-share\" referrerpolicy=\"strict-origin-when-cross-origin\" allowfullscreen data-no-lazy=\"1\" data-skipgform_ajax_framebjll=\"\"><\/iframe>\n<\/div>\n","protected":false},"excerpt":{"rendered":"<p>Berechtigt den Benutzer, die volle Funktionalit\u00e4t der Huntloc-Plattform f\u00fcr 1 Jahr zu nutzen.<\/p>\n","protected":false},"featured_media":4139,"template":"","meta":{"om_disable_all_campaigns":false,"_monsterinsights_skip_tracking":false,"_monsterinsights_sitenote_active":false,"_monsterinsights_sitenote_note":"","_monsterinsights_sitenote_category":0,"_uf_show_specific_survey":0,"_uf_disable_surveys":false},"product_cat":[109],"product_tag":[],"acf":[],"aioseo_notices":[],"yoast_head":"<!-- This site is optimized with the Yoast SEO plugin v22.7 - https:\/\/yoast.com\/wordpress\/plugins\/seo\/ -->\n<title>Huntloc App Lizenz &#8212; Jagd-App Huntloc<\/title>\n<meta name=\"robots\" content=\"index, follow, max-snippet:-1, max-image-preview:large, max-video-preview:-1\" \/>\n<link rel=\"canonical\" href=\"https:\/\/huntloc.com\/de\/produkt\/huntloci-taisversiooni-litsents\/\" \/>\n<meta property=\"og:locale\" content=\"de_DE\" \/>\n<meta property=\"og:type\" content=\"article\" \/>\n<meta property=\"og:title\" content=\"Huntloc App Lizenz &#8212; Jagd-App Huntloc\" \/>\n<meta property=\"og:description\" content=\"Berechtigt den Benutzer, die volle Funktionalit\u00e4t der Huntloc-Plattform f\u00fcr 1 Jahr zu nutzen.\" \/>\n<meta property=\"og:url\" content=\"https:\/\/huntloc.com\/de\/produkt\/huntloci-taisversiooni-litsents\/\" \/>\n<meta property=\"og:site_name\" content=\"Jagd-App Huntloc\" \/>\n<meta property=\"article:publisher\" content=\"https:\/\/www.facebook.com\/huntloc.et\/\" \/>\n<meta property=\"article:modified_time\" content=\"2026-01-28T10:42:53+00:00\" \/>\n<meta property=\"og:image\" content=\"https:\/\/huntloc.com\/wp-content\/uploads\/2020\/09\/license.png\" \/>\n\t<meta property=\"og:image:width\" content=\"399\" \/>\n\t<meta property=\"og:image:height\" content=\"381\" \/>\n\t<meta property=\"og:image:type\" content=\"image\/png\" \/>\n<meta name=\"twitter:card\" content=\"summary_large_image\" \/>\n<meta name=\"twitter:site\" content=\"@HuntlocApp\" \/>\n<meta name=\"twitter:label1\" content=\"Gesch\u00e4tzte Lesezeit\" \/>\n\t<meta name=\"twitter:data1\" content=\"1\u00a0Minute\" \/>\n<script type=\"application\/ld+json\" class=\"yoast-schema-graph\">{\"@context\":\"https:\/\/schema.org\",\"@graph\":[{\"@type\":\"WebPage\",\"@id\":\"https:\/\/huntloc.com\/de\/produkt\/huntloci-taisversiooni-litsents\/\",\"url\":\"https:\/\/huntloc.com\/de\/produkt\/huntloci-taisversiooni-litsents\/\",\"name\":\"Huntloc App Lizenz &#8212; Jagd-App Huntloc\",\"isPartOf\":{\"@id\":\"https:\/\/huntloc.com\/et\/#website\"},\"primaryImageOfPage\":{\"@id\":\"https:\/\/huntloc.com\/de\/produkt\/huntloci-taisversiooni-litsents\/#primaryimage\"},\"image\":{\"@id\":\"https:\/\/huntloc.com\/de\/produkt\/huntloci-taisversiooni-litsents\/#primaryimage\"},\"thumbnailUrl\":\"https:\/\/huntloc.com\/wp-content\/uploads\/2020\/09\/license.png\",\"datePublished\":\"2020-09-22T16:27:38+00:00\",\"dateModified\":\"2026-01-28T10:42:53+00:00\",\"breadcrumb\":{\"@id\":\"https:\/\/huntloc.com\/de\/produkt\/huntloci-taisversiooni-litsents\/#breadcrumb\"},\"inLanguage\":\"de\",\"potentialAction\":[{\"@type\":\"ReadAction\",\"target\":[\"https:\/\/huntloc.com\/de\/produkt\/huntloci-taisversiooni-litsents\/\"]}]},{\"@type\":\"ImageObject\",\"inLanguage\":\"de\",\"@id\":\"https:\/\/huntloc.com\/de\/produkt\/huntloci-taisversiooni-litsents\/#primaryimage\",\"url\":\"https:\/\/huntloc.com\/wp-content\/uploads\/2020\/09\/license.png\",\"contentUrl\":\"https:\/\/huntloc.com\/wp-content\/uploads\/2020\/09\/license.png\",\"width\":399,\"height\":381,\"caption\":\"huntloc-licence\"},{\"@type\":\"BreadcrumbList\",\"@id\":\"https:\/\/huntloc.com\/de\/produkt\/huntloci-taisversiooni-litsents\/#breadcrumb\",\"itemListElement\":[{\"@type\":\"ListItem\",\"position\":1,\"name\":\"Home\",\"item\":\"https:\/\/huntloc.com\/de\/\"},{\"@type\":\"ListItem\",\"position\":2,\"name\":\"Gesch\u00e4ft\",\"item\":\"https:\/\/huntloc.com\/de\/geschaeft\/\"},{\"@type\":\"ListItem\",\"position\":3,\"name\":\"Huntloc App Lizenz\"}]},{\"@type\":\"WebSite\",\"@id\":\"https:\/\/huntloc.com\/et\/#website\",\"url\":\"https:\/\/huntloc.com\/et\/\",\"name\":\"Jahi \u00e4pp Huntloc\",\"description\":\"Reaalajas jahi j&auml;lgimise &auml;pp ning jahikoerte j&auml;lgimislahendus\",\"publisher\":{\"@id\":\"https:\/\/huntloc.com\/et\/#organization\"},\"potentialAction\":[{\"@type\":\"SearchAction\",\"target\":{\"@type\":\"EntryPoint\",\"urlTemplate\":\"https:\/\/huntloc.com\/et\/?s={search_term_string}\"},\"query-input\":\"required name=search_term_string\"}],\"inLanguage\":\"de\"},{\"@type\":\"Organization\",\"@id\":\"https:\/\/huntloc.com\/et\/#organization\",\"name\":\"Jahi \u00e4pp Huntloc\",\"url\":\"https:\/\/huntloc.com\/et\/\",\"logo\":{\"@type\":\"ImageObject\",\"inLanguage\":\"de\",\"@id\":\"https:\/\/huntloc.com\/et\/#\/schema\/logo\/image\/\",\"url\":\"https:\/\/huntloc.com\/wp-content\/uploads\/2020\/09\/huntloc_logo_positive.png\",\"contentUrl\":\"https:\/\/huntloc.com\/wp-content\/uploads\/2020\/09\/huntloc_logo_positive.png\",\"width\":1150,\"height\":500,\"caption\":\"Jahi \u00e4pp Huntloc\"},\"image\":{\"@id\":\"https:\/\/huntloc.com\/et\/#\/schema\/logo\/image\/\"},\"sameAs\":[\"https:\/\/www.facebook.com\/huntloc.et\/\",\"https:\/\/x.com\/HuntlocApp\",\"https:\/\/www.instagram.com\/huntloc\/\",\"https:\/\/www.youtube.com\/huntloc\",\"https:\/\/www.linkedin.com\/company\/huntloc\/\"]}]}<\/script>\n<!-- \/ Yoast SEO plugin. -->","yoast_head_json":{"title":"Huntloc App Lizenz &#8212; Jagd-App Huntloc","robots":{"index":"index","follow":"follow","max-snippet":"max-snippet:-1","max-image-preview":"max-image-preview:large","max-video-preview":"max-video-preview:-1"},"canonical":"https:\/\/huntloc.com\/de\/produkt\/huntloci-taisversiooni-litsents\/","og_locale":"de_DE","og_type":"article","og_title":"Huntloc App Lizenz &#8212; Jagd-App Huntloc","og_description":"Berechtigt den Benutzer, die volle Funktionalit\u00e4t der Huntloc-Plattform f\u00fcr 1 Jahr zu nutzen.","og_url":"https:\/\/huntloc.com\/de\/produkt\/huntloci-taisversiooni-litsents\/","og_site_name":"Jagd-App Huntloc","article_publisher":"https:\/\/www.facebook.com\/huntloc.et\/","article_modified_time":"2026-01-28T10:42:53+00:00","og_image":[{"width":399,"height":381,"url":"https:\/\/huntloc.com\/wp-content\/uploads\/2020\/09\/license.png","type":"image\/png"}],"twitter_card":"summary_large_image","twitter_site":"@HuntlocApp","twitter_misc":{"Gesch\u00e4tzte Lesezeit":"1\u00a0Minute"},"schema":{"@context":"https:\/\/schema.org","@graph":[{"@type":"WebPage","@id":"https:\/\/huntloc.com\/de\/produkt\/huntloci-taisversiooni-litsents\/","url":"https:\/\/huntloc.com\/de\/produkt\/huntloci-taisversiooni-litsents\/","name":"Huntloc App Lizenz &#8212; Jagd-App Huntloc","isPartOf":{"@id":"https:\/\/huntloc.com\/et\/#website"},"primaryImageOfPage":{"@id":"https:\/\/huntloc.com\/de\/produkt\/huntloci-taisversiooni-litsents\/#primaryimage"},"image":{"@id":"https:\/\/huntloc.com\/de\/produkt\/huntloci-taisversiooni-litsents\/#primaryimage"},"thumbnailUrl":"https:\/\/huntloc.com\/wp-content\/uploads\/2020\/09\/license.png","datePublished":"2020-09-22T16:27:38+00:00","dateModified":"2026-01-28T10:42:53+00:00","breadcrumb":{"@id":"https:\/\/huntloc.com\/de\/produkt\/huntloci-taisversiooni-litsents\/#breadcrumb"},"inLanguage":"de","potentialAction":[{"@type":"ReadAction","target":["https:\/\/huntloc.com\/de\/produkt\/huntloci-taisversiooni-litsents\/"]}]},{"@type":"ImageObject","inLanguage":"de","@id":"https:\/\/huntloc.com\/de\/produkt\/huntloci-taisversiooni-litsents\/#primaryimage","url":"https:\/\/huntloc.com\/wp-content\/uploads\/2020\/09\/license.png","contentUrl":"https:\/\/huntloc.com\/wp-content\/uploads\/2020\/09\/license.png","width":399,"height":381,"caption":"huntloc-licence"},{"@type":"BreadcrumbList","@id":"https:\/\/huntloc.com\/de\/produkt\/huntloci-taisversiooni-litsents\/#breadcrumb","itemListElement":[{"@type":"ListItem","position":1,"name":"Home","item":"https:\/\/huntloc.com\/de\/"},{"@type":"ListItem","position":2,"name":"Gesch\u00e4ft","item":"https:\/\/huntloc.com\/de\/geschaeft\/"},{"@type":"ListItem","position":3,"name":"Huntloc App Lizenz"}]},{"@type":"WebSite","@id":"https:\/\/huntloc.com\/et\/#website","url":"https:\/\/huntloc.com\/et\/","name":"Jahi \u00e4pp Huntloc","description":"Reaalajas jahi j&auml;lgimise &auml;pp ning jahikoerte j&auml;lgimislahendus","publisher":{"@id":"https:\/\/huntloc.com\/et\/#organization"},"potentialAction":[{"@type":"SearchAction","target":{"@type":"EntryPoint","urlTemplate":"https:\/\/huntloc.com\/et\/?s={search_term_string}"},"query-input":"required name=search_term_string"}],"inLanguage":"de"},{"@type":"Organization","@id":"https:\/\/huntloc.com\/et\/#organization","name":"Jahi \u00e4pp Huntloc","url":"https:\/\/huntloc.com\/et\/","logo":{"@type":"ImageObject","inLanguage":"de","@id":"https:\/\/huntloc.com\/et\/#\/schema\/logo\/image\/","url":"https:\/\/huntloc.com\/wp-content\/uploads\/2020\/09\/huntloc_logo_positive.png","contentUrl":"https:\/\/huntloc.com\/wp-content\/uploads\/2020\/09\/huntloc_logo_positive.png","width":1150,"height":500,"caption":"Jahi \u00e4pp Huntloc"},"image":{"@id":"https:\/\/huntloc.com\/et\/#\/schema\/logo\/image\/"},"sameAs":["https:\/\/www.facebook.com\/huntloc.et\/","https:\/\/x.com\/HuntlocApp","https:\/\/www.instagram.com\/huntloc\/","https:\/\/www.youtube.com\/huntloc","https:\/\/www.linkedin.com\/company\/huntloc\/"]}]}},"_links":{"self":[{"href":"https:\/\/huntloc.com\/de\/wp-json\/wp\/v2\/product\/3731"}],"collection":[{"href":"https:\/\/huntloc.com\/de\/wp-json\/wp\/v2\/product"}],"about":[{"href":"https:\/\/huntloc.com\/de\/wp-json\/wp\/v2\/types\/product"}],"wp:featuredmedia":[{"embeddable":true,"href":"https:\/\/huntloc.com\/de\/wp-json\/wp\/v2\/media\/4139"}],"wp:attachment":[{"href":"https:\/\/huntloc.com\/de\/wp-json\/wp\/v2\/media?parent=3731"}],"wp:term":[{"taxonomy":"product_cat","embeddable":true,"href":"https:\/\/huntloc.com\/de\/wp-json\/wp\/v2\/product_cat?post=3731"},{"taxonomy":"product_tag","embeddable":true,"href":"https:\/\/huntloc.com\/de\/wp-json\/wp\/v2\/product_tag?post=3731"}],"curies":[{"name":"wp","href":"https:\/\/api.w.org\/{rel}","templated":true}]}}