{"id":3507,"date":"2016-05-10T03:48:21","date_gmt":"2016-05-10T03:48:21","guid":{"rendered":"https:\/\/dev.octa.ee\/huntloc\/sample-page\/"},"modified":"2025-08-14T11:47:19","modified_gmt":"2025-08-14T09:47:19","slug":"sample-page","status":"publish","type":"page","link":"https:\/\/huntloc.com\/de\/","title":{"rendered":"Startseite"},"content":{"rendered":"","protected":false},"excerpt":{"rendered":"","protected":false},"author":2,"featured_media":11413,"parent":0,"menu_order":0,"comment_status":"closed","ping_status":"open","template":"templates\/home.php","meta":{"om_disable_all_campaigns":false,"_monsterinsights_skip_tracking":false,"_monsterinsights_sitenote_active":false,"_monsterinsights_sitenote_note":"","_monsterinsights_sitenote_category":0,"_uf_show_specific_survey":0,"_uf_disable_surveys":false,"footnotes":""},"acf":[],"aioseo_notices":[],"yoast_head":"<!-- This site is optimized with the Yoast SEO plugin v22.7 - https:\/\/yoast.com\/wordpress\/plugins\/seo\/ -->\n<title>Huntloc zeigt, was bei der Jagd los ist<\/title>\n<meta name=\"description\" content=\"Die Jagd mit Huntloc ist effektiver und sicherer. Schnelle und sichere Methode f\u00fcr die \u00dcberwachung des Hundes durch das gesamte J\u00e4ger-Team.\" \/>\n<meta name=\"robots\" content=\"index, follow, max-snippet:-1, max-image-preview:large, max-video-preview:-1\" \/>\n<link rel=\"canonical\" href=\"https:\/\/huntloc.com\/de\/\" \/>\n<meta property=\"og:locale\" content=\"de_DE\" \/>\n<meta property=\"og:type\" content=\"article\" \/>\n<meta property=\"og:title\" content=\"Huntloc zeigt, was bei der Jagd los ist\" \/>\n<meta property=\"og:description\" content=\"Die Jagd mit Huntloc ist effektiver und sicherer. Schnelle und sichere Methode f\u00fcr die \u00dcberwachung des Hundes durch das gesamte J\u00e4ger-Team.\" \/>\n<meta property=\"og:url\" content=\"https:\/\/huntloc.com\/de\/\" \/>\n<meta property=\"og:site_name\" content=\"Jagd-App Huntloc\" \/>\n<meta property=\"article:publisher\" content=\"https:\/\/www.facebook.com\/huntloc.et\/\" \/>\n<meta property=\"article:modified_time\" content=\"2025-08-14T09:47:19+00:00\" \/>\n<meta property=\"og:image\" content=\"https:\/\/huntloc.com\/wp-content\/uploads\/2023\/01\/Huntloc_hunting_app.jpg\" \/>\n\t<meta property=\"og:image:width\" content=\"1045\" \/>\n\t<meta property=\"og:image:height\" content=\"591\" \/>\n\t<meta property=\"og:image:type\" content=\"image\/jpeg\" \/>\n<meta name=\"twitter:card\" content=\"summary_large_image\" \/>\n<meta name=\"twitter:site\" content=\"@HuntlocApp\" \/>\n<meta name=\"twitter:label1\" content=\"Gesch\u00e4tzte Lesezeit\" \/>\n\t<meta name=\"twitter:data1\" content=\"1\u00a0Minute\" \/>\n<script type=\"application\/ld+json\" class=\"yoast-schema-graph\">{\"@context\":\"https:\/\/schema.org\",\"@graph\":[{\"@type\":\"WebPage\",\"@id\":\"https:\/\/huntloc.com\/de\/\",\"url\":\"https:\/\/huntloc.com\/de\/\",\"name\":\"Huntloc zeigt, was bei der Jagd los ist\",\"isPartOf\":{\"@id\":\"https:\/\/huntloc.com\/et\/#website\"},\"primaryImageOfPage\":{\"@id\":\"https:\/\/huntloc.com\/de\/#primaryimage\"},\"image\":{\"@id\":\"https:\/\/huntloc.com\/de\/#primaryimage\"},\"thumbnailUrl\":\"https:\/\/huntloc.com\/wp-content\/uploads\/2023\/01\/Huntloc_hunting_app.jpg\",\"datePublished\":\"2016-05-10T03:48:21+00:00\",\"dateModified\":\"2025-08-14T09:47:19+00:00\",\"description\":\"Die Jagd mit Huntloc ist effektiver und sicherer. Schnelle und sichere Methode f\u00fcr die \u00dcberwachung des Hundes durch das gesamte J\u00e4ger-Team.\",\"breadcrumb\":{\"@id\":\"https:\/\/huntloc.com\/de\/#breadcrumb\"},\"inLanguage\":\"de\",\"potentialAction\":[{\"@type\":\"ReadAction\",\"target\":[\"https:\/\/huntloc.com\/de\/\"]}]},{\"@type\":\"ImageObject\",\"inLanguage\":\"de\",\"@id\":\"https:\/\/huntloc.com\/de\/#primaryimage\",\"url\":\"https:\/\/huntloc.com\/wp-content\/uploads\/2023\/01\/Huntloc_hunting_app.jpg\",\"contentUrl\":\"https:\/\/huntloc.com\/wp-content\/uploads\/2023\/01\/Huntloc_hunting_app.jpg\",\"width\":1045,\"height\":591,\"caption\":\"Huntloc hunting app & dog GPS\"},{\"@type\":\"BreadcrumbList\",\"@id\":\"https:\/\/huntloc.com\/de\/#breadcrumb\",\"itemListElement\":[{\"@type\":\"ListItem\",\"position\":1,\"name\":\"Home\",\"item\":\"https:\/\/huntloc.com\/de\/\"},{\"@type\":\"ListItem\",\"position\":2,\"name\":\"Startseite\"}]},{\"@type\":\"WebSite\",\"@id\":\"https:\/\/huntloc.com\/et\/#website\",\"url\":\"https:\/\/huntloc.com\/et\/\",\"name\":\"Jahi \u00e4pp Huntloc\",\"description\":\"Reaalajas jahi j&auml;lgimise &auml;pp ning jahikoerte j&auml;lgimislahendus\",\"publisher\":{\"@id\":\"https:\/\/huntloc.com\/et\/#organization\"},\"potentialAction\":[{\"@type\":\"SearchAction\",\"target\":{\"@type\":\"EntryPoint\",\"urlTemplate\":\"https:\/\/huntloc.com\/et\/?s={search_term_string}\"},\"query-input\":\"required name=search_term_string\"}],\"inLanguage\":\"de\"},{\"@type\":\"Organization\",\"@id\":\"https:\/\/huntloc.com\/et\/#organization\",\"name\":\"Jahi \u00e4pp Huntloc\",\"url\":\"https:\/\/huntloc.com\/et\/\",\"logo\":{\"@type\":\"ImageObject\",\"inLanguage\":\"de\",\"@id\":\"https:\/\/huntloc.com\/et\/#\/schema\/logo\/image\/\",\"url\":\"https:\/\/huntloc.com\/wp-content\/uploads\/2020\/09\/huntloc_logo_positive.png\",\"contentUrl\":\"https:\/\/huntloc.com\/wp-content\/uploads\/2020\/09\/huntloc_logo_positive.png\",\"width\":1150,\"height\":500,\"caption\":\"Jahi \u00e4pp Huntloc\"},\"image\":{\"@id\":\"https:\/\/huntloc.com\/et\/#\/schema\/logo\/image\/\"},\"sameAs\":[\"https:\/\/www.facebook.com\/huntloc.et\/\",\"https:\/\/x.com\/HuntlocApp\",\"https:\/\/www.instagram.com\/huntloc\/\",\"https:\/\/www.youtube.com\/huntloc\",\"https:\/\/www.linkedin.com\/company\/huntloc\/\"]}]}<\/script>\n<!-- \/ Yoast SEO plugin. -->","yoast_head_json":{"title":"Huntloc zeigt, was bei der Jagd los ist","description":"Die Jagd mit Huntloc ist effektiver und sicherer. Schnelle und sichere Methode f\u00fcr die \u00dcberwachung des Hundes durch das gesamte J\u00e4ger-Team.","robots":{"index":"index","follow":"follow","max-snippet":"max-snippet:-1","max-image-preview":"max-image-preview:large","max-video-preview":"max-video-preview:-1"},"canonical":"https:\/\/huntloc.com\/de\/","og_locale":"de_DE","og_type":"article","og_title":"Huntloc zeigt, was bei der Jagd los ist","og_description":"Die Jagd mit Huntloc ist effektiver und sicherer. Schnelle und sichere Methode f\u00fcr die \u00dcberwachung des Hundes durch das gesamte J\u00e4ger-Team.","og_url":"https:\/\/huntloc.com\/de\/","og_site_name":"Jagd-App Huntloc","article_publisher":"https:\/\/www.facebook.com\/huntloc.et\/","article_modified_time":"2025-08-14T09:47:19+00:00","og_image":[{"width":1045,"height":591,"url":"https:\/\/huntloc.com\/wp-content\/uploads\/2023\/01\/Huntloc_hunting_app.jpg","type":"image\/jpeg"}],"twitter_card":"summary_large_image","twitter_site":"@HuntlocApp","twitter_misc":{"Gesch\u00e4tzte Lesezeit":"1\u00a0Minute"},"schema":{"@context":"https:\/\/schema.org","@graph":[{"@type":"WebPage","@id":"https:\/\/huntloc.com\/de\/","url":"https:\/\/huntloc.com\/de\/","name":"Huntloc zeigt, was bei der Jagd los ist","isPartOf":{"@id":"https:\/\/huntloc.com\/et\/#website"},"primaryImageOfPage":{"@id":"https:\/\/huntloc.com\/de\/#primaryimage"},"image":{"@id":"https:\/\/huntloc.com\/de\/#primaryimage"},"thumbnailUrl":"https:\/\/huntloc.com\/wp-content\/uploads\/2023\/01\/Huntloc_hunting_app.jpg","datePublished":"2016-05-10T03:48:21+00:00","dateModified":"2025-08-14T09:47:19+00:00","description":"Die Jagd mit Huntloc ist effektiver und sicherer. Schnelle und sichere Methode f\u00fcr die \u00dcberwachung des Hundes durch das gesamte J\u00e4ger-Team.","breadcrumb":{"@id":"https:\/\/huntloc.com\/de\/#breadcrumb"},"inLanguage":"de","potentialAction":[{"@type":"ReadAction","target":["https:\/\/huntloc.com\/de\/"]}]},{"@type":"ImageObject","inLanguage":"de","@id":"https:\/\/huntloc.com\/de\/#primaryimage","url":"https:\/\/huntloc.com\/wp-content\/uploads\/2023\/01\/Huntloc_hunting_app.jpg","contentUrl":"https:\/\/huntloc.com\/wp-content\/uploads\/2023\/01\/Huntloc_hunting_app.jpg","width":1045,"height":591,"caption":"Huntloc hunting app & dog GPS"},{"@type":"BreadcrumbList","@id":"https:\/\/huntloc.com\/de\/#breadcrumb","itemListElement":[{"@type":"ListItem","position":1,"name":"Home","item":"https:\/\/huntloc.com\/de\/"},{"@type":"ListItem","position":2,"name":"Startseite"}]},{"@type":"WebSite","@id":"https:\/\/huntloc.com\/et\/#website","url":"https:\/\/huntloc.com\/et\/","name":"Jahi \u00e4pp Huntloc","description":"Reaalajas jahi j&auml;lgimise &auml;pp ning jahikoerte j&auml;lgimislahendus","publisher":{"@id":"https:\/\/huntloc.com\/et\/#organization"},"potentialAction":[{"@type":"SearchAction","target":{"@type":"EntryPoint","urlTemplate":"https:\/\/huntloc.com\/et\/?s={search_term_string}"},"query-input":"required name=search_term_string"}],"inLanguage":"de"},{"@type":"Organization","@id":"https:\/\/huntloc.com\/et\/#organization","name":"Jahi \u00e4pp Huntloc","url":"https:\/\/huntloc.com\/et\/","logo":{"@type":"ImageObject","inLanguage":"de","@id":"https:\/\/huntloc.com\/et\/#\/schema\/logo\/image\/","url":"https:\/\/huntloc.com\/wp-content\/uploads\/2020\/09\/huntloc_logo_positive.png","contentUrl":"https:\/\/huntloc.com\/wp-content\/uploads\/2020\/09\/huntloc_logo_positive.png","width":1150,"height":500,"caption":"Jahi \u00e4pp Huntloc"},"image":{"@id":"https:\/\/huntloc.com\/et\/#\/schema\/logo\/image\/"},"sameAs":["https:\/\/www.facebook.com\/huntloc.et\/","https:\/\/x.com\/HuntlocApp","https:\/\/www.instagram.com\/huntloc\/","https:\/\/www.youtube.com\/huntloc","https:\/\/www.linkedin.com\/company\/huntloc\/"]}]}},"amp_enabled":false,"_links":{"self":[{"href":"https:\/\/huntloc.com\/de\/wp-json\/wp\/v2\/pages\/3507"}],"collection":[{"href":"https:\/\/huntloc.com\/de\/wp-json\/wp\/v2\/pages"}],"about":[{"href":"https:\/\/huntloc.com\/de\/wp-json\/wp\/v2\/types\/page"}],"author":[{"embeddable":true,"href":"https:\/\/huntloc.com\/de\/wp-json\/wp\/v2\/users\/2"}],"replies":[{"embeddable":true,"href":"https:\/\/huntloc.com\/de\/wp-json\/wp\/v2\/comments?post=3507"}],"version-history":[{"count":22,"href":"https:\/\/huntloc.com\/de\/wp-json\/wp\/v2\/pages\/3507\/revisions"}],"predecessor-version":[{"id":14067,"href":"https:\/\/huntloc.com\/de\/wp-json\/wp\/v2\/pages\/3507\/revisions\/14067"}],"wp:featuredmedia":[{"embeddable":true,"href":"https:\/\/huntloc.com\/de\/wp-json\/wp\/v2\/media\/11413"}],"wp:attachment":[{"href":"https:\/\/huntloc.com\/de\/wp-json\/wp\/v2\/media?parent=3507"}],"curies":[{"name":"wp","href":"https:\/\/api.w.org\/{rel}","templated":true}]}}