{"id":14361,"date":"2026-01-14T14:31:26","date_gmt":"2026-01-14T12:31:26","guid":{"rendered":"https:\/\/huntloc.com\/jagdkarte\/"},"modified":"2026-01-14T14:31:26","modified_gmt":"2026-01-14T12:31:26","slug":"jagdkarte","status":"publish","type":"page","link":"https:\/\/huntloc.com\/de\/jagdkarte\/","title":{"rendered":"Jagdkarte"},"content":{"rendered":"<p>Auf der Jagdkarte k\u00f6nnen verschiedene Gebiete, Wege und Objekte eingezeichnet werden. Alle Elemente sind in der Huntloc-App auf dem Smartphone sichtbar.<\/p>\n<p>Am bequemsten l\u00e4sst sich die Karte im Huntloc-Portal erstellen und verwalten<br \/>\n(<a href=\"http:\/\/portal.huntloc.com\/\" target=\"_blank\" rel=\"noopener noreferrer\">portal.huntloc.com<\/a>).<br \/>\nF\u00fcr die Anmeldung ist ein g\u00fcltiges Benutzerkonto mit Lizenz erforderlich.<\/p>\n<p>Um ein Objekt zur Karte hinzuzuf\u00fcgen, w\u00e4hlen Sie im linken Men\u00fc das Hinzuf\u00fcgen einer Linie (\u201eZusammengesetzte Linie zeichnen\u201c), das Hinzuf\u00fcgen eines Gebiets (\u201ePolygon zeichnen\u201c) oder das Hinzuf\u00fcgen eines Objekts (\u201eMarker zeichnen\u201c).<br \/>\nNach dem Platzieren des Objekts auf der Karte \u00f6ffnet sich links das Men\u00fc des Jagdobjekts, in dem Sie den Namen und die Beschreibung des Objekts eingeben sowie dessen Parameter festlegen k\u00f6nnen.<\/p>\n<p>F\u00fcr Jagdobjekte k\u00f6nnen Sie den Markertyp ausw\u00e4hlen (Schie\u00dfst\u00e4nde, Futterstelle, Hochsitz, Salzlecke, Biberfallen usw.), au\u00dferdem werden die Koordinaten des Objekts angezeigt.<br \/>\nDer Marker kann per Drag-and-Drop an eine andere Position verschoben werden.<\/p>\n<p>F\u00fcr Gebiete k\u00f6nnen Farbe, Randst\u00e4rke und Linientyp ausgew\u00e4hlt werden. Angezeigt werden der Umfang und die Fl\u00e4che des Gebiets.<\/p>\n<p>F\u00fcr Linien k\u00f6nnen Farbe, St\u00e4rke und Linientyp ausgew\u00e4hlt werden. Angezeigt wird die Gesamtl\u00e4nge der Linie.<\/p>\n<p>Alle Daten k\u00f6nnen bearbeitet werden, d. h. eingezeichnete Gebiete und Wege lassen sich jederzeit anpassen.<\/p>\n<p>Lernvideo zum Zeichnen der Jagdkarte<br \/>\n<a href=\"https:\/\/www.youtube.com\/watch?v=gLtrtTVpCUA\" target=\"_blank\" rel=\"noopener\"> Lernvideo zum Zeichnen der Jagdkarte ansehen <\/a><\/p>\n","protected":false},"excerpt":{"rendered":"<p>Auf der Jagdkarte k\u00f6nnen verschiedene Gebiete, Wege und Objekte eingezeichnet werden. Alle Elemente sind in der Huntloc-App auf dem Smartphone sichtbar. Am bequemsten l\u00e4sst sich die Karte im Huntloc-Portal erstellen und verwalten (portal.huntloc.com). F\u00fcr die Anmeldung ist ein g\u00fcltiges Benutzerkonto mit Lizenz erforderlich. Um ein Objekt zur Karte hinzuzuf\u00fcgen, w\u00e4hlen Sie im linken Men\u00fc das [&hellip;]<\/p>\n","protected":false},"author":2,"featured_media":14332,"parent":0,"menu_order":0,"comment_status":"closed","ping_status":"closed","template":"","meta":{"om_disable_all_campaigns":false,"_monsterinsights_skip_tracking":false,"_monsterinsights_sitenote_active":false,"_monsterinsights_sitenote_note":"","_monsterinsights_sitenote_category":0,"_uf_show_specific_survey":0,"_uf_disable_surveys":false,"footnotes":""},"acf":[],"aioseo_notices":[],"yoast_head":"<!-- This site is optimized with the Yoast SEO plugin v22.7 - https:\/\/yoast.com\/wordpress\/plugins\/seo\/ -->\n<title>Jagdkarte &#8212; Jagd-App Huntloc<\/title>\n<meta name=\"robots\" content=\"index, follow, max-snippet:-1, max-image-preview:large, max-video-preview:-1\" \/>\n<link rel=\"canonical\" href=\"https:\/\/huntloc.com\/jagdkarte\/\" \/>\n<meta property=\"og:locale\" content=\"de_DE\" \/>\n<meta property=\"og:type\" content=\"article\" \/>\n<meta property=\"og:title\" content=\"Jagdkarte &#8212; Jagd-App Huntloc\" \/>\n<meta property=\"og:description\" content=\"Auf der Jagdkarte k\u00f6nnen verschiedene Gebiete, Wege und Objekte eingezeichnet werden. Alle Elemente sind in der Huntloc-App auf dem Smartphone sichtbar. Am bequemsten l\u00e4sst sich die Karte im Huntloc-Portal erstellen und verwalten (portal.huntloc.com). F\u00fcr die Anmeldung ist ein g\u00fcltiges Benutzerkonto mit Lizenz erforderlich. Um ein Objekt zur Karte hinzuzuf\u00fcgen, w\u00e4hlen Sie im linken Men\u00fc das [&hellip;]\" \/>\n<meta property=\"og:url\" content=\"https:\/\/huntloc.com\/jagdkarte\/\" \/>\n<meta property=\"og:site_name\" content=\"Jagd-App Huntloc\" \/>\n<meta property=\"article:publisher\" content=\"https:\/\/www.facebook.com\/huntloc.et\/\" \/>\n<meta property=\"og:image\" content=\"https:\/\/huntloc.com\/wp-content\/uploads\/2020\/09\/DSC_0405-2000x640jpg.jpg\" \/>\n\t<meta property=\"og:image:width\" content=\"2000\" \/>\n\t<meta property=\"og:image:height\" content=\"640\" \/>\n\t<meta property=\"og:image:type\" content=\"image\/jpeg\" \/>\n<meta name=\"twitter:card\" content=\"summary_large_image\" \/>\n<meta name=\"twitter:site\" content=\"@HuntlocApp\" \/>\n<meta name=\"twitter:label1\" content=\"Gesch\u00e4tzte Lesezeit\" \/>\n\t<meta name=\"twitter:data1\" content=\"1\u00a0Minute\" \/>\n<script type=\"application\/ld+json\" class=\"yoast-schema-graph\">{\"@context\":\"https:\/\/schema.org\",\"@graph\":[{\"@type\":\"WebPage\",\"@id\":\"https:\/\/huntloc.com\/jagdkarte\/\",\"url\":\"https:\/\/huntloc.com\/jagdkarte\/\",\"name\":\"Jagdkarte &#8212; Jagd-App Huntloc\",\"isPartOf\":{\"@id\":\"https:\/\/huntloc.com\/et\/#website\"},\"primaryImageOfPage\":{\"@id\":\"https:\/\/huntloc.com\/jagdkarte\/#primaryimage\"},\"image\":{\"@id\":\"https:\/\/huntloc.com\/jagdkarte\/#primaryimage\"},\"thumbnailUrl\":\"https:\/\/huntloc.com\/wp-content\/uploads\/2026\/01\/Huntloc_Hunting-map.png\",\"datePublished\":\"2026-01-14T12:31:26+00:00\",\"dateModified\":\"2026-01-14T12:31:26+00:00\",\"breadcrumb\":{\"@id\":\"https:\/\/huntloc.com\/jagdkarte\/#breadcrumb\"},\"inLanguage\":\"de\",\"potentialAction\":[{\"@type\":\"ReadAction\",\"target\":[\"https:\/\/huntloc.com\/jagdkarte\/\"]}]},{\"@type\":\"ImageObject\",\"inLanguage\":\"de\",\"@id\":\"https:\/\/huntloc.com\/jagdkarte\/#primaryimage\",\"url\":\"https:\/\/huntloc.com\/wp-content\/uploads\/2026\/01\/Huntloc_Hunting-map.png\",\"contentUrl\":\"https:\/\/huntloc.com\/wp-content\/uploads\/2026\/01\/Huntloc_Hunting-map.png\",\"width\":400,\"height\":400,\"caption\":\"Manage own hunting area\"},{\"@type\":\"BreadcrumbList\",\"@id\":\"https:\/\/huntloc.com\/jagdkarte\/#breadcrumb\",\"itemListElement\":[{\"@type\":\"ListItem\",\"position\":1,\"name\":\"Home\",\"item\":\"https:\/\/huntloc.com\/de\/\"},{\"@type\":\"ListItem\",\"position\":2,\"name\":\"Jagdkarte\"}]},{\"@type\":\"WebSite\",\"@id\":\"https:\/\/huntloc.com\/et\/#website\",\"url\":\"https:\/\/huntloc.com\/et\/\",\"name\":\"Jahi \u00e4pp Huntloc\",\"description\":\"Reaalajas jahi j&auml;lgimise &auml;pp ning jahikoerte j&auml;lgimislahendus\",\"publisher\":{\"@id\":\"https:\/\/huntloc.com\/et\/#organization\"},\"potentialAction\":[{\"@type\":\"SearchAction\",\"target\":{\"@type\":\"EntryPoint\",\"urlTemplate\":\"https:\/\/huntloc.com\/et\/?s={search_term_string}\"},\"query-input\":\"required name=search_term_string\"}],\"inLanguage\":\"de\"},{\"@type\":\"Organization\",\"@id\":\"https:\/\/huntloc.com\/et\/#organization\",\"name\":\"Jahi \u00e4pp Huntloc\",\"url\":\"https:\/\/huntloc.com\/et\/\",\"logo\":{\"@type\":\"ImageObject\",\"inLanguage\":\"de\",\"@id\":\"https:\/\/huntloc.com\/et\/#\/schema\/logo\/image\/\",\"url\":\"https:\/\/huntloc.com\/wp-content\/uploads\/2020\/09\/huntloc_logo_positive.png\",\"contentUrl\":\"https:\/\/huntloc.com\/wp-content\/uploads\/2020\/09\/huntloc_logo_positive.png\",\"width\":1150,\"height\":500,\"caption\":\"Jahi \u00e4pp Huntloc\"},\"image\":{\"@id\":\"https:\/\/huntloc.com\/et\/#\/schema\/logo\/image\/\"},\"sameAs\":[\"https:\/\/www.facebook.com\/huntloc.et\/\",\"https:\/\/x.com\/HuntlocApp\",\"https:\/\/www.instagram.com\/huntloc\/\",\"https:\/\/www.youtube.com\/huntloc\",\"https:\/\/www.linkedin.com\/company\/huntloc\/\"]}]}<\/script>\n<!-- \/ Yoast SEO plugin. -->","yoast_head_json":{"title":"Jagdkarte &#8212; Jagd-App Huntloc","robots":{"index":"index","follow":"follow","max-snippet":"max-snippet:-1","max-image-preview":"max-image-preview:large","max-video-preview":"max-video-preview:-1"},"canonical":"https:\/\/huntloc.com\/jagdkarte\/","og_locale":"de_DE","og_type":"article","og_title":"Jagdkarte &#8212; Jagd-App Huntloc","og_description":"Auf der Jagdkarte k\u00f6nnen verschiedene Gebiete, Wege und Objekte eingezeichnet werden. Alle Elemente sind in der Huntloc-App auf dem Smartphone sichtbar. Am bequemsten l\u00e4sst sich die Karte im Huntloc-Portal erstellen und verwalten (portal.huntloc.com). F\u00fcr die Anmeldung ist ein g\u00fcltiges Benutzerkonto mit Lizenz erforderlich. Um ein Objekt zur Karte hinzuzuf\u00fcgen, w\u00e4hlen Sie im linken Men\u00fc das [&hellip;]","og_url":"https:\/\/huntloc.com\/jagdkarte\/","og_site_name":"Jagd-App Huntloc","article_publisher":"https:\/\/www.facebook.com\/huntloc.et\/","og_image":[{"width":2000,"height":640,"url":"https:\/\/huntloc.com\/wp-content\/uploads\/2020\/09\/DSC_0405-2000x640jpg.jpg","type":"image\/jpeg"}],"twitter_card":"summary_large_image","twitter_site":"@HuntlocApp","twitter_misc":{"Gesch\u00e4tzte Lesezeit":"1\u00a0Minute"},"schema":{"@context":"https:\/\/schema.org","@graph":[{"@type":"WebPage","@id":"https:\/\/huntloc.com\/jagdkarte\/","url":"https:\/\/huntloc.com\/jagdkarte\/","name":"Jagdkarte &#8212; Jagd-App Huntloc","isPartOf":{"@id":"https:\/\/huntloc.com\/et\/#website"},"primaryImageOfPage":{"@id":"https:\/\/huntloc.com\/jagdkarte\/#primaryimage"},"image":{"@id":"https:\/\/huntloc.com\/jagdkarte\/#primaryimage"},"thumbnailUrl":"https:\/\/huntloc.com\/wp-content\/uploads\/2026\/01\/Huntloc_Hunting-map.png","datePublished":"2026-01-14T12:31:26+00:00","dateModified":"2026-01-14T12:31:26+00:00","breadcrumb":{"@id":"https:\/\/huntloc.com\/jagdkarte\/#breadcrumb"},"inLanguage":"de","potentialAction":[{"@type":"ReadAction","target":["https:\/\/huntloc.com\/jagdkarte\/"]}]},{"@type":"ImageObject","inLanguage":"de","@id":"https:\/\/huntloc.com\/jagdkarte\/#primaryimage","url":"https:\/\/huntloc.com\/wp-content\/uploads\/2026\/01\/Huntloc_Hunting-map.png","contentUrl":"https:\/\/huntloc.com\/wp-content\/uploads\/2026\/01\/Huntloc_Hunting-map.png","width":400,"height":400,"caption":"Manage own hunting area"},{"@type":"BreadcrumbList","@id":"https:\/\/huntloc.com\/jagdkarte\/#breadcrumb","itemListElement":[{"@type":"ListItem","position":1,"name":"Home","item":"https:\/\/huntloc.com\/de\/"},{"@type":"ListItem","position":2,"name":"Jagdkarte"}]},{"@type":"WebSite","@id":"https:\/\/huntloc.com\/et\/#website","url":"https:\/\/huntloc.com\/et\/","name":"Jahi \u00e4pp Huntloc","description":"Reaalajas jahi j&auml;lgimise &auml;pp ning jahikoerte j&auml;lgimislahendus","publisher":{"@id":"https:\/\/huntloc.com\/et\/#organization"},"potentialAction":[{"@type":"SearchAction","target":{"@type":"EntryPoint","urlTemplate":"https:\/\/huntloc.com\/et\/?s={search_term_string}"},"query-input":"required name=search_term_string"}],"inLanguage":"de"},{"@type":"Organization","@id":"https:\/\/huntloc.com\/et\/#organization","name":"Jahi \u00e4pp Huntloc","url":"https:\/\/huntloc.com\/et\/","logo":{"@type":"ImageObject","inLanguage":"de","@id":"https:\/\/huntloc.com\/et\/#\/schema\/logo\/image\/","url":"https:\/\/huntloc.com\/wp-content\/uploads\/2020\/09\/huntloc_logo_positive.png","contentUrl":"https:\/\/huntloc.com\/wp-content\/uploads\/2020\/09\/huntloc_logo_positive.png","width":1150,"height":500,"caption":"Jahi \u00e4pp Huntloc"},"image":{"@id":"https:\/\/huntloc.com\/et\/#\/schema\/logo\/image\/"},"sameAs":["https:\/\/www.facebook.com\/huntloc.et\/","https:\/\/x.com\/HuntlocApp","https:\/\/www.instagram.com\/huntloc\/","https:\/\/www.youtube.com\/huntloc","https:\/\/www.linkedin.com\/company\/huntloc\/"]}]}},"amp_enabled":true,"_links":{"self":[{"href":"https:\/\/huntloc.com\/de\/wp-json\/wp\/v2\/pages\/14361"}],"collection":[{"href":"https:\/\/huntloc.com\/de\/wp-json\/wp\/v2\/pages"}],"about":[{"href":"https:\/\/huntloc.com\/de\/wp-json\/wp\/v2\/types\/page"}],"author":[{"embeddable":true,"href":"https:\/\/huntloc.com\/de\/wp-json\/wp\/v2\/users\/2"}],"replies":[{"embeddable":true,"href":"https:\/\/huntloc.com\/de\/wp-json\/wp\/v2\/comments?post=14361"}],"version-history":[{"count":0,"href":"https:\/\/huntloc.com\/de\/wp-json\/wp\/v2\/pages\/14361\/revisions"}],"wp:featuredmedia":[{"embeddable":true,"href":"https:\/\/huntloc.com\/de\/wp-json\/wp\/v2\/media\/14332"}],"wp:attachment":[{"href":"https:\/\/huntloc.com\/de\/wp-json\/wp\/v2\/media?parent=14361"}],"curies":[{"name":"wp","href":"https:\/\/api.w.org\/{rel}","templated":true}]}}