{"id":12874,"date":"2024-03-22T12:13:05","date_gmt":"2024-03-22T10:13:05","guid":{"rendered":"https:\/\/huntloc.com\/huntloc-lahenduse-eelised-jahis-ja-vordlus-2\/"},"modified":"2025-07-08T10:35:25","modified_gmt":"2025-07-08T08:35:25","slug":"huntloc-lahenduse-eelised-jahis-ja-vordlus-2","status":"publish","type":"page","link":"https:\/\/huntloc.com\/de\/huntloc-lahenduse-eelised-jahis-ja-vordlus-2\/","title":{"rendered":"Vorteile der Huntloc-L\u00f6sung auf der Yacht und Vergleich"},"content":{"rendered":"","protected":false},"excerpt":{"rendered":"","protected":false},"author":1,"featured_media":0,"parent":0,"menu_order":0,"comment_status":"closed","ping_status":"closed","template":"templates\/advantages.php","meta":{"om_disable_all_campaigns":false,"_monsterinsights_skip_tracking":false,"_monsterinsights_sitenote_active":false,"_monsterinsights_sitenote_note":"","_monsterinsights_sitenote_category":0,"_uf_show_specific_survey":0,"_uf_disable_surveys":false,"footnotes":""},"acf":[],"aioseo_notices":[],"yoast_head":"<!-- This site is optimized with the Yoast SEO plugin v22.7 - https:\/\/yoast.com\/wordpress\/plugins\/seo\/ -->\n<title>K\u00f5ige v\u00f5imekam \u00e4pp jahis - Huntloc. Vaata v\u00f5imalusi!<\/title>\n<meta name=\"description\" content=\"Lahendus, kus on koos jahimeeste ja koerte reaalajas j\u00e4lgimine jahis, jahimaamaa haldus ning jahikommunikatsioon. V\u00f5rdle teiste lahendustega.\" \/>\n<meta name=\"robots\" content=\"index, follow, max-snippet:-1, max-image-preview:large, max-video-preview:-1\" \/>\n<link rel=\"canonical\" href=\"https:\/\/huntloc.com\/de\/huntloc-lahenduse-eelised-jahis-ja-vordlus-2\/\" \/>\n<meta property=\"og:locale\" content=\"de_DE\" \/>\n<meta property=\"og:type\" content=\"article\" \/>\n<meta property=\"og:title\" content=\"K\u00f5ige v\u00f5imekam \u00e4pp jahis - Huntloc. Vaata v\u00f5imalusi!\" \/>\n<meta property=\"og:description\" content=\"Lahendus, kus on koos jahimeeste ja koerte reaalajas j\u00e4lgimine jahis, jahimaamaa haldus ning jahikommunikatsioon. V\u00f5rdle teiste lahendustega.\" \/>\n<meta property=\"og:url\" content=\"https:\/\/huntloc.com\/de\/huntloc-lahenduse-eelised-jahis-ja-vordlus-2\/\" \/>\n<meta property=\"og:site_name\" content=\"Jagd-App Huntloc\" \/>\n<meta property=\"article:publisher\" content=\"https:\/\/www.facebook.com\/huntloc.et\/\" \/>\n<meta property=\"article:modified_time\" content=\"2025-07-08T08:35:25+00:00\" \/>\n<meta property=\"og:image\" content=\"https:\/\/huntloc.com\/wp-content\/uploads\/2020\/09\/DSC_0405-2000x640jpg.jpg\" \/>\n\t<meta property=\"og:image:width\" content=\"2000\" \/>\n\t<meta property=\"og:image:height\" content=\"640\" \/>\n\t<meta property=\"og:image:type\" content=\"image\/jpeg\" \/>\n<meta name=\"twitter:card\" content=\"summary_large_image\" \/>\n<meta name=\"twitter:site\" content=\"@HuntlocApp\" \/>\n<script type=\"application\/ld+json\" class=\"yoast-schema-graph\">{\"@context\":\"https:\/\/schema.org\",\"@graph\":[{\"@type\":\"WebPage\",\"@id\":\"https:\/\/huntloc.com\/de\/huntloc-lahenduse-eelised-jahis-ja-vordlus-2\/\",\"url\":\"https:\/\/huntloc.com\/de\/huntloc-lahenduse-eelised-jahis-ja-vordlus-2\/\",\"name\":\"K\u00f5ige v\u00f5imekam \u00e4pp jahis - Huntloc. Vaata v\u00f5imalusi!\",\"isPartOf\":{\"@id\":\"https:\/\/huntloc.com\/et\/#website\"},\"datePublished\":\"2024-03-22T10:13:05+00:00\",\"dateModified\":\"2025-07-08T08:35:25+00:00\",\"description\":\"Lahendus, kus on koos jahimeeste ja koerte reaalajas j\u00e4lgimine jahis, jahimaamaa haldus ning jahikommunikatsioon. V\u00f5rdle teiste lahendustega.\",\"breadcrumb\":{\"@id\":\"https:\/\/huntloc.com\/de\/huntloc-lahenduse-eelised-jahis-ja-vordlus-2\/#breadcrumb\"},\"inLanguage\":\"de\",\"potentialAction\":[{\"@type\":\"ReadAction\",\"target\":[\"https:\/\/huntloc.com\/de\/huntloc-lahenduse-eelised-jahis-ja-vordlus-2\/\"]}]},{\"@type\":\"BreadcrumbList\",\"@id\":\"https:\/\/huntloc.com\/de\/huntloc-lahenduse-eelised-jahis-ja-vordlus-2\/#breadcrumb\",\"itemListElement\":[{\"@type\":\"ListItem\",\"position\":1,\"name\":\"Home\",\"item\":\"https:\/\/huntloc.com\/de\/\"},{\"@type\":\"ListItem\",\"position\":2,\"name\":\"Vorteile der Huntloc-L\u00f6sung auf der Yacht und Vergleich\"}]},{\"@type\":\"WebSite\",\"@id\":\"https:\/\/huntloc.com\/et\/#website\",\"url\":\"https:\/\/huntloc.com\/et\/\",\"name\":\"Jahi \u00e4pp Huntloc\",\"description\":\"Reaalajas jahi j&auml;lgimise &auml;pp ning jahikoerte j&auml;lgimislahendus\",\"publisher\":{\"@id\":\"https:\/\/huntloc.com\/et\/#organization\"},\"potentialAction\":[{\"@type\":\"SearchAction\",\"target\":{\"@type\":\"EntryPoint\",\"urlTemplate\":\"https:\/\/huntloc.com\/et\/?s={search_term_string}\"},\"query-input\":\"required name=search_term_string\"}],\"inLanguage\":\"de\"},{\"@type\":\"Organization\",\"@id\":\"https:\/\/huntloc.com\/et\/#organization\",\"name\":\"Jahi \u00e4pp Huntloc\",\"url\":\"https:\/\/huntloc.com\/et\/\",\"logo\":{\"@type\":\"ImageObject\",\"inLanguage\":\"de\",\"@id\":\"https:\/\/huntloc.com\/et\/#\/schema\/logo\/image\/\",\"url\":\"https:\/\/huntloc.com\/wp-content\/uploads\/2020\/09\/huntloc_logo_positive.png\",\"contentUrl\":\"https:\/\/huntloc.com\/wp-content\/uploads\/2020\/09\/huntloc_logo_positive.png\",\"width\":1150,\"height\":500,\"caption\":\"Jahi \u00e4pp Huntloc\"},\"image\":{\"@id\":\"https:\/\/huntloc.com\/et\/#\/schema\/logo\/image\/\"},\"sameAs\":[\"https:\/\/www.facebook.com\/huntloc.et\/\",\"https:\/\/x.com\/HuntlocApp\",\"https:\/\/www.instagram.com\/huntloc\/\",\"https:\/\/www.youtube.com\/huntloc\",\"https:\/\/www.linkedin.com\/company\/huntloc\/\"]}]}<\/script>\n<!-- \/ Yoast SEO plugin. -->","yoast_head_json":{"title":"K\u00f5ige v\u00f5imekam \u00e4pp jahis - Huntloc. Vaata v\u00f5imalusi!","description":"Lahendus, kus on koos jahimeeste ja koerte reaalajas j\u00e4lgimine jahis, jahimaamaa haldus ning jahikommunikatsioon. V\u00f5rdle teiste lahendustega.","robots":{"index":"index","follow":"follow","max-snippet":"max-snippet:-1","max-image-preview":"max-image-preview:large","max-video-preview":"max-video-preview:-1"},"canonical":"https:\/\/huntloc.com\/de\/huntloc-lahenduse-eelised-jahis-ja-vordlus-2\/","og_locale":"de_DE","og_type":"article","og_title":"K\u00f5ige v\u00f5imekam \u00e4pp jahis - Huntloc. Vaata v\u00f5imalusi!","og_description":"Lahendus, kus on koos jahimeeste ja koerte reaalajas j\u00e4lgimine jahis, jahimaamaa haldus ning jahikommunikatsioon. V\u00f5rdle teiste lahendustega.","og_url":"https:\/\/huntloc.com\/de\/huntloc-lahenduse-eelised-jahis-ja-vordlus-2\/","og_site_name":"Jagd-App Huntloc","article_publisher":"https:\/\/www.facebook.com\/huntloc.et\/","article_modified_time":"2025-07-08T08:35:25+00:00","og_image":[{"width":2000,"height":640,"url":"https:\/\/huntloc.com\/wp-content\/uploads\/2020\/09\/DSC_0405-2000x640jpg.jpg","type":"image\/jpeg"}],"twitter_card":"summary_large_image","twitter_site":"@HuntlocApp","schema":{"@context":"https:\/\/schema.org","@graph":[{"@type":"WebPage","@id":"https:\/\/huntloc.com\/de\/huntloc-lahenduse-eelised-jahis-ja-vordlus-2\/","url":"https:\/\/huntloc.com\/de\/huntloc-lahenduse-eelised-jahis-ja-vordlus-2\/","name":"K\u00f5ige v\u00f5imekam \u00e4pp jahis - Huntloc. Vaata v\u00f5imalusi!","isPartOf":{"@id":"https:\/\/huntloc.com\/et\/#website"},"datePublished":"2024-03-22T10:13:05+00:00","dateModified":"2025-07-08T08:35:25+00:00","description":"Lahendus, kus on koos jahimeeste ja koerte reaalajas j\u00e4lgimine jahis, jahimaamaa haldus ning jahikommunikatsioon. V\u00f5rdle teiste lahendustega.","breadcrumb":{"@id":"https:\/\/huntloc.com\/de\/huntloc-lahenduse-eelised-jahis-ja-vordlus-2\/#breadcrumb"},"inLanguage":"de","potentialAction":[{"@type":"ReadAction","target":["https:\/\/huntloc.com\/de\/huntloc-lahenduse-eelised-jahis-ja-vordlus-2\/"]}]},{"@type":"BreadcrumbList","@id":"https:\/\/huntloc.com\/de\/huntloc-lahenduse-eelised-jahis-ja-vordlus-2\/#breadcrumb","itemListElement":[{"@type":"ListItem","position":1,"name":"Home","item":"https:\/\/huntloc.com\/de\/"},{"@type":"ListItem","position":2,"name":"Vorteile der Huntloc-L\u00f6sung auf der Yacht und Vergleich"}]},{"@type":"WebSite","@id":"https:\/\/huntloc.com\/et\/#website","url":"https:\/\/huntloc.com\/et\/","name":"Jahi \u00e4pp Huntloc","description":"Reaalajas jahi j&auml;lgimise &auml;pp ning jahikoerte j&auml;lgimislahendus","publisher":{"@id":"https:\/\/huntloc.com\/et\/#organization"},"potentialAction":[{"@type":"SearchAction","target":{"@type":"EntryPoint","urlTemplate":"https:\/\/huntloc.com\/et\/?s={search_term_string}"},"query-input":"required name=search_term_string"}],"inLanguage":"de"},{"@type":"Organization","@id":"https:\/\/huntloc.com\/et\/#organization","name":"Jahi \u00e4pp Huntloc","url":"https:\/\/huntloc.com\/et\/","logo":{"@type":"ImageObject","inLanguage":"de","@id":"https:\/\/huntloc.com\/et\/#\/schema\/logo\/image\/","url":"https:\/\/huntloc.com\/wp-content\/uploads\/2020\/09\/huntloc_logo_positive.png","contentUrl":"https:\/\/huntloc.com\/wp-content\/uploads\/2020\/09\/huntloc_logo_positive.png","width":1150,"height":500,"caption":"Jahi \u00e4pp Huntloc"},"image":{"@id":"https:\/\/huntloc.com\/et\/#\/schema\/logo\/image\/"},"sameAs":["https:\/\/www.facebook.com\/huntloc.et\/","https:\/\/x.com\/HuntlocApp","https:\/\/www.instagram.com\/huntloc\/","https:\/\/www.youtube.com\/huntloc","https:\/\/www.linkedin.com\/company\/huntloc\/"]}]}},"amp_enabled":false,"_links":{"self":[{"href":"https:\/\/huntloc.com\/de\/wp-json\/wp\/v2\/pages\/12874"}],"collection":[{"href":"https:\/\/huntloc.com\/de\/wp-json\/wp\/v2\/pages"}],"about":[{"href":"https:\/\/huntloc.com\/de\/wp-json\/wp\/v2\/types\/page"}],"author":[{"embeddable":true,"href":"https:\/\/huntloc.com\/de\/wp-json\/wp\/v2\/users\/1"}],"replies":[{"embeddable":true,"href":"https:\/\/huntloc.com\/de\/wp-json\/wp\/v2\/comments?post=12874"}],"version-history":[{"count":4,"href":"https:\/\/huntloc.com\/de\/wp-json\/wp\/v2\/pages\/12874\/revisions"}],"predecessor-version":[{"id":13912,"href":"https:\/\/huntloc.com\/de\/wp-json\/wp\/v2\/pages\/12874\/revisions\/13912"}],"wp:attachment":[{"href":"https:\/\/huntloc.com\/de\/wp-json\/wp\/v2\/media?parent=12874"}],"curies":[{"name":"wp","href":"https:\/\/api.w.org\/{rel}","templated":true}]}}