{"id":12271,"date":"2023-04-25T13:41:28","date_gmt":"2023-04-25T11:41:28","guid":{"rendered":"https:\/\/huntloc.com\/huntloc-ambassador-application\/"},"modified":"2023-04-25T13:46:19","modified_gmt":"2023-04-25T11:46:19","slug":"huntloc-ambassador-application","status":"publish","type":"page","link":"https:\/\/huntloc.com\/de\/huntloc-ambassador-application\/","title":{"rendered":"Bewerbung als Huntloc-Botschafter"},"content":{"rendered":"<p>Wir suchen begeisterte J\u00e4ger als unsere Markenbotschafter, die unser Produkt in ihrem Heimatland erfolgreich bewerben k\u00f6nnen.<\/p>\n<p>Bitte f\u00fcllen Sie die unten stehenden Informationen aus und senden Sie das Formular ab. Wir werden Anfragen bearbeiten und uns mit Ihnen in Verbindung setzen.<\/p>\n<hr \/>\n<div style=\"display:none\" class=\"fm-form-container fm-theme2\"><div id=\"fm-pages21\" class=\"fm-pages wdform_page_navigation \" show_title=\"false\" show_numbers=\"false\" type=\"none\"><\/div><form name=\"form21\" action=\"\/de\/wp-json\/wp\/v2\/pages\/12271\" method=\"post\" id=\"form21\" class=\"fm-form form21  \" enctype=\"multipart\/form-data\"><input type=\"hidden\" id=\"fm_page_id21\" value=\"12271\" name=\"fm_page_id21\" \/><input type=\"hidden\" id=\"fm_current_post_type21\" value=\"page\" name=\"fm_current_post_type21\" \/><input type=\"hidden\" id=\"counter21\" value=\"22\" name=\"counter21\" \/><input type=\"hidden\" id=\"Itemid21\" value=\"\" name=\"Itemid21\" \/><input type=\"hidden\" id=\"fm_shake21\" value=\"1\" name=\"fm_shake21\" \/><input type=\"text\" class=\"fm-hide\" id=\"fm_empty_field_validation21\" value=\"\" name=\"fm_empty_field_validation21\" data-value=\"bd736efb144d599cf463541431fbf5c4\" \/><div class=\"wdform-page-and-images fm-form-builder\" style=\"border-width: 1px;\"><div id=\"21form_view1\" class=\"wdform_page\" page_title=\"Untitled page\" next_title=\"Next\" next_type=\"text\" next_class=\"wdform-page-button\" next_checkable=\"true\" previous_title=\"Previous\" previous_type=\"text\" previous_class=\"wdform-page-button\" previous_checkable=\"false\"><div class=\"wdform_section\" style=\"position: relative; left: 0px; top: 0px;\"><div class=\"wdform_column\"><div wdid=\"5\" class=\"wdform_row\" style=\"position: relative; left: 0px; top: 0px;\"><div type=\"type_name\" class=\"wdform-field wd-width-100 wd-flex wd-flex-column fm-type_name\" ><div class=\"wdform-label-section wd-width-100  wd-flex-row\">    <label  for=\"wdform_5_element_first21\" class=\"wdform-label\">Name<\/label><span class=\"wdform-required\">*<\/span><\/div><div class=\"wdform-element-section wd-flex  wd-flex-row wd-width-100\" ><div class=\"wd-flex wd-flex-column wd-width-50\"><input type=\"text\" class=\"wd-width-100\" id=\"wdform_5_element_first21\" name=\"wdform_5_element_first21\" data-value=\"\" value=\"\" title=\"First Name\" placeholder=\"First Name\"  \/><label class=\"mini_label\" for=\"wdform_5_element_first21\"><\/label><\/div><div class=\"wd-flex wd-flex-column wd-name-separator\"><\/div><div class=\"wd-flex wd-flex-column wd-width-50\"><input type=\"text\" class=\"wd-width-100\" id=\"wdform_5_element_last21\" name=\"wdform_5_element_last21\" data-value=\"\" value=\"\" title=\"Last Name\" placeholder=\"Last Name\"  \/><label class=\"mini_label\" for=\"wdform_5_element_last21\"><\/label><\/div><\/div><\/div><\/div><\/div><div class=\"wdform_column\"><div wdid=\"3\" class=\"wdform_row\" style=\"position: relative; left: 0px; top: 0px;\"><div type=\"type_submitter_mail\" class=\"wdform-field wd-width-100 wd-flex wd-flex-column fm-type_submitter_mail\" ><div class=\"wdform-label-section wd-width-100  wd-flex-row\">    <label  for=\"wdform_3_element21\" class=\"wdform-label\">Email<\/label><span class=\"wdform-required\">*<\/span><\/div><div class=\"wdform-element-section wd-flex  wd-flex-row wd-width-100\" ><input type=\"text\" class=\"wd-width-100\" id=\"wdform_3_element21\" name=\"wdform_3_element21\" data-value=\"\" value=\"\" title=\"\" placeholder=\"\"   onchange=\"wd_check_email('3', '21', 'Dies ist keine g\u00fcltige E-Mail-Adresse.')\" \/><\/div><\/div><\/div><div wdid=\"4\" class=\"wdform_row\" style=\"position: relative; left: 0px; top: 0px;\"><div type=\"type_phone_new\" class=\"wdform-field wd-width-100 wd-flex wd-flex-column fm-type_phone_new\" ><div class=\"wdform-label-section wd-width-100 \">    <label  for=\"wdform_4_element21\" class=\"wdform-label\">Phone<\/label><span class=\"wdform-required\">*<\/span><\/div><div class=\"wdform-element-section wd-flex  wd-width-100\" ><input type=\"text\"                       class=\"wd-width-100\"                       id=\"wdform_4_element21\"                       name=\"wdform_4_element21\"                       value=\"\"                       data-value=\"\"                       placeholder=\"\"  \/><\/div><\/div><\/div><\/div><div class=\"wdform_column\"><div wdid=\"21\" class=\"wdform_row\" style=\"position: relative; left: 0px; top: 0px;\"><div type=\"type_text\" class=\"wdform-field wd-width-100 wd-flex wd-flex-column fm-type_text\" ><div class=\"wdform-label-section wd-width-100  wd-flex-row wd-align-items-center\">    <label  for=\"wdform_21_element21\" class=\"wdform-label\">Do You have hunting dog? What tracking device do you use to track him on the hunt?<\/label><\/div><div class=\"wdform-element-section wd-flex  wd-flex-row wd-align-items-center wd-width-100\" ><input type=\"text\"                           class=\"wd-width-100\"                           id=\"wdform_21_element21\"                           name=\"wdform_21_element21\"                           value=\"\"                           data-value=\"\"                           title=\"\"                           placeholder=\"\"                                                       \/><\/div><\/div><\/div><\/div><div class=\"wdform_column\"><div wdid=\"19\" class=\"wdform_row\" style=\"position: relative; left: 0px; top: 0px;\"><div type=\"type_matrix\" class=\"wdform-field wd-width-100 wd-flex wd-flex-column fm-type_matrix\" ><div class=\"wdform-label-section wd-width-100 wdform_matrix wd-flex-row\">    <label  class=\"wdform-label\">Social Media network<\/label><span class=\"wdform-required\">*<\/span><\/div><div class=\"wdform-element-section wd-flex wdform_matrix wd-flex-row wd-width-100\" ><div id=\"wdform_19_element21\" class=\"wd-width-100 wdform-matrix-table\" ><div class=\"wd-table-group\"><div class=\"wdform-matrix-head\"><div class=\"wd-table-cell\"><\/div><div><label class=\"wdform-ch-rad-label\">Username<\/label><\/div><div><label class=\"wdform-ch-rad-label\">Number of followers<\/label><\/div><\/div><div class=\"wdform-matrix-row1\" row=\"1\"><div class=\"wdform-matrix-column\"><label class=\"wdform-ch-rad-label\" >Facebook<\/label><\/div><div class=\"wdform-matrix-cell\"><input id=\"wdform_19_input_element211_1\" type=\"text\" name=\"wdform_19_input_element211_1\" value=\"\" style=\"width:100px\"><\/div><div class=\"wdform-matrix-cell\"><input id=\"wdform_19_input_element211_2\" type=\"text\" name=\"wdform_19_input_element211_2\" value=\"\" style=\"width:100px\"><\/div><\/div><div class=\"wdform-matrix-row0\" row=\"2\"><div class=\"wdform-matrix-column\"><label class=\"wdform-ch-rad-label\" >Instagram<\/label><\/div><div class=\"wdform-matrix-cell\"><input id=\"wdform_19_input_element212_1\" type=\"text\" name=\"wdform_19_input_element212_1\" value=\"\" style=\"width:100px\"><\/div><div class=\"wdform-matrix-cell\"><input id=\"wdform_19_input_element212_2\" type=\"text\" name=\"wdform_19_input_element212_2\" value=\"\" style=\"width:100px\"><\/div><\/div><div class=\"wdform-matrix-row1\" row=\"3\"><div class=\"wdform-matrix-column\"><label class=\"wdform-ch-rad-label\" >YouTube<\/label><\/div><div class=\"wdform-matrix-cell\"><input id=\"wdform_19_input_element213_1\" type=\"text\" name=\"wdform_19_input_element213_1\" value=\"\" style=\"width:100px\"><\/div><div class=\"wdform-matrix-cell\"><input id=\"wdform_19_input_element213_2\" type=\"text\" name=\"wdform_19_input_element213_2\" value=\"\" style=\"width:100px\"><\/div><\/div><div class=\"wdform-matrix-row0\" row=\"4\"><div class=\"wdform-matrix-column\"><label class=\"wdform-ch-rad-label\" >Twitter<\/label><\/div><div class=\"wdform-matrix-cell\"><input id=\"wdform_19_input_element214_1\" type=\"text\" name=\"wdform_19_input_element214_1\" value=\"\" style=\"width:100px\"><\/div><div class=\"wdform-matrix-cell\"><input id=\"wdform_19_input_element214_2\" type=\"text\" name=\"wdform_19_input_element214_2\" value=\"\" style=\"width:100px\"><\/div><\/div><div class=\"wdform-matrix-row1\" row=\"5\"><div class=\"wdform-matrix-column\"><label class=\"wdform-ch-rad-label\" >Linkedin<\/label><\/div><div class=\"wdform-matrix-cell\"><input id=\"wdform_19_input_element215_1\" type=\"text\" name=\"wdform_19_input_element215_1\" value=\"\" style=\"width:100px\"><\/div><div class=\"wdform-matrix-cell\"><input id=\"wdform_19_input_element215_2\" type=\"text\" name=\"wdform_19_input_element215_2\" value=\"\" style=\"width:100px\"><\/div><\/div><div class=\"wdform-matrix-row0\" row=\"6\"><div class=\"wdform-matrix-column\"><label class=\"wdform-ch-rad-label\" >TikTok<\/label><\/div><div class=\"wdform-matrix-cell\"><input id=\"wdform_19_input_element216_1\" type=\"text\" name=\"wdform_19_input_element216_1\" value=\"\" style=\"width:100px\"><\/div><div class=\"wdform-matrix-cell\"><input id=\"wdform_19_input_element216_2\" type=\"text\" name=\"wdform_19_input_element216_2\" value=\"\" style=\"width:100px\"><\/div><\/div><div class=\"wdform-matrix-row1\" row=\"7\"><div class=\"wdform-matrix-column\"><label class=\"wdform-ch-rad-label\" >Other<\/label><\/div><div class=\"wdform-matrix-cell\"><input id=\"wdform_19_input_element217_1\" type=\"text\" name=\"wdform_19_input_element217_1\" value=\"\" style=\"width:100px\"><\/div><div class=\"wdform-matrix-cell\"><input id=\"wdform_19_input_element217_2\" type=\"text\" name=\"wdform_19_input_element217_2\" value=\"\" style=\"width:100px\"><\/div><\/div><\/div><input type=\"hidden\" name=\"wdform_19_element21\" value=\"\" \/><\/div><\/div><\/div><\/div><\/div><div class=\"wdform_column\"><div wdid=\"20\" class=\"wdform_row\" style=\"position: relative; left: 0px; top: 0px;\"><div type=\"type_checkbox\" class=\"wdform-field wd-width-100 wd-flex wd-flex-column fm-type_checkbox\" ><div class=\"wdform-label-section wd-width-100  wd-flex-wrap wd-flex-column\">    <label  class=\"wdform-label\">Which activity You are mainly doing?<\/label><span class=\"wdform-required\">*<\/span><\/div><div class=\"wdform-element-section wd-flex  wd-flex-wrap wd-flex-column wd-width-100\" ><div class=\"wd-flex wd-flex-column\"><input type=\"hidden\" name=\"wdform_20_element21\" value=\"\" \/><div class=\"checkbox-div wd-choice wd-flex wd-flex-row\"><input type=\"checkbox\"  id=\"wdform_20_element210\" name=\"wdform_20_element210\" value=\"Networking \/ Social Media outreach\"    \/><label class=\"wd-align-items-center wd-flex wd-flex-row\" for=\"wdform_20_element210\"><span><\/span>Networking \/ Social Media outreach<\/label><\/div><div class=\"checkbox-div wd-choice wd-flex wd-flex-row\"><input type=\"checkbox\"  id=\"wdform_20_element211\" name=\"wdform_20_element211\" value=\"Blogging \/ writen articles\"    \/><label class=\"wd-align-items-center wd-flex wd-flex-row\" for=\"wdform_20_element211\"><span><\/span>Blogging \/ writen articles<\/label><\/div><div class=\"checkbox-div wd-choice wd-flex wd-flex-row\"><input type=\"checkbox\"  id=\"wdform_20_element212\" name=\"wdform_20_element212\" value=\"Events \/ Shows\"    \/><label class=\"wd-align-items-center wd-flex wd-flex-row\" for=\"wdform_20_element212\"><span><\/span>Events \/ Shows<\/label><\/div><div class=\"checkbox-div wd-choice wd-flex wd-flex-row\"><input type=\"checkbox\"  id=\"wdform_20_element213\" name=\"wdform_20_element213\" value=\"Photoshoot\"    \/><label class=\"wd-align-items-center wd-flex wd-flex-row\" for=\"wdform_20_element213\"><span><\/span>Photoshoot<\/label><\/div><\/div><\/div><\/div><\/div><\/div><div class=\"wdform_column\"><div wdid=\"13\" class=\"wdform_row\" style=\"position: relative; left: 0px; top: 0px;\"><div type=\"type_textarea\" class=\"wdform-field wd-width-100 wd-flex wd-flex-column fm-type_textarea\" ><div class=\"wdform-label-section wd-width-100 \">    <label  for=\"wdform_13_element21\" class=\"wdform-label\">In a few words, please tell us why You would be a great ambassador for Huntloc.<\/label><span class=\"wdform-required\">*<\/span><\/div><div class=\"wdform-element-section wd-flex  wd-width-100\" ><textarea class=\"wd-width-100\"                      id=\"wdform_13_element21\"                      name=\"wdform_13_element21\"                      placeholder=\"Type here...\"                      data-value=\"\"                      maxlength=\"\"                      style=\"height: 100px;\"                      ><\/textarea><\/div><\/div><\/div><\/div><div class=\"wdform_column\"><div wdid=\"1\" class=\"wdform_row\" style=\"position: relative; left: 0px; top: 0px;\"><div type=\"type_submit_reset\" class=\"wdform-field wd-width-100 wd-flex wd-flex-column fm-type_submit_reset\" ><div class=\"wdform-element-section wd-flex  wd-flex-row wd-justify-content-left wd-width-100\" ><button  type=\"button\" class=\"button-submit\" onclick=\"fm_submit_form('21');\"  data-ajax=\"0\"><span class=\"fm-submit-loading spinner fm-ico-spinner\"><\/span>Submit<\/button><button  type=\"button\" class=\"button-reset wd-hidden\" onclick=\"fm_reset_form(21);\" >Reset<\/button><\/div><\/div><\/div><\/div><\/div><div valign=\"top\" class=\"wdform_footer wd-width-100\"><div class=\"wd-width-100\"><div class=\"wd-width-100 wd-table\" style=\"padding-top:10px;\"><div class=\"wd-table-group\"><div id=\"21page_nav1\" class=\"wd-table-row\"><\/div><\/div><\/div><\/div><\/div><\/div><\/div><div class=\"wdform_preload\"><\/div><input type=\"hidden\" name=\"fm-current-page\" value=\"https:\/\/huntloc.com\/de\/wp-json\/wp\/v2\/pages\/12271\" \/><\/form><\/div>\n","protected":false},"excerpt":{"rendered":"<p>Wir suchen begeisterte J\u00e4ger als unsere Markenbotschafter, die unser Produkt in ihrem Heimatland erfolgreich bewerben k\u00f6nnen. Bitte f\u00fcllen Sie die unten stehenden Informationen aus und senden Sie das Formular ab. Wir werden Anfragen bearbeiten und uns mit Ihnen in Verbindung setzen.<\/p>\n","protected":false},"author":2,"featured_media":0,"parent":0,"menu_order":0,"comment_status":"closed","ping_status":"closed","template":"","meta":{"om_disable_all_campaigns":false,"_monsterinsights_skip_tracking":false,"_monsterinsights_sitenote_active":false,"_monsterinsights_sitenote_note":"","_monsterinsights_sitenote_category":0,"_uf_show_specific_survey":0,"_uf_disable_surveys":false,"footnotes":""},"acf":[],"aioseo_notices":[],"yoast_head":"<!-- This site is optimized with the Yoast SEO plugin v22.7 - https:\/\/yoast.com\/wordpress\/plugins\/seo\/ -->\n<title>Bewerbung als Huntloc-Botschafter &#8212; Jagd-App Huntloc<\/title>\n<meta name=\"robots\" content=\"index, follow, max-snippet:-1, max-image-preview:large, max-video-preview:-1\" \/>\n<link rel=\"canonical\" href=\"https:\/\/huntloc.com\/de\/huntloc-ambassador-application\/\" \/>\n<meta property=\"og:locale\" content=\"de_DE\" \/>\n<meta property=\"og:type\" content=\"article\" \/>\n<meta property=\"og:title\" content=\"Bewerbung als Huntloc-Botschafter &#8212; Jagd-App Huntloc\" \/>\n<meta property=\"og:description\" content=\"Wir suchen begeisterte J\u00e4ger als unsere Markenbotschafter, die unser Produkt in ihrem Heimatland erfolgreich bewerben k\u00f6nnen. Bitte f\u00fcllen Sie die unten stehenden Informationen aus und senden Sie das Formular ab. Wir werden Anfragen bearbeiten und uns mit Ihnen in Verbindung setzen.\" \/>\n<meta property=\"og:url\" content=\"https:\/\/huntloc.com\/de\/huntloc-ambassador-application\/\" \/>\n<meta property=\"og:site_name\" content=\"Jagd-App Huntloc\" \/>\n<meta property=\"article:publisher\" content=\"https:\/\/www.facebook.com\/huntloc.et\/\" \/>\n<meta property=\"article:modified_time\" content=\"2023-04-25T11:46:19+00:00\" \/>\n<meta property=\"og:image\" content=\"https:\/\/huntloc.com\/wp-content\/uploads\/2020\/09\/DSC_0405-2000x640jpg.jpg\" \/>\n\t<meta property=\"og:image:width\" content=\"2000\" \/>\n\t<meta property=\"og:image:height\" content=\"640\" \/>\n\t<meta property=\"og:image:type\" content=\"image\/jpeg\" \/>\n<meta name=\"twitter:card\" content=\"summary_large_image\" \/>\n<meta name=\"twitter:site\" content=\"@HuntlocApp\" \/>\n<meta name=\"twitter:label1\" content=\"Gesch\u00e4tzte Lesezeit\" \/>\n\t<meta name=\"twitter:data1\" content=\"1\u00a0Minute\" \/>\n<script type=\"application\/ld+json\" class=\"yoast-schema-graph\">{\"@context\":\"https:\/\/schema.org\",\"@graph\":[{\"@type\":\"WebPage\",\"@id\":\"https:\/\/huntloc.com\/de\/huntloc-ambassador-application\/\",\"url\":\"https:\/\/huntloc.com\/de\/huntloc-ambassador-application\/\",\"name\":\"Bewerbung als Huntloc-Botschafter &#8212; Jagd-App Huntloc\",\"isPartOf\":{\"@id\":\"https:\/\/huntloc.com\/et\/#website\"},\"datePublished\":\"2023-04-25T11:41:28+00:00\",\"dateModified\":\"2023-04-25T11:46:19+00:00\",\"breadcrumb\":{\"@id\":\"https:\/\/huntloc.com\/de\/huntloc-ambassador-application\/#breadcrumb\"},\"inLanguage\":\"de\",\"potentialAction\":[{\"@type\":\"ReadAction\",\"target\":[\"https:\/\/huntloc.com\/de\/huntloc-ambassador-application\/\"]}]},{\"@type\":\"BreadcrumbList\",\"@id\":\"https:\/\/huntloc.com\/de\/huntloc-ambassador-application\/#breadcrumb\",\"itemListElement\":[{\"@type\":\"ListItem\",\"position\":1,\"name\":\"Home\",\"item\":\"https:\/\/huntloc.com\/de\/\"},{\"@type\":\"ListItem\",\"position\":2,\"name\":\"Bewerbung als Huntloc-Botschafter\"}]},{\"@type\":\"WebSite\",\"@id\":\"https:\/\/huntloc.com\/et\/#website\",\"url\":\"https:\/\/huntloc.com\/et\/\",\"name\":\"Jahi \u00e4pp Huntloc\",\"description\":\"Reaalajas jahi j&auml;lgimise &auml;pp ning jahikoerte j&auml;lgimislahendus\",\"publisher\":{\"@id\":\"https:\/\/huntloc.com\/et\/#organization\"},\"potentialAction\":[{\"@type\":\"SearchAction\",\"target\":{\"@type\":\"EntryPoint\",\"urlTemplate\":\"https:\/\/huntloc.com\/et\/?s={search_term_string}\"},\"query-input\":\"required name=search_term_string\"}],\"inLanguage\":\"de\"},{\"@type\":\"Organization\",\"@id\":\"https:\/\/huntloc.com\/et\/#organization\",\"name\":\"Jahi \u00e4pp Huntloc\",\"url\":\"https:\/\/huntloc.com\/et\/\",\"logo\":{\"@type\":\"ImageObject\",\"inLanguage\":\"de\",\"@id\":\"https:\/\/huntloc.com\/et\/#\/schema\/logo\/image\/\",\"url\":\"https:\/\/huntloc.com\/wp-content\/uploads\/2020\/09\/huntloc_logo_positive.png\",\"contentUrl\":\"https:\/\/huntloc.com\/wp-content\/uploads\/2020\/09\/huntloc_logo_positive.png\",\"width\":1150,\"height\":500,\"caption\":\"Jahi \u00e4pp Huntloc\"},\"image\":{\"@id\":\"https:\/\/huntloc.com\/et\/#\/schema\/logo\/image\/\"},\"sameAs\":[\"https:\/\/www.facebook.com\/huntloc.et\/\",\"https:\/\/x.com\/HuntlocApp\",\"https:\/\/www.instagram.com\/huntloc\/\",\"https:\/\/www.youtube.com\/huntloc\",\"https:\/\/www.linkedin.com\/company\/huntloc\/\"]}]}<\/script>\n<!-- \/ Yoast SEO plugin. -->","yoast_head_json":{"title":"Bewerbung als Huntloc-Botschafter &#8212; Jagd-App Huntloc","robots":{"index":"index","follow":"follow","max-snippet":"max-snippet:-1","max-image-preview":"max-image-preview:large","max-video-preview":"max-video-preview:-1"},"canonical":"https:\/\/huntloc.com\/de\/huntloc-ambassador-application\/","og_locale":"de_DE","og_type":"article","og_title":"Bewerbung als Huntloc-Botschafter &#8212; Jagd-App Huntloc","og_description":"Wir suchen begeisterte J\u00e4ger als unsere Markenbotschafter, die unser Produkt in ihrem Heimatland erfolgreich bewerben k\u00f6nnen. Bitte f\u00fcllen Sie die unten stehenden Informationen aus und senden Sie das Formular ab. Wir werden Anfragen bearbeiten und uns mit Ihnen in Verbindung setzen.","og_url":"https:\/\/huntloc.com\/de\/huntloc-ambassador-application\/","og_site_name":"Jagd-App Huntloc","article_publisher":"https:\/\/www.facebook.com\/huntloc.et\/","article_modified_time":"2023-04-25T11:46:19+00:00","og_image":[{"width":2000,"height":640,"url":"https:\/\/huntloc.com\/wp-content\/uploads\/2020\/09\/DSC_0405-2000x640jpg.jpg","type":"image\/jpeg"}],"twitter_card":"summary_large_image","twitter_site":"@HuntlocApp","twitter_misc":{"Gesch\u00e4tzte Lesezeit":"1\u00a0Minute"},"schema":{"@context":"https:\/\/schema.org","@graph":[{"@type":"WebPage","@id":"https:\/\/huntloc.com\/de\/huntloc-ambassador-application\/","url":"https:\/\/huntloc.com\/de\/huntloc-ambassador-application\/","name":"Bewerbung als Huntloc-Botschafter &#8212; Jagd-App Huntloc","isPartOf":{"@id":"https:\/\/huntloc.com\/et\/#website"},"datePublished":"2023-04-25T11:41:28+00:00","dateModified":"2023-04-25T11:46:19+00:00","breadcrumb":{"@id":"https:\/\/huntloc.com\/de\/huntloc-ambassador-application\/#breadcrumb"},"inLanguage":"de","potentialAction":[{"@type":"ReadAction","target":["https:\/\/huntloc.com\/de\/huntloc-ambassador-application\/"]}]},{"@type":"BreadcrumbList","@id":"https:\/\/huntloc.com\/de\/huntloc-ambassador-application\/#breadcrumb","itemListElement":[{"@type":"ListItem","position":1,"name":"Home","item":"https:\/\/huntloc.com\/de\/"},{"@type":"ListItem","position":2,"name":"Bewerbung als Huntloc-Botschafter"}]},{"@type":"WebSite","@id":"https:\/\/huntloc.com\/et\/#website","url":"https:\/\/huntloc.com\/et\/","name":"Jahi \u00e4pp Huntloc","description":"Reaalajas jahi j&auml;lgimise &auml;pp ning jahikoerte j&auml;lgimislahendus","publisher":{"@id":"https:\/\/huntloc.com\/et\/#organization"},"potentialAction":[{"@type":"SearchAction","target":{"@type":"EntryPoint","urlTemplate":"https:\/\/huntloc.com\/et\/?s={search_term_string}"},"query-input":"required name=search_term_string"}],"inLanguage":"de"},{"@type":"Organization","@id":"https:\/\/huntloc.com\/et\/#organization","name":"Jahi \u00e4pp Huntloc","url":"https:\/\/huntloc.com\/et\/","logo":{"@type":"ImageObject","inLanguage":"de","@id":"https:\/\/huntloc.com\/et\/#\/schema\/logo\/image\/","url":"https:\/\/huntloc.com\/wp-content\/uploads\/2020\/09\/huntloc_logo_positive.png","contentUrl":"https:\/\/huntloc.com\/wp-content\/uploads\/2020\/09\/huntloc_logo_positive.png","width":1150,"height":500,"caption":"Jahi \u00e4pp Huntloc"},"image":{"@id":"https:\/\/huntloc.com\/et\/#\/schema\/logo\/image\/"},"sameAs":["https:\/\/www.facebook.com\/huntloc.et\/","https:\/\/x.com\/HuntlocApp","https:\/\/www.instagram.com\/huntloc\/","https:\/\/www.youtube.com\/huntloc","https:\/\/www.linkedin.com\/company\/huntloc\/"]}]}},"amp_enabled":true,"_links":{"self":[{"href":"https:\/\/huntloc.com\/de\/wp-json\/wp\/v2\/pages\/12271"}],"collection":[{"href":"https:\/\/huntloc.com\/de\/wp-json\/wp\/v2\/pages"}],"about":[{"href":"https:\/\/huntloc.com\/de\/wp-json\/wp\/v2\/types\/page"}],"author":[{"embeddable":true,"href":"https:\/\/huntloc.com\/de\/wp-json\/wp\/v2\/users\/2"}],"replies":[{"embeddable":true,"href":"https:\/\/huntloc.com\/de\/wp-json\/wp\/v2\/comments?post=12271"}],"version-history":[{"count":2,"href":"https:\/\/huntloc.com\/de\/wp-json\/wp\/v2\/pages\/12271\/revisions"}],"predecessor-version":[{"id":12275,"href":"https:\/\/huntloc.com\/de\/wp-json\/wp\/v2\/pages\/12271\/revisions\/12275"}],"wp:attachment":[{"href":"https:\/\/huntloc.com\/de\/wp-json\/wp\/v2\/media?parent=12271"}],"curies":[{"name":"wp","href":"https:\/\/api.w.org\/{rel}","templated":true}]}}